{"id":356056,"date":"2021-05-26T21:37:21","date_gmt":"2021-05-26T19:37:21","guid":{"rendered":"https:\/\/fanshop-stage.hockenheimring.de\/?page_id=356056"},"modified":"2021-05-26T21:37:21","modified_gmt":"2021-05-26T19:37:21","slug":"impressum","status":"publish","type":"page","link":"https:\/\/fanshop.hockenheimring.de\/en\/impressum\/","title":{"rendered":"Impressum"},"content":{"rendered":"<h1>Impressum<\/h1>\n<p>Die Hockenheim-Ring GmbH ist verantwortlicher Anbieter (\u00a7 6 TDG) des Online-Shops und Ihr Vertragspartner bei Bestellungen.<\/p>\n<p>Bitte wenden Sie sich daher auch mit allen Produkt- oder Servicefragen direkt an die Hockenheim-Ring GmbH!<\/p>\n<p><strong>Hockenheim-Ring GmbH<br \/>\nAm Motodrom<br \/>\n68766 Hockenheim<br \/>\nE-Mail: fanshop@hockenheimring.de<\/strong><\/p>\n<p><strong>Telefonische Bestellm\u00f6glichkeit:<\/strong>\u00a006205 \u2013 950 171<\/p>\n<p>Gesellschaftssitz: 68766 Hockenheim<br \/>\nRegistergericht: Mannheim Nr. HRB 422129<br \/>\nGesch\u00e4ftsf\u00fchrer: Herr Jorn Teske, Herr Jochen Nerpel<\/p>\n<p><strong>Bankverbindung:<\/strong><\/p>\n<p><strong>Bank. Sparkasse Heidelberg<br \/>\nBLZ: 67250020<br \/>\nKontonummer: 6074251<\/strong><\/p>\n<p><strong>IBAN: DE59672500200006074251<br \/>\nSwift-Bic: SOLADES1HDB<\/strong><\/p>\n<p><strong>Zentrale :<\/strong><br \/>\nTelefon: 06205-950 0 (Keine Bestellannahme, keine Bestellauskunft, nur Verwaltung)<br \/>\nFax: 06205-950 199<\/p>\n<h4>Informationen zur Online-Streitbeilegung<\/h4>\n<p>Die EU-Kommission hat eine Internetplattform zur Online-Beilegung von Streitigkeiten (sog. \u201eOS-Plattform\u201c) geschaffen. Die OS-Plattform dient als Anlaufstelle zur au\u00dfergerichtlichen Beilegung von Streitigkeiten betreffend vertragliche Verpflichtungen, die aus Online-Kaufvertr\u00e4gen erwachsen. Sie k\u00f6nnen die OS-Plattform unter dem folgenden Link erreichen:\u00a0<a href=\"http:\/\/ec.europa.eu\/consumers\/odr\/\" target=\"_blank\" rel=\"noopener noreferrer\">http:\/\/ec.europa.eu\/consumers\/odr\/<\/a><\/p>\n<h4>Hinweis gem\u00e4\u00df \u00a7 36 Verbraucherstreitbeilegungsgesetz (VSBG)<\/h4>\n<p>Der Verk\u00e4ufer\/Auftragnehmer wird nicht an einem Streitbeilegungsverfahren vor einer Verbraucherschlichtungsstelle im Sinne des VSBG teilnehmen und ist hierzu auch nicht verpflichtet.<\/p>\n","protected":false},"excerpt":{"rendered":"<p>Impressum Die Hockenheim-Ring GmbH ist verantwortlicher Anbieter (\u00a7 6 TDG) des Online-Shops und Ihr Vertragspartner bei Bestellungen. Bitte wenden Sie sich daher auch mit allen Produkt- oder Servicefragen direkt an die Hockenheim-Ring GmbH! Hockenheim-Ring GmbH Am Motodrom 68766 Hockenheim E-Mail: fanshop@hockenheimring.de Telefonische Bestellm\u00f6glichkeit:\u00a006205 \u2013 950 171 Gesellschaftssitz: 68766 Hockenheim Registergericht: Mannheim Nr. HRB 422129 Gesch\u00e4ftsf\u00fchrer: [&hellip;]<\/p>\n","protected":false},"author":1,"featured_media":0,"parent":0,"menu_order":0,"comment_status":"closed","ping_status":"closed","template":"template-page.php","meta":{"_acf_changed":false,"footnotes":""},"class_list":["post-356056","page","type-page","status-publish","hentry"],"acf":[],"_links":{"self":[{"href":"https:\/\/fanshop.hockenheimring.de\/en\/wp-json\/wp\/v2\/pages\/356056","targetHints":{"allow":["GET"]}}],"collection":[{"href":"https:\/\/fanshop.hockenheimring.de\/en\/wp-json\/wp\/v2\/pages"}],"about":[{"href":"https:\/\/fanshop.hockenheimring.de\/en\/wp-json\/wp\/v2\/types\/page"}],"author":[{"embeddable":true,"href":"https:\/\/fanshop.hockenheimring.de\/en\/wp-json\/wp\/v2\/users\/1"}],"replies":[{"embeddable":true,"href":"https:\/\/fanshop.hockenheimring.de\/en\/wp-json\/wp\/v2\/comments?post=356056"}],"version-history":[{"count":1,"href":"https:\/\/fanshop.hockenheimring.de\/en\/wp-json\/wp\/v2\/pages\/356056\/revisions"}],"predecessor-version":[{"id":356057,"href":"https:\/\/fanshop.hockenheimring.de\/en\/wp-json\/wp\/v2\/pages\/356056\/revisions\/356057"}],"wp:attachment":[{"href":"https:\/\/fanshop.hockenheimring.de\/en\/wp-json\/wp\/v2\/media?parent=356056"}],"curies":[{"name":"wp","href":"https:\/\/api.w.org\/{rel}","templated":true}]}}