{"id":356058,"date":"2021-05-26T21:37:29","date_gmt":"2021-05-26T19:37:29","guid":{"rendered":"https:\/\/fanshop-stage.hockenheimring.de\/?page_id=356058"},"modified":"2021-05-26T21:37:29","modified_gmt":"2021-05-26T19:37:29","slug":"widerrufsrecht","status":"publish","type":"page","link":"https:\/\/fanshop.hockenheimring.de\/en\/widerrufsrecht\/","title":{"rendered":"Widerrufsrecht"},"content":{"rendered":"<h1>Wiederrufsrecht<\/h1>\n<p>(1) Sollte die von uns gelieferte Ware mangelhaft sein, k\u00f6nnen Sie im Rahmen der gesetzlichen Vorschriften nach Ihrer Wahl Beseitigung des Mangels oder Lieferung mangelfreier Ware verlangen (Nacherf\u00fcllung). Sollte die Nacherf\u00fcllung fehlschlagen, k\u00f6nnen Sie den Kaufpreis mindern oder \u2013 bei einem erheblichen Mangel \u2013 vom Vertrag zur\u00fccktreten.<\/p>\n<p>(2) Offensichtliche M\u00e4ngel sind innerhalb von zwei Wochen nach dem Tag, der dem Liefertag folgt, unter genauer Beschreibung schriftlich oder per E-Mail anzuzeigen. Ma\u00dfgeblich ist der Zeitpunkt der Absendung der M\u00e4ngelr\u00fcge. Eine sp\u00e4tere Geltendmachung ist ausgeschlossen. Soweit an dem Vertrag nur Kaufleute beteiligt sind, gelten erg\u00e4nzend die \u00a7\u00a7 377 ff. HGB.<\/p>\n<p>(3) Wir haften nicht f\u00fcr Sch\u00e4den, die nicht an der Ware selbst entstanden sind und auch nicht f\u00fcr sonstige Verm\u00f6genssch\u00e4den. Diese Haftungsbeschr\u00e4nkung gilt nicht:<\/p>\n<p>a) bei Vorsatz oder grober Fahrl\u00e4ssigkeit von uns oder unseren Erf\u00fcllungsgehilfen,<br \/>\nb) bei Personensch\u00e4den,<br \/>\nc) bei Sch\u00e4den, die durch das Fehlen einer Beschaffenheit entstanden sind, die wir garantiert haben,<br \/>\nd) bei Anspr\u00fcchen aus dem Produkthaftungsgesetz.<\/p>\n<p>(4) Vorsorglich wird darauf hingewiesen, dass Textilien aus 100% Baumwolle bestehen. Textilien sind generell, unabh\u00e4ngig von ihrer individuellen Auszeichnung bei max. 30 Grad Celsius und auf Links zu Waschen und nicht im Trockner zu trocknen.<\/p>\n<p>(5) Paketversandf\u00e4hige Ware ist uns zur\u00fcckzusenden. Wir tragen die Gefahr der R\u00fccksendung und grunds\u00e4tzlich auch deren Kosten. Hierzu erhalten Sie von uns auf Anfrage einen kostenlosen R\u00fccksendeschein. Zus\u00e4tzliche R\u00fccksendekosten, die durch die Wahl einer anderen Versandart entstehen, tragen wir nicht. Umgehend nach Eingang der Ware bei uns erstatten wir Ihnen den Kaufpreis.<\/p>\n<p>(6) F\u00fcr Verschlechterungen der Ware verlangen wir Wertersatz. Um eine Wertersatzpflicht zu vermeiden, empfehlen wir, dass Sie innerhalb der Widerrufsfrist die Ware nicht wie ihr Eigentum in Gebrauch nehmen und alles unterlassen, was deren Wert beeintr\u00e4chtigt. Wertersatz brauchen Sie dann nicht zu leisten, wenn die Verschlechterung der Ware ausschlie\u00dflich auf deren Pr\u00fcfung zur\u00fcckzuf\u00fchren ist, wie sie Ihnen in einem Ladengesch\u00e4ft m\u00f6glich gewesen w\u00e4re.<\/p>\n<p>(7) Das Widerrufsrecht gem\u00e4\u00df vorstehend Ziff. 1. gilt nicht f\u00fcr die Bestellung solcher Ware, die nach Ihren Spezifikationen angefertigt wird oder die eindeutig auf Ihre pers\u00f6nlichen Bed\u00fcrfnisse zugeschnitten ist (Sonderanfertigung).<\/p>\n","protected":false},"excerpt":{"rendered":"<p>Wiederrufsrecht (1) Sollte die von uns gelieferte Ware mangelhaft sein, k\u00f6nnen Sie im Rahmen der gesetzlichen Vorschriften nach Ihrer Wahl Beseitigung des Mangels oder Lieferung mangelfreier Ware verlangen (Nacherf\u00fcllung). Sollte die Nacherf\u00fcllung fehlschlagen, k\u00f6nnen Sie den Kaufpreis mindern oder \u2013 bei einem erheblichen Mangel \u2013 vom Vertrag zur\u00fccktreten. (2) Offensichtliche M\u00e4ngel sind innerhalb von zwei [&hellip;]<\/p>\n","protected":false},"author":1,"featured_media":0,"parent":0,"menu_order":0,"comment_status":"closed","ping_status":"closed","template":"template-page.php","meta":{"_acf_changed":false,"footnotes":""},"class_list":["post-356058","page","type-page","status-publish","hentry"],"acf":[],"_links":{"self":[{"href":"https:\/\/fanshop.hockenheimring.de\/en\/wp-json\/wp\/v2\/pages\/356058","targetHints":{"allow":["GET"]}}],"collection":[{"href":"https:\/\/fanshop.hockenheimring.de\/en\/wp-json\/wp\/v2\/pages"}],"about":[{"href":"https:\/\/fanshop.hockenheimring.de\/en\/wp-json\/wp\/v2\/types\/page"}],"author":[{"embeddable":true,"href":"https:\/\/fanshop.hockenheimring.de\/en\/wp-json\/wp\/v2\/users\/1"}],"replies":[{"embeddable":true,"href":"https:\/\/fanshop.hockenheimring.de\/en\/wp-json\/wp\/v2\/comments?post=356058"}],"version-history":[{"count":1,"href":"https:\/\/fanshop.hockenheimring.de\/en\/wp-json\/wp\/v2\/pages\/356058\/revisions"}],"predecessor-version":[{"id":356059,"href":"https:\/\/fanshop.hockenheimring.de\/en\/wp-json\/wp\/v2\/pages\/356058\/revisions\/356059"}],"wp:attachment":[{"href":"https:\/\/fanshop.hockenheimring.de\/en\/wp-json\/wp\/v2\/media?parent=356058"}],"curies":[{"name":"wp","href":"https:\/\/api.w.org\/{rel}","templated":true}]}}