{"id":356066,"date":"2021-05-26T21:38:23","date_gmt":"2021-05-26T19:38:23","guid":{"rendered":"https:\/\/fanshop-stage.hockenheimring.de\/?page_id=356066"},"modified":"2021-05-26T21:38:23","modified_gmt":"2021-05-26T19:38:23","slug":"agb","status":"publish","type":"page","link":"https:\/\/fanshop.hockenheimring.de\/en\/agb\/","title":{"rendered":"AGB"},"content":{"rendered":"<h1>Allgemeine Gesch\u00e4ftsbedingungen<\/h1>\n<h2>\u00a71 Geltungsbereich<\/h2>\n<ol>\n<li>Wir f\u00fchren Ihre Bestellung nach den zum Zeitpunkt der Bestellung jeweils g\u00fcltigen AGB aus. Die AGB in ihrer aktuellen Fassung stehen auf jeder Seite unserer Internetpr\u00e4senz www.hockenheimring.de \/fanshop als Link zur Einsicht bereit.<\/li>\n<li>Entgegenstehende AGB werden nicht Vertragsbestandteil.<\/li>\n<\/ol>\n<h2>\u00a72 Vertragsschluss\/R\u00fccktritt<\/h2>\n<ol>\n<li>Die Darstellung der Produkte im Online-Shop stellt kein rechtlich bindendes Angebot, sondern einen unverbindlichen Online-Katalog dar. Nach Eingabe Ihrer pers\u00f6nlichen Daten und durch Anklicken des Buttons &#8220;Zahlungspflichtig Bestellen&#8221; im abschlie\u00dfenden Schritt des Bestellprozesses geben Sie eine verbindliche Bestellung der im Warenkorb enthaltenen Waren ab. Die Best\u00e4tigung des Eingangs der Bestellung folgt unmittelbar nach dem Absenden der Bestellung. Der Vertrag kommt dadurch zustande, dass wir Ihre Bestellung durch unsere Auftragsbest\u00e4tigung annehmen; die Auftragsbest\u00e4tigung versenden wir per E-Mail. Wenn Sie uns bei Ihrer Bestellung keine g\u00fcltige E-Mail-Adresse angegeben haben, kommt der Vertrag durch Annahme dadurch zustande, dass wir ihre Bestellung zur Post aufgeben. Sollten Sie binnen 2 Wochen keine Auftragsbest\u00e4tigung oder Lieferung von uns erhalten, sind Sie nicht mehr an Ihre Bestellung gebunden.<\/li>\n<li>Wir behalten uns vor, auch nach Vertragsschluss eine Bonit\u00e4tspr\u00fcfung durchzuf\u00fchren und bei negativem Ergebnis vom Vertrag zur\u00fcckzutreten. Den R\u00fccktritt behalten wir uns auch f\u00fcr den Fall vor, dass die Ware f\u00fcr einen Zeitraum von mindestens vier Wochen nicht verf\u00fcgbar ist oder Datenfehler vorliegen, aufgrund derer wir Ihre Bestellung nicht ausf\u00fchren k\u00f6nnen.<\/li>\n<\/ol>\n<h2>\u00a73 Widerrufsrecht<\/h2>\n<ol>\n<li>Wenn Sie ein privater Endkunde (Verbraucher im Sinne des \u00a7 13 BGB) sind, k\u00f6nnen Sie Ihre Bestellung innerhalb von 4Wochen widerrufen. Diese Frist beginnt an dem Tag zu laufen, der dem Tag der Lieferung der Ware an Sie folgt. Zudem m\u00fcssen Sie vor Vertragsabschluss in Textform \u00fcber Ihr Widerrufsrecht informiert worden sein. Zur Fristwahrung gen\u00fcgt die rechtzeitige Absendung. Der Widerruf muss keine Begr\u00fcndung enthalten. Er kann in Textform (Brief, Fax oder E-Mail) oder durch R\u00fccksendung der Ware erkl\u00e4rt werden, und ist zu richten an:<br \/>\nHockenheim-Ring GmbH<br \/>\nAm Motodrom<br \/>\n68766 Hockenheim<br \/>\nFax:\u00a0+49 (0) 6205 \u2013 950 28171<br \/>\nE-Mail:\u00a0fanshop@hockenheimring.de<\/li>\n<li>Paketversandf\u00e4hige Ware ist uns zur\u00fcckzusenden. Wir tragen die Gefahr der R\u00fccksendung und grunds\u00e4tzlich auch deren Kosten. Um einen kostenlosen R\u00fccksendeschein zu erhalten, kontaktieren Sie uns unter: fanshop@hockenheimring.de. Zus\u00e4tzliche R\u00fccksendekosten, die durch die Wahl einer anderen Versandart entstehen, tragen wir nicht. Umgehend nach Eingang der Ware bei uns erstatten wir Ihnen den Kaufpreis.<\/li>\n<li>F\u00fcr Verschlechterungen der Ware verlangen wir Wertersatz. Um eine Wertersatzpflicht zu vermeiden, empfehlen wir, dass Sie innerhalb der Widerrufsfrist die Ware nicht wie ihr Eigentum in Gebrauch nehmen und alles unterlassen, was deren Wert beeintr\u00e4chtigt. Wertersatz brauchen Sie dann nicht zu leisten, wenn die Verschlechterung der Ware ausschlie\u00dflich auf deren Pr\u00fcfung zur\u00fcckzuf\u00fchren ist, wie sie Ihnen in einem Ladengesch\u00e4ft m\u00f6glich gewesen w\u00e4re.<\/li>\n<li>Das Widerrufsrecht gem\u00e4\u00df vorstehend Ziff. 1. gilt nicht f\u00fcr die Bestellung solcher Ware, die nach Ihren Spezifikationen angefertigt wird oder die eindeutig auf Ihre pers\u00f6nlichen Bed\u00fcrfnisse zugeschnitten ist (Sonderanfertigung).<\/li>\n<\/ol>\n<h2>\u00a74 Lieferung, Versandkosten und Z\u00f6lle<\/h2>\n<ol>\n<li>Wir sind zu Teillieferungen berechtigt, falls ein Teil der bestellten Ware vor\u00fcbergehend nicht lieferbar ist. Zus\u00e4tzliche Versandkosten tr\u00e4gt in jedem Fall die Hockenheim-Ring GmbH.<\/li>\n<li>Innerhalb Deutschlands liefern wir in der Regel in 4 bis 5 Werktagen nach Eingang der Bestellung. Sollten wir die bestellte Ware \u2013 etwa aufgrund gro\u00dfer Nachfrage \u2013 nicht auf Lager haben, werden wir Sie \u00fcber eine hierdurch bedingte Verz\u00f6gerung umgehend unterrichten.<\/li>\n<li>Bei Warenlieferung au\u00dferhalb der Europ\u00e4ischen Union und der Schweiz k\u00f6nnen Einfuhrabgaben (Z\u00f6lle) anfallen; diese sind von Ihnen zu tragen.<\/li>\n<li>Versandbedingungen:<br \/>\nDer Versand erfolgt ausschlie\u00dflich nach Zahlung per Vorauskasse. Wir versenden nicht auf Rechnung. Die zus\u00e4tzlich entstehenden Versandkosten entnehmen sie bitte dem Abschnitt Versandkosten (Ziffer 5.) Der vollst\u00e4ndige Betrag (Rechnungssumme plus Portokosten) muss vorab auf das Konto Hockenheim-Ring GmbH, bei der Sparkasse Heidelberg \u00fcberwiesen werden.<br \/>\nEine Auslieferung erfolgt erst nach ZahlungseingangBankverbindung:<\/p>\n<p>Bank:\u00a0Sparkasse Heidelberg<br \/>\nBLZ:\u00a067250020<br \/>\nKontonummer:\u00a06074251<br \/>\nIBAN:\u00a0DE59672500200006074251<br \/>\nSwift-Bic:\u00a0SOLADES1HDB<\/p>\n<p>Eine Auslieferung erfolgt erst nach Zahlungseingang. Verwenden Sie bei \u00dcberweisungen aus dem europ\u00e4ischen Ausland (Europ\u00e4ische Union) bitte das entsprechende Europ\u00e4ische \u00dcberweisungsformular unter Angabe der folgenden Daten:<\/p>\n<p>IBAN:\u00a0DE59672500200006074251<br \/>\nSwift-Bic:\u00a0SOLADES1HDB<\/p>\n<p>Sie sparen so eventuell anfallende Geb\u00fchren f\u00fcr Auslands\u00fcberweisungen. Bei Nachnahmesendungen werden zus\u00e4tzlich 4,90 \u20ac berechnet. Nachnahmen ins Ausland sind nicht m\u00f6glich. Wir bitten bei der Bestellung um die Angabe von Ersatzartikeln, weil es in Ausnahmef\u00e4llen vorkommen kann, dass ein bestelltes Produkt nicht mehr in ausreichender Anzahl auf Lager ist. In diesem Fall k\u00f6nnen folgende Sonderkonditionen nicht gew\u00e4hrt werden. Ab 100 \u20ac Lieferwert entfallen im Inland die Portokosten.<\/li>\n<li>Versandkosten: Die jeweils aktuellen Versandkosten richten sich nach den aktuellen Bestimmungen und Preisen der Deutschen Post (DHL).<\/li>\n<\/ol>\n<h2>\u00a75 Zahlungsbedingungen und Preise<\/h2>\n<ol>\n<li>Die Lieferung ist bei Rechnungseingang sofort und ohne Abzug zu bezahlen. Zahlungen akzeptieren wir entweder per Vorkasse, PayPal oder Kreditkarte. Wenn Ihr Wohnsitz au\u00dferhalb Deutschlands liegt, ist die Zahlung ausschlie\u00dflich per Kreditkarte m\u00f6glich. Barzahlungen und Schecks werden nicht akzeptiert.<\/li>\n<li>Aufrechnung und Zur\u00fcckbehaltungsrechte sind ausgeschlossen, es sei denn Ihre Gegenforderung ist unstreitig oder rechtskr\u00e4ftig festgestellt.<\/li>\n<li>Es gelten die im Internet auf der jeweiligen Shop Site angegebenen Preise zum Zeitpunkt der Bestellung. S\u00e4mtliche Angaben auf Preislisten, Bestellflyern oder in den Katalogen der &#8221; Hockenheim-Ring GmbH &#8221; au\u00dferhalb des Internet sind bzgl. Preis, Menge, Lieferfrist, Lieferm\u00f6glichkeit stets freibleibend.<\/li>\n<li>Alle Preise beinhalten alle Steuern und sonstigen zum Zeitpunkt der Bestellung angegebenen Preisbestandteile.<\/li>\n<li>Zus\u00e4tzlich fallen die Liefer- und Versandkosten an.<\/li>\n<\/ol>\n<h2>\u00a76 Eigentumsvorbehalt<\/h2>\n<ol>\n<li>S\u00e4mtliche gelieferte Ware bleibt bis zur vollst\u00e4ndigen Bezahlung unser Eigentum.<\/li>\n<\/ol>\n<h2>\u00a77 M\u00e4ngelanspr\u00fcche (Gew\u00e4hrleistung)<\/h2>\n<ol>\n<li>Sollte die von uns gelieferte Ware mangelhaft sein, k\u00f6nnen Sie im Rahmen der gesetzlichen Vorschriften nach Ihrer Wahl Beseitigung des Mangels oder Lieferung mangelfreier Ware verlangen (Nacherf\u00fcllung). Sollte die Nacherf\u00fcllung fehlschlagen, k\u00f6nnen Sie den Kaufpreis mindern oder \u2013 bei einem erheblichen Mangel \u2013 vom Vertrag zur\u00fccktreten.<\/li>\n<li>Offensichtliche M\u00e4ngel sind innerhalb von zwei Wochen nach dem Tag, der dem Liefertag folgt, unter genauer Beschreibung schriftlich oder per E-Mail anzuzeigen. Ma\u00dfgeblich ist der Zeitpunkt der Absendung der M\u00e4ngelr\u00fcge. Eine sp\u00e4tere Geltendmachung ist ausgeschlossen. Soweit an dem Vertrag nur Kaufleute beteiligt sind, gelten erg\u00e4nzend die \u00a7\u00a7 377 ff. HGB.<\/li>\n<li>Wir haften nicht f\u00fcr Sch\u00e4den, die nicht an der Ware selbst entstanden sind und auch nicht f\u00fcr sonstige Verm\u00f6genssch\u00e4den. Diese Haftungsbeschr\u00e4nkung gilt nicht:a) bei Vorsatz oder grober Fahrl\u00e4ssigkeit von uns oder unseren Erf\u00fcllungsgehilfen,<br \/>\nb) bei Personensch\u00e4den,<br \/>\nc) bei Sch\u00e4den, die durch das Fehlen einer Beschaffenheit entstanden sind, die wir garantiert haben,<br \/>\nd) bei Anspr\u00fcchen aus dem Produkthaftungsgesetz.<\/li>\n<li>Vorsorglich wird darauf hingewiesen, dass Textilien aus 100% Baumwolle bestehen. Textilien sind generell, unabh\u00e4ngig von ihrer individuellen Auszeichnung bei max. 30 Grad Celsius und auf Links zu Waschen und nicht im Trockner zu trocknen.<\/li>\n<\/ol>\n<h2>\u00a78 Datenschutz<\/h2>\n<p>S\u00e4mtliche vom Kunden \u00fcbermittelten personenbezogenen Daten werden von der Hockenheim-Ring GmbH unter Einhaltung der auf den Vertrag anwendbaren Datenschutzbestimmungen be- und verarbeitet. Die Daten, insbesondere Name, Adresse, Telefonnummer, E-Mail-Adresse, Bankdaten etc. werden gem\u00e4\u00df Art. 6 Abs. 1 lit. B DS-GVO von der Hockenheim-Ring GmbH in dem f\u00fcr die Begr\u00fcndung, Ausgestaltung oder Ab\u00e4nderung des Vertragsverh\u00e4ltnisses jeweils erforderlichen Umfang im automatisierten Verfahren erhoben, verarbeitet und genutzt.<\/p>\n<p>Wir geben Ihre personenbezogenen Daten innerhalb unseres Unternehmens an die Bereiche weiter, die diese Daten zur Erf\u00fcllung der vertraglichen und gesetzlichen Pflichten bzw. zu der Umsetzung unseres berechtigten Interesses ben\u00f6tigen. Weitergehend \u00fcbermitteln wir Ihre Daten ggf. an von uns beauftragte Auftragsverarbeiter im Rahmen eines Auftragsverarbeitungsvertrags gem\u00e4\u00df Art. 28 DS-GVO. Ferner ist die Hockenheim-Ring GmbH ggf. berechtigt, die Daten an von ihr mit der Durchf\u00fchrung des Kaufvertrags beauftrage Dritte zu \u00fcbermitteln, soweit dies notwendig ist, damit der geschlossene Vertrag erf\u00fcllt werden kann. Eine \u00dcbermittlung Ihrer Daten in Drittstaaten au\u00dferhalb der EU findet nicht statt und ist nicht geplant.<\/p>\n<p>Ihre personenbezogenen Daten werden nur so lange verarbeitet, wie sie zur Erf\u00fcllung unseres Vertrages oder geltender Rechtsvorschiften sowie zur Kundenbetreuung erforderlich ist.<\/p>\n<p>Weitere Informationen zur Datenverarbeitung und Ihren Rechten entnehmen Sie unserer Datenschutzerkl\u00e4rung unter www.hockenheimring.de\/datenschutz, oder wenden Sie sich an unsere Datenschutzkoordination unter <a href=\"mailto:datenschutz@hockenheimring.de\">datenschutz@hockenheimring.de<\/a><\/p>\n<h2>\u00a79 Rechtswahl und Gerichtsstand<\/h2>\n<ol>\n<li>Es gilt deutsches Recht unter Ausschluss des UN-Kaufrechts.<\/li>\n<li>Gerichtsstand im Gesch\u00e4ftsverkehr mit Unternehmern ist Mannheim.<\/li>\n<\/ol>\n<h2>\u00a710 Salvatorische Klausel, Schriftform<\/h2>\n<ol>\n<li>Sollten einzelne Bestimmungen dieser AGB ganz oder teilweise unwirksam oder nichtig sein oder werden, so wird dadurch die Wirksamkeit der AGB im \u00dcbrigen nicht ber\u00fchrt. Anstelle der unwirksamen oder nichtigen Bestimmungen treten die gesetzlichen Vorschriften.<\/li>\n<li>\u00c4nderungen oder Erg\u00e4nzungen dieser AGB bed\u00fcrfen der Schriftform.<\/li>\n<li>Diese Allgemeinen Gesch\u00e4ftsbedingungen liegen in deutscher und englischer Sprache vor. Im Falle von Abweichungen ist die deutsche Version ma\u00dfgeblich.<\/li>\n<\/ol>\n<h2>Hinweis gem\u00e4\u00df \u00a7 36 Verbraucherstreitbeilegungsgesetz (VSBG)<\/h2>\n<p>Der Verk\u00e4ufer\/Auftragnehmer wird nicht an einem Streitbeilegungsverfahren vor einer Verbraucherschlichtungsstelle im Sinne des VSBG teilnehmen und ist hierzu auch nicht verpflichtet.<\/p>\n<p>Stand: Januar 2020<\/p>\n","protected":false},"excerpt":{"rendered":"<p>Allgemeine Gesch\u00e4ftsbedingungen \u00a71 Geltungsbereich Wir f\u00fchren Ihre Bestellung nach den zum Zeitpunkt der Bestellung jeweils g\u00fcltigen AGB aus. Die AGB in ihrer aktuellen Fassung stehen auf jeder Seite unserer Internetpr\u00e4senz www.hockenheimring.de \/fanshop als Link zur Einsicht bereit. Entgegenstehende AGB werden nicht Vertragsbestandteil. \u00a72 Vertragsschluss\/R\u00fccktritt Die Darstellung der Produkte im Online-Shop stellt kein rechtlich bindendes Angebot, [&hellip;]<\/p>\n","protected":false},"author":1,"featured_media":0,"parent":0,"menu_order":0,"comment_status":"closed","ping_status":"closed","template":"template-page.php","meta":{"_acf_changed":false,"footnotes":""},"class_list":["post-356066","page","type-page","status-publish","hentry"],"acf":[],"_links":{"self":[{"href":"https:\/\/fanshop.hockenheimring.de\/en\/wp-json\/wp\/v2\/pages\/356066","targetHints":{"allow":["GET"]}}],"collection":[{"href":"https:\/\/fanshop.hockenheimring.de\/en\/wp-json\/wp\/v2\/pages"}],"about":[{"href":"https:\/\/fanshop.hockenheimring.de\/en\/wp-json\/wp\/v2\/types\/page"}],"author":[{"embeddable":true,"href":"https:\/\/fanshop.hockenheimring.de\/en\/wp-json\/wp\/v2\/users\/1"}],"replies":[{"embeddable":true,"href":"https:\/\/fanshop.hockenheimring.de\/en\/wp-json\/wp\/v2\/comments?post=356066"}],"version-history":[{"count":1,"href":"https:\/\/fanshop.hockenheimring.de\/en\/wp-json\/wp\/v2\/pages\/356066\/revisions"}],"predecessor-version":[{"id":356067,"href":"https:\/\/fanshop.hockenheimring.de\/en\/wp-json\/wp\/v2\/pages\/356066\/revisions\/356067"}],"wp:attachment":[{"href":"https:\/\/fanshop.hockenheimring.de\/en\/wp-json\/wp\/v2\/media?parent=356066"}],"curies":[{"name":"wp","href":"https:\/\/api.w.org\/{rel}","templated":true}]}}