{"id":970284,"date":"2025-10-06T21:54:39","date_gmt":"2025-10-06T19:54:39","guid":{"rendered":"https:\/\/fanshop.hockenheimring.de\/?page_id=970284"},"modified":"2025-10-06T21:57:24","modified_gmt":"2025-10-06T19:57:24","slug":"declaration-on-accessibility","status":"publish","type":"page","link":"https:\/\/fanshop.hockenheimring.de\/en\/declaration-on-accessibility\/","title":{"rendered":"Declaration on accessibility"},"content":{"rendered":"<h2><b><span data-contrast=\"auto\">Declaration on accessibility for the Fanshop Hockenheimring website<\/span><\/b><span data-ccp-props=\"{}\">\u00a0<\/span><\/h2>\n<h3><b><span data-contrast=\"auto\">Prerequisites<\/span><\/b><span data-ccp-props=\"{}\">\u00a0<\/span><\/h3>\n<p><span data-contrast=\"auto\">This accessibility statement applies to the Hockenheim-Ring GmbH website published at https:\/\/fanshop.hockenheimring.de\/.<\/span><span data-ccp-props=\"{}\">\u00a0<\/span><\/p>\n<p><span data-contrast=\"auto\">As the website operator, we (Hockenheim-Ring GmbH) endeavour to design our website in accordance with the relevant accessibility regulations. The following legal provisions apply to us:<\/span><span data-ccp-props=\"{}\">\u00a0<\/span><\/p>\n<p><span data-contrast=\"auto\">State Equality for Persons with Disabilities Act (State Disability Equality Act &#8211; L-BGG) and L-BGG Implementation Ordinance<\/span><span data-ccp-props=\"{}\">\u00a0<\/span><\/p>\n<h3><b><span data-contrast=\"auto\">Feedback and contact details<\/span><\/b><span data-ccp-props=\"{}\">\u00a0<\/span><\/h3>\n<p><span data-contrast=\"auto\">If you would like to give us feedback on the accessibility of the Hockenheimring Fanshop website or have any questions, please contact us at:<\/span><span data-ccp-props=\"{}\">\u00a0<\/span><\/p>\n<p><span data-contrast=\"auto\">Hockenheim-Ring GmbH<\/span><span data-ccp-props=\"{}\"><br \/>\n<\/span><span data-contrast=\"auto\">Am Motodrom 1<\/span><span data-ccp-props=\"{}\"><br \/>\n<\/span><span data-contrast=\"auto\">68766 Hockenheim<\/span><span data-ccp-props=\"{}\">\u00a0<\/span><\/p>\n<p><span data-contrast=\"auto\">Phone: +49 (0) 6205 950-0<\/span><span data-ccp-props=\"{}\"><br \/>\n<\/span><span data-contrast=\"auto\">Fax: +49 (0) 6205 950-299<\/span><span data-ccp-props=\"{}\"><br \/>\n<\/span><span data-contrast=\"auto\">E-mail: info@hockenheimring.de<\/span><span data-ccp-props=\"{}\">\u00a0<\/span><\/p>\n<p><strong>Status of compatibility with the requirements\u00a0<\/strong><\/p>\n<p><span data-contrast=\"auto\">The accessibility requirements are set out in the Ordinance of the Accessibility Improvement Act (BFSGV).<\/span><span data-ccp-props=\"{}\">\u00a0<\/span><\/p>\n<p><span data-contrast=\"auto\">The Hockenheimring Fanshop website has the status: partially compliant compared to the compliance level shown by WCAG 2.1 Level A, AA.<\/span><span data-ccp-props=\"{}\">\u00a0<\/span><\/p>\n<h3><b><span data-contrast=\"auto\">Incompatibility with accessibility legislation<\/span><\/b><span data-ccp-props=\"{}\">\u00a0<\/span><\/h3>\n<p><span data-contrast=\"auto\">Our website is compliant with the Web Content Accessibility Guidelines (WCAG-2.1), conformance levels A and AA, with some exceptions. The content listed below is not fully accessible:<\/span><span data-ccp-props=\"{}\">\u00a0<\/span><\/p>\n<hr \/>\n<p><span data-contrast=\"auto\">Missing image captions (alt texts): Several images on the website are embedded without alternative texts, which makes it difficult for blind users to understand the content. WCAG 1.1.1\u00a0<\/span><span data-ccp-props=\"{}\">\u00a0<\/span><\/p>\n<hr \/>\n<p><span data-contrast=\"auto\">Insufficient colour contrast: Individual text areas have too little contrast against the background, which impairs readability, especially for visually impaired users. WCAG 1.4.3\u00a0<\/span><span data-ccp-props=\"{}\">\u00a0<\/span><\/p>\n<hr \/>\n<p><span data-contrast=\"auto\">Non-visible keyboard focus WCAG 2.4.7\u00a0<\/span><span data-ccp-props=\"{}\">\u00a0<\/span><\/p>\n<hr \/>\n<p><span data-contrast=\"auto\">Insufficient support for assistive technologies: Screen reader does not read content correctly. WCAG 1.3.2 \/ 4.1.2\u00a0\u00a0<\/span><span data-ccp-props=\"{}\">\u00a0<\/span><\/p>\n<hr \/>\n<p><span data-contrast=\"auto\">Missing form labelling | WCAG 3.3.2\u00a0\u00a0<\/span><span data-ccp-props=\"{}\">\u00a0<\/span><\/p>\n<hr \/>\n<p><span data-contrast=\"auto\">Missing page title WCAG 2.4.2\u00a0<\/span><span data-ccp-props=\"{}\">\u00a0<\/span><\/p>\n<hr \/>\n<p><span data-contrast=\"auto\">Links without text or descriptive labelling | WCAG 2.4.4 \/ 2.5.3\u00a0<\/span><span data-ccp-props=\"{}\">\u00a0<\/span><\/p>\n<hr \/>\n<p><span data-contrast=\"auto\">Zoom function disabled by viewport meta WCAG 1.4.4\u00a0<\/span><span data-ccp-props=\"{}\">\u00a0<\/span><\/p>\n<hr \/>\n<p><span data-contrast=\"auto\">We are constantly endeavouring to improve the accessibility of our website. Unfortunately, due to the size of the website, we have not yet been able to make all content and services digitally accessible. We strive to promptly remove all identified obstacles for people with disabilities.<\/span><span data-ccp-props=\"{}\">\u00a0<\/span><\/p>\n<h3><b><span data-contrast=\"auto\">Enforcement proceedings<\/span><\/b><span data-ccp-props=\"{}\">\u00a0<\/span><\/h3>\n<p><span data-contrast=\"auto\">If you believe that you have been disadvantaged by the inadequate accessibility of our website, you can contact the relevant enforcement body. You can reach it at:<\/span><span data-ccp-props=\"{}\">\u00a0<\/span><\/p>\n<p><span data-contrast=\"auto\">Ministerium f\u00fcr Soziales und Integration Baden-W\u00fcrttemberg (Ministry for Social Affairs and Integration Baden-W\u00fcrttemberg)<\/span><span data-ccp-props=\"{}\">\u00a0<\/span><\/p>\n<p><span data-contrast=\"auto\">Else-Josenhans-Stra\u00dfe 6<\/span><span data-ccp-props=\"{}\"><br \/>\n<\/span><span data-contrast=\"auto\">70173 Stuttgart<\/span><span data-ccp-props=\"{}\">\u00a0<\/span><\/p>\n<p><span data-contrast=\"auto\">Telephone: +49 (0)711 279-3360<\/span><span data-ccp-props=\"{}\"><br \/>\n<\/span><span data-contrast=\"auto\">E-mail: poststelle@bfbmb.bwl.de<\/span><span data-ccp-props=\"{}\">\u00a0<\/span><\/p>\n<p><strong>Preparation of this accessibility declaration\u00a0<\/strong><\/p>\n<p><span data-contrast=\"auto\">This declaration was created on 10\/09\/2025.<\/span><span data-ccp-props=\"{}\"><br \/>\n<\/span><span data-contrast=\"auto\">The declaration was last reviewed on 10\/09\/2025.<\/span><span data-ccp-props=\"{}\">\u00a0<\/span><\/p>\n<p><span data-contrast=\"auto\">It is based on a self-assessment in accordance with Section 4(2)(1) of the L-BGG Implementation Ordinance (DVO).<\/span><span data-ccp-props=\"{}\">\u00a0<\/span><\/p>\n<p><span data-contrast=\"auto\">Hockenheimring is constantly working on improving the website. We strive to promptly remove all identified obstacles for people with disabilities.<\/span><span data-ccp-props=\"{}\">\u00a0<\/span><\/p>\n","protected":false},"excerpt":{"rendered":"<p>Declaration on accessibility for the Fanshop Hockenheimring website\u00a0 Prerequisites\u00a0 This accessibility statement applies to the Hockenheim-Ring GmbH website published at https:\/\/fanshop.hockenheimring.de\/.\u00a0 As the website operator, we (Hockenheim-Ring GmbH) endeavour to design our website in accordance with the relevant accessibility regulations. The following legal provisions apply to us:\u00a0 State Equality for Persons with Disabilities Act (State [&hellip;]<\/p>\n","protected":false},"author":227,"featured_media":0,"parent":0,"menu_order":0,"comment_status":"closed","ping_status":"closed","template":"template-page.php","meta":{"_acf_changed":false,"footnotes":""},"class_list":["post-970284","page","type-page","status-publish","hentry"],"acf":[],"_links":{"self":[{"href":"https:\/\/fanshop.hockenheimring.de\/en\/wp-json\/wp\/v2\/pages\/970284","targetHints":{"allow":["GET"]}}],"collection":[{"href":"https:\/\/fanshop.hockenheimring.de\/en\/wp-json\/wp\/v2\/pages"}],"about":[{"href":"https:\/\/fanshop.hockenheimring.de\/en\/wp-json\/wp\/v2\/types\/page"}],"author":[{"embeddable":true,"href":"https:\/\/fanshop.hockenheimring.de\/en\/wp-json\/wp\/v2\/users\/227"}],"replies":[{"embeddable":true,"href":"https:\/\/fanshop.hockenheimring.de\/en\/wp-json\/wp\/v2\/comments?post=970284"}],"version-history":[{"count":4,"href":"https:\/\/fanshop.hockenheimring.de\/en\/wp-json\/wp\/v2\/pages\/970284\/revisions"}],"predecessor-version":[{"id":970290,"href":"https:\/\/fanshop.hockenheimring.de\/en\/wp-json\/wp\/v2\/pages\/970284\/revisions\/970290"}],"wp:attachment":[{"href":"https:\/\/fanshop.hockenheimring.de\/en\/wp-json\/wp\/v2\/media?parent=970284"}],"curies":[{"name":"wp","href":"https:\/\/api.w.org\/{rel}","templated":true}]}}