{"id":1013445,"date":"2026-01-23T14:05:12","date_gmt":"2026-01-23T13:05:12","guid":{"rendered":"https:\/\/fanshop.hockenheimring.de\/produkt\/cap-street-tuned\/"},"modified":"2026-04-07T12:40:22","modified_gmt":"2026-04-07T10:40:22","slug":"cap-street-tuned","status":"publish","type":"product","link":"https:\/\/fanshop.hockenheimring.de\/en\/produkt\/cap-street-tuned\/","title":{"rendered":"Cap Street Tuned"},"content":{"rendered":"<p>&#8211; NUR ONLINE &#8211;<\/p>\n<p>&nbsp;<\/p>\n<p>PRODUKTDETAILS:<\/p>\n<p>&#8211; Beige<\/p>\n<p>&#8211; Rubber Druck Hockenheimring schwarz<\/p>\n<p>&#8211; Gepr\u00e4gte Streckensilhouette auf dem Verschluss<\/p>\n<p>&#8211; Gebogenes Schild<\/p>\n<p>&#8211; Kord<\/p>\n<p>&nbsp;<\/p>\n<p>PASSFORM &amp; GR\u00d6\u00dfE:<\/p>\n<p>&#8211; one-size<\/p>\n<p>&#8211; Gr\u00f6\u00dfenempfehlung: f\u00e4llt normal aus<\/p>\n<p>&#8211; Gr\u00f6\u00dfenverstellbarer Metallverschluss<\/p>\n<p>&nbsp;<\/p>\n<p>MATERIAL &amp; PFLEGE:<\/p>\n<p>&#8211; 100 % Baumwolle<\/p>\n<p>&#8211; Verschluss: Metall<\/p>\n<p>&nbsp;<\/p>\n<p>Herstellerangaben:<\/p>\n<p><span lang=\"EN-US\">egocentric<br \/>\nMerchandising GmbH<br \/>\nHerweghstra\u00dfe 4<br \/>\n01157 Dresden<br \/>\n<\/span><a href=\"mailto:info@egocentric.de\"><span lang=\"EN-US\">info@egocentric.de<\/span><\/a><\/p>\n<p>&nbsp;<\/p>\n","protected":false},"excerpt":{"rendered":"<p>&#8211; NUR ONLINE &#8211; &nbsp; PRODUKTDETAILS: &#8211; Beige &#8211; Rubber Druck Hockenheimring schwarz &#8211; Gepr\u00e4gte Streckensilhouette auf dem Verschluss &#8211; Gebogenes Schild &#8211; Kord &nbsp; PASSFORM &amp; GR\u00d6\u00dfE: &#8211; one-size &#8211; Gr\u00f6\u00dfenempfehlung: f\u00e4llt normal aus &#8211; Gr\u00f6\u00dfenverstellbarer Metallverschluss &nbsp; MATERIAL &amp; PFLEGE: &#8211; 100 % Baumwolle &#8211; Verschluss: Metall &nbsp; Herstellerangaben: egocentric Merchandising GmbH Herweghstra\u00dfe [&hellip;]<\/p>\n","protected":false},"featured_media":1013459,"template":"","meta":{"_acf_changed":false},"product_cat":[255,168,259,218],"product_tag":[],"class_list":{"0":"post-1013445","1":"product","2":"type-product","3":"status-publish","4":"has-post-thumbnail","6":"product_cat-unisex-2-en","7":"product_cat-cap-en","8":"product_cat-tunning-range-en","9":"product_cat-unisex-en","11":"first","12":"instock","13":"taxable","14":"shipping-taxable","15":"purchasable","16":"product-type-simple"},"acf":[],"_links":{"self":[{"href":"https:\/\/fanshop.hockenheimring.de\/en\/wp-json\/wp\/v2\/product\/1013445","targetHints":{"allow":["GET"]}}],"collection":[{"href":"https:\/\/fanshop.hockenheimring.de\/en\/wp-json\/wp\/v2\/product"}],"about":[{"href":"https:\/\/fanshop.hockenheimring.de\/en\/wp-json\/wp\/v2\/types\/product"}],"wp:featuredmedia":[{"embeddable":true,"href":"https:\/\/fanshop.hockenheimring.de\/en\/wp-json\/wp\/v2\/media\/1013459"}],"wp:attachment":[{"href":"https:\/\/fanshop.hockenheimring.de\/en\/wp-json\/wp\/v2\/media?parent=1013445"}],"wp:term":[{"taxonomy":"product_cat","embeddable":true,"href":"https:\/\/fanshop.hockenheimring.de\/en\/wp-json\/wp\/v2\/product_cat?post=1013445"},{"taxonomy":"product_tag","embeddable":true,"href":"https:\/\/fanshop.hockenheimring.de\/en\/wp-json\/wp\/v2\/product_tag?post=1013445"}],"curies":[{"name":"wp","href":"https:\/\/api.w.org\/{rel}","templated":true}]}}