{"id":1013451,"date":"2026-01-23T14:05:16","date_gmt":"2026-01-23T13:05:16","guid":{"rendered":"https:\/\/fanshop.hockenheimring.de\/?post_type=product&#038;p=1013451"},"modified":"2026-04-07T12:40:21","modified_gmt":"2026-04-07T10:40:21","slug":"duftbaum-street-tuned","status":"publish","type":"product","link":"https:\/\/fanshop.hockenheimring.de\/en\/produkt\/duftbaum-street-tuned\/","title":{"rendered":"Duftbaum Street Tuned"},"content":{"rendered":"<p>&#8211; NUR ONLINE &#8211;<\/p>\n<p>&nbsp;<\/p>\n<p>PRODUKTDETAILS:<\/p>\n<p>&#8211; Beige<\/p>\n<p>&#8211; Bunter beidseitiger Druck<\/p>\n<p>&#8211; wei\u00dfes Band zum Aufh\u00e4ngen<\/p>\n<p>&#8211; Crazy Vanille-Duft<\/p>\n<p>&nbsp;<\/p>\n<p>PASSFORM &amp; GR\u00d6\u00dfE:<\/p>\n<p>Gr\u00f6\u00dfe (gesamt): 6,5 x 9 cm<\/p>\n<p>&nbsp;<\/p>\n<p>Herstellerangaben:<\/p>\n<p>egocentric Merchandising GmbH<\/p>\n<p>Herweghstra\u00dfe 4<\/p>\n<p>01157 Dresden<\/p>\n<p>info@egocentric.de<\/p>\n<p>&nbsp;<\/p>\n<p>&nbsp;<\/p>\n","protected":false},"excerpt":{"rendered":"<p>&#8211; NUR ONLINE &#8211; &nbsp; PRODUKTDETAILS: &#8211; Beige &#8211; Bunter beidseitiger Druck &#8211; wei\u00dfes Band zum Aufh\u00e4ngen &#8211; Crazy Vanille-Duft &nbsp; PASSFORM &amp; GR\u00d6\u00dfE: Gr\u00f6\u00dfe (gesamt): 6,5 x 9 cm &nbsp; Herstellerangaben: egocentric Merchandising GmbH Herweghstra\u00dfe 4 01157 Dresden info@egocentric.de &nbsp; &nbsp;<\/p>\n","protected":false},"featured_media":1013485,"template":"","meta":{"_acf_changed":false},"product_cat":[187,194,259],"product_tag":[],"class_list":{"0":"post-1013451","1":"product","2":"type-product","3":"status-publish","4":"has-post-thumbnail","6":"product_cat-diverse-hardware","7":"product_cat-ranges","8":"product_cat-tunning-range-en","10":"first","11":"instock","12":"taxable","13":"shipping-taxable","14":"purchasable","15":"product-type-simple"},"acf":[],"_links":{"self":[{"href":"https:\/\/fanshop.hockenheimring.de\/en\/wp-json\/wp\/v2\/product\/1013451","targetHints":{"allow":["GET"]}}],"collection":[{"href":"https:\/\/fanshop.hockenheimring.de\/en\/wp-json\/wp\/v2\/product"}],"about":[{"href":"https:\/\/fanshop.hockenheimring.de\/en\/wp-json\/wp\/v2\/types\/product"}],"wp:featuredmedia":[{"embeddable":true,"href":"https:\/\/fanshop.hockenheimring.de\/en\/wp-json\/wp\/v2\/media\/1013485"}],"wp:attachment":[{"href":"https:\/\/fanshop.hockenheimring.de\/en\/wp-json\/wp\/v2\/media?parent=1013451"}],"wp:term":[{"taxonomy":"product_cat","embeddable":true,"href":"https:\/\/fanshop.hockenheimring.de\/en\/wp-json\/wp\/v2\/product_cat?post=1013451"},{"taxonomy":"product_tag","embeddable":true,"href":"https:\/\/fanshop.hockenheimring.de\/en\/wp-json\/wp\/v2\/product_tag?post=1013451"}],"curies":[{"name":"wp","href":"https:\/\/api.w.org\/{rel}","templated":true}]}}