{"id":1013580,"date":"2026-01-23T14:11:22","date_gmt":"2026-01-23T13:11:22","guid":{"rendered":"https:\/\/fanshop.hockenheimring.de\/produkt\/lanyard-street-tuned\/"},"modified":"2026-01-23T14:41:43","modified_gmt":"2026-01-23T13:41:43","slug":"lanyard-street-tuned","status":"publish","type":"product","link":"https:\/\/fanshop.hockenheimring.de\/en\/produkt\/lanyard-street-tuned\/","title":{"rendered":"Lanyard Street Tuned"},"content":{"rendered":"<p>&#8211; NUR ONLINE &#8211;<\/p>\n<p>&nbsp;<\/p>\n<p>PRODUKTDETAILS:<\/p>\n<p>&#8211; Beige<\/p>\n<p>&#8211; Ton in Ton Pr\u00e4gung<\/p>\n<p>&#8211; PVC Applikation mit erhabener Streckensilhouette<\/p>\n<p>&#8211; Sicherheitsverschluss<\/p>\n<p>&#8211; Schwarzer Karabiner<\/p>\n<p>&nbsp;<\/p>\n<p>PASSFORM &amp; GR\u00d6\u00dfE:<\/p>\n<p>L\u00e4nge (gesamt): ca 55 cm<\/p>\n<p>&nbsp;<\/p>\n<p>MATERIAL &amp; PFLEGE:<\/p>\n<p>&#8211; 100 % Polyester<\/p>\n<p>&nbsp;<\/p>\n<p>Herstellerangaben:<\/p>\n<p><span lang=\"EN-US\">egocentric<br \/>\nMerchandising GmbH<br \/>\nHerweghstra\u00dfe 4<br \/>\n01157 Dresden<br \/>\n<\/span><a href=\"mailto:info@egocentric.de\"><span lang=\"EN-US\">info@egocentric.de<\/span><\/a><\/p>\n<p>&nbsp;<\/p>\n<p>&nbsp;<\/p>\n<p>&nbsp;<\/p>\n","protected":false},"excerpt":{"rendered":"<p>&#8211; NUR ONLINE &#8211; &nbsp; PRODUKTDETAILS: &#8211; Beige &#8211; Ton in Ton Pr\u00e4gung &#8211; PVC Applikation mit erhabener Streckensilhouette &#8211; Sicherheitsverschluss &#8211; Schwarzer Karabiner &nbsp; PASSFORM &amp; GR\u00d6\u00dfE: L\u00e4nge (gesamt): ca 55 cm &nbsp; MATERIAL &amp; PFLEGE: &#8211; 100 % Polyester &nbsp; Herstellerangaben: egocentric Merchandising GmbH Herweghstra\u00dfe 4 01157 Dresden info@egocentric.de &nbsp; &nbsp; &nbsp;<\/p>\n","protected":false},"featured_media":1013594,"template":"","meta":{"_acf_changed":false},"product_cat":[255,173,259,218],"product_tag":[],"class_list":{"0":"post-1013580","1":"product","2":"type-product","3":"status-publish","4":"has-post-thumbnail","6":"product_cat-unisex-2-en","7":"product_cat-lanyards-en","8":"product_cat-tunning-range-en","9":"product_cat-unisex-en","11":"first","12":"instock","13":"taxable","14":"shipping-taxable","15":"purchasable","16":"product-type-simple"},"acf":[],"_links":{"self":[{"href":"https:\/\/fanshop.hockenheimring.de\/en\/wp-json\/wp\/v2\/product\/1013580","targetHints":{"allow":["GET"]}}],"collection":[{"href":"https:\/\/fanshop.hockenheimring.de\/en\/wp-json\/wp\/v2\/product"}],"about":[{"href":"https:\/\/fanshop.hockenheimring.de\/en\/wp-json\/wp\/v2\/types\/product"}],"wp:featuredmedia":[{"embeddable":true,"href":"https:\/\/fanshop.hockenheimring.de\/en\/wp-json\/wp\/v2\/media\/1013594"}],"wp:attachment":[{"href":"https:\/\/fanshop.hockenheimring.de\/en\/wp-json\/wp\/v2\/media?parent=1013580"}],"wp:term":[{"taxonomy":"product_cat","embeddable":true,"href":"https:\/\/fanshop.hockenheimring.de\/en\/wp-json\/wp\/v2\/product_cat?post=1013580"},{"taxonomy":"product_tag","embeddable":true,"href":"https:\/\/fanshop.hockenheimring.de\/en\/wp-json\/wp\/v2\/product_tag?post=1013580"}],"curies":[{"name":"wp","href":"https:\/\/api.w.org\/{rel}","templated":true}]}}