{"id":1013621,"date":"2026-01-23T14:12:27","date_gmt":"2026-01-23T13:12:27","guid":{"rendered":"https:\/\/fanshop.hockenheimring.de\/produkt\/t-shirt-street-tuned\/"},"modified":"2026-04-22T20:31:41","modified_gmt":"2026-04-22T18:31:41","slug":"t-shirt-street-tuned","status":"publish","type":"product","link":"https:\/\/fanshop.hockenheimring.de\/en\/produkt\/t-shirt-street-tuned\/","title":{"rendered":"T-Shirt Street Tuned"},"content":{"rendered":"<p>&#8211; NUR ONLINE &#8211;<\/p>\n<p>&nbsp;<\/p>\n<p>PRODUKTDETAILS:<\/p>\n<p>&#8211; Beige<\/p>\n<p>&#8211; Gro\u00dfer mehrfarbiger Druck auf der Brust<\/p>\n<p>&#8211; Schwarzer Hockenheimring Schriftzug Rubber Druck mit der Streckensilhouette im Nacken<\/p>\n<p>&nbsp;<\/p>\n<p>PASSFORM &amp; GR\u00d6\u00dfE:<\/p>\n<p>&#8211; Schnitt: Oversized<\/p>\n<p>&#8211; Gr\u00f6\u00dfenempfehlung: f\u00e4llt gr\u00f6\u00dfer und breiter aus<\/p>\n<p>&nbsp;<\/p>\n<p>MATERIAL &amp; PFLEGE:<\/p>\n<p>&#8211; 100 % Baumwolle<\/p>\n<p>&nbsp;<\/p>\n<p>Herstellerangaben:<\/p>\n<p>egocentric Merchandising GmbH<\/p>\n<p>Herweghstra\u00dfe 4<\/p>\n<p>01157 Dresden<\/p>\n<p>info@egocentric.de<\/p>\n","protected":false},"excerpt":{"rendered":"<p>&#8211; NUR ONLINE &#8211; &nbsp; PRODUKTDETAILS: &#8211; Beige &#8211; Gro\u00dfer mehrfarbiger Druck auf der Brust &#8211; Schwarzer Hockenheimring Schriftzug Rubber Druck mit der Streckensilhouette im Nacken &nbsp; PASSFORM &amp; GR\u00d6\u00dfE: &#8211; Schnitt: Oversized &#8211; Gr\u00f6\u00dfenempfehlung: f\u00e4llt gr\u00f6\u00dfer und breiter aus &nbsp; MATERIAL &amp; PFLEGE: &#8211; 100 % Baumwolle &nbsp; Herstellerangaben: egocentric Merchandising GmbH Herweghstra\u00dfe 4 [&hellip;]<\/p>\n","protected":false},"featured_media":1013630,"template":"","meta":{"_acf_changed":false},"product_cat":[255,259,216,218],"product_tag":[],"class_list":{"0":"post-1013621","1":"product","2":"type-product","3":"status-publish","4":"has-post-thumbnail","6":"product_cat-unisex-2-en","7":"product_cat-tunning-range-en","8":"product_cat-t-shirt-en","9":"product_cat-unisex-en","11":"first","12":"instock","13":"taxable","14":"shipping-taxable","15":"purchasable","16":"product-type-variable"},"acf":[],"_links":{"self":[{"href":"https:\/\/fanshop.hockenheimring.de\/en\/wp-json\/wp\/v2\/product\/1013621","targetHints":{"allow":["GET"]}}],"collection":[{"href":"https:\/\/fanshop.hockenheimring.de\/en\/wp-json\/wp\/v2\/product"}],"about":[{"href":"https:\/\/fanshop.hockenheimring.de\/en\/wp-json\/wp\/v2\/types\/product"}],"wp:featuredmedia":[{"embeddable":true,"href":"https:\/\/fanshop.hockenheimring.de\/en\/wp-json\/wp\/v2\/media\/1013630"}],"wp:attachment":[{"href":"https:\/\/fanshop.hockenheimring.de\/en\/wp-json\/wp\/v2\/media?parent=1013621"}],"wp:term":[{"taxonomy":"product_cat","embeddable":true,"href":"https:\/\/fanshop.hockenheimring.de\/en\/wp-json\/wp\/v2\/product_cat?post=1013621"},{"taxonomy":"product_tag","embeddable":true,"href":"https:\/\/fanshop.hockenheimring.de\/en\/wp-json\/wp\/v2\/product_tag?post=1013621"}],"curies":[{"name":"wp","href":"https:\/\/api.w.org\/{rel}","templated":true}]}}