{"id":1013670,"date":"2026-01-23T14:22:18","date_gmt":"2026-01-23T13:22:18","guid":{"rendered":"https:\/\/fanshop.hockenheimring.de\/produkt\/keyring-performance\/"},"modified":"2026-01-24T12:23:52","modified_gmt":"2026-01-24T11:23:52","slug":"keyring-performance","status":"publish","type":"product","link":"https:\/\/fanshop.hockenheimring.de\/en\/produkt\/keyring-performance\/","title":{"rendered":"Keyring Performance"},"content":{"rendered":"<p>PRODUKTDETAILS:<\/p>\n<p>&#8211; Schwarze und rote Kordel<\/p>\n<p>&#8211; Eingravierte Streckensilhouette in Verbindungsst\u00fcck<\/p>\n<p>&#8211; Integrierter Flaschen\u00f6ffner<\/p>\n<p>&#8211; Schl\u00fcsselring<\/p>\n<p>&nbsp;<\/p>\n<p>PASSFORM &amp; GR\u00d6\u00dfE:<\/p>\n<p>L\u00e4nge (gesamt): ca 13,5 cm<\/p>\n<p>&nbsp;<\/p>\n<p>MATERIAL &amp; PFLEGE:<\/p>\n<p>&#8211; 100 % Polyester<\/p>\n<p>&nbsp;<\/p>\n<p>Herstellerangaben:<\/p>\n<p><span lang=\"EN-US\">Sportswear Connection GmbH<\/span><\/p>\n<p><span lang=\"EN-US\">Pestalozzistr. 50<\/span><\/p>\n<p><span lang=\"EN-US\">80469 M\u00fcnchen<\/span><\/p>\n<p><span lang=\"EN-US\">mail@scgmbh.com<\/span><\/p>\n<p>&nbsp;<\/p>\n<p>&nbsp;<\/p>\n","protected":false},"excerpt":{"rendered":"<p>PRODUKTDETAILS: &#8211; Schwarze und rote Kordel &#8211; Eingravierte Streckensilhouette in Verbindungsst\u00fcck &#8211; Integrierter Flaschen\u00f6ffner &#8211; Schl\u00fcsselring &nbsp; PASSFORM &amp; GR\u00d6\u00dfE: L\u00e4nge (gesamt): ca 13,5 cm &nbsp; MATERIAL &amp; PFLEGE: &#8211; 100 % Polyester &nbsp; Herstellerangaben: Sportswear Connection GmbH Pestalozzistr. 50 80469 M\u00fcnchen mail@scgmbh.com &nbsp; &nbsp;<\/p>\n","protected":false},"featured_media":1013686,"template":"","meta":{"_acf_changed":false},"product_cat":[173,202],"product_tag":[],"class_list":{"0":"post-1013670","1":"product","2":"type-product","3":"status-publish","4":"has-post-thumbnail","6":"product_cat-lanyards-en","7":"product_cat-performance-range-en","9":"first","10":"instock","11":"taxable","12":"shipping-taxable","13":"purchasable","14":"product-type-simple"},"acf":[],"_links":{"self":[{"href":"https:\/\/fanshop.hockenheimring.de\/en\/wp-json\/wp\/v2\/product\/1013670","targetHints":{"allow":["GET"]}}],"collection":[{"href":"https:\/\/fanshop.hockenheimring.de\/en\/wp-json\/wp\/v2\/product"}],"about":[{"href":"https:\/\/fanshop.hockenheimring.de\/en\/wp-json\/wp\/v2\/types\/product"}],"wp:featuredmedia":[{"embeddable":true,"href":"https:\/\/fanshop.hockenheimring.de\/en\/wp-json\/wp\/v2\/media\/1013686"}],"wp:attachment":[{"href":"https:\/\/fanshop.hockenheimring.de\/en\/wp-json\/wp\/v2\/media?parent=1013670"}],"wp:term":[{"taxonomy":"product_cat","embeddable":true,"href":"https:\/\/fanshop.hockenheimring.de\/en\/wp-json\/wp\/v2\/product_cat?post=1013670"},{"taxonomy":"product_tag","embeddable":true,"href":"https:\/\/fanshop.hockenheimring.de\/en\/wp-json\/wp\/v2\/product_tag?post=1013670"}],"curies":[{"name":"wp","href":"https:\/\/api.w.org\/{rel}","templated":true}]}}