{"id":1020597,"date":"2026-02-11T13:26:27","date_gmt":"2026-02-11T12:26:27","guid":{"rendered":"https:\/\/fanshop.hockenheimring.de\/produkt\/winterjacke-parka-hockenheimring-black\/"},"modified":"2026-02-11T13:27:16","modified_gmt":"2026-02-11T12:27:16","slug":"winterjacke-parka-hockenheimring-black","status":"publish","type":"product","link":"https:\/\/fanshop.hockenheimring.de\/en\/produkt\/winterjacke-parka-hockenheimring-black\/","title":{"rendered":"Winterjacke Parka Hockenheimring black"},"content":{"rendered":"<p>\n  <span style=\"font-family:Calibri\">&#8211; NUR ONLINE &#8211;<\/span>\n<\/p>\n<p>\n  <span style=\"font-family:Calibri\">PRODUKTDETAILS:<\/span>\n<\/p>\n<p>\n  <span style=\"font-family:Calibri\">&#8211; Schwarz<\/span>\n<\/p>\n<p>\n  <span style=\"font-family:Calibri\">&#8211; Goldene Streckensilhouette auf der Brust als<br \/>\n  Stick<\/span>\n<\/p>\n<p>\n  <span style=\"font-family:Calibri\">&#8211; kleiner Hockenheimring-Schriftzug auf dem \u00c4rmel<br \/>\n  als Stick<\/span>\n<\/p>\n<p>\n  <span style=\"font-family:Calibri\">&#8211; Weiches, w\u00e4rmendes Innenfutter f\u00fcr kalte Tage<\/span>\n<\/p>\n<p>\n  <span style=\"font-family:Calibri\">&#8211; Wasserabweisendes Au\u00dfenmaterial<\/span>\n<\/p>\n<p>\n  &#8211; <span style=\"font-family:Calibri\"><span style=\"font-size:12pt\">Praktische Fronttaschen<\/span><\/span>\n<\/p>\n<p>\n  &nbsp;\n<\/p>\n<p>\n  <span style=\"font-family:Calibri\">PASSFORM &amp; GR\u00d6\u00dfE:<\/span>\n<\/p>\n<p>\n  <span style=\"font-family:Calibri\">&#8211; Gr\u00f6\u00dfenempfehlung: f\u00e4llt normal aus<\/span>\n<\/p>\n<p>\n  &nbsp;\n<\/p>\n<p>\n  <span style=\"font-family:Calibri\">MATERIAL &amp; PFLEGE:<\/span>\n<\/p>\n<p>\n  <span style=\"font-family:Calibri\">&#8211; 100 % Polyester<\/span>\n<\/p>\n<p>\n  &nbsp;\n<\/p>\n<p>\n  <span style=\"font-family:Calibri\">Herstellerangaben:<\/span>\n<\/p>\n<p>\n  <span style=\"font-family:Calibri\">Sport Design Sweden<br \/> Sickla Industriv\u00e4g 6<br \/>\n  13154 Nacka Schweden<br \/> info@sportdesignsweden.se<\/span>\n<\/p>\n<p>\n  &nbsp;<\/p>\n","protected":false},"excerpt":{"rendered":"<p>&#8211; NUR ONLINE &#8211; PRODUKTDETAILS: &#8211; Schwarz &#8211; Goldene Streckensilhouette auf der Brust als Stick &#8211; kleiner Hockenheimring-Schriftzug auf dem \u00c4rmel als Stick &#8211; Weiches, w\u00e4rmendes Innenfutter f\u00fcr kalte Tage &#8211; Wasserabweisendes Au\u00dfenmaterial &#8211; Praktische Fronttaschen &nbsp; PASSFORM &amp; GR\u00d6\u00dfE: &#8211; Gr\u00f6\u00dfenempfehlung: f\u00e4llt normal aus &nbsp; MATERIAL &amp; PFLEGE: &#8211; 100 % Polyester &nbsp; Herstellerangaben: [&hellip;]<\/p>\n","protected":false},"featured_media":1020606,"template":"","meta":{"_acf_changed":false},"product_cat":[255,200,211,218],"product_tag":[],"class_list":{"0":"post-1020597","1":"product","2":"type-product","3":"status-publish","4":"has-post-thumbnail","6":"product_cat-unisex-2-en","7":"product_cat-motorsport-range-en","8":"product_cat-jacket","9":"product_cat-unisex-en","11":"first","12":"instock","13":"taxable","14":"shipping-taxable","15":"purchasable","16":"product-type-variable"},"acf":[],"_links":{"self":[{"href":"https:\/\/fanshop.hockenheimring.de\/en\/wp-json\/wp\/v2\/product\/1020597","targetHints":{"allow":["GET"]}}],"collection":[{"href":"https:\/\/fanshop.hockenheimring.de\/en\/wp-json\/wp\/v2\/product"}],"about":[{"href":"https:\/\/fanshop.hockenheimring.de\/en\/wp-json\/wp\/v2\/types\/product"}],"wp:featuredmedia":[{"embeddable":true,"href":"https:\/\/fanshop.hockenheimring.de\/en\/wp-json\/wp\/v2\/media\/1020606"}],"wp:attachment":[{"href":"https:\/\/fanshop.hockenheimring.de\/en\/wp-json\/wp\/v2\/media?parent=1020597"}],"wp:term":[{"taxonomy":"product_cat","embeddable":true,"href":"https:\/\/fanshop.hockenheimring.de\/en\/wp-json\/wp\/v2\/product_cat?post=1020597"},{"taxonomy":"product_tag","embeddable":true,"href":"https:\/\/fanshop.hockenheimring.de\/en\/wp-json\/wp\/v2\/product_tag?post=1020597"}],"curies":[{"name":"wp","href":"https:\/\/api.w.org\/{rel}","templated":true}]}}