{"id":1026127,"date":"2026-02-26T10:45:38","date_gmt":"2026-02-26T09:45:38","guid":{"rendered":"https:\/\/fanshop.hockenheimring.de\/produkt\/lady-shirt-circuit-green\/"},"modified":"2026-02-26T10:48:15","modified_gmt":"2026-02-26T09:48:15","slug":"lady-shirt-circuit-green","status":"publish","type":"product","link":"https:\/\/fanshop.hockenheimring.de\/en\/produkt\/lady-shirt-circuit-green\/","title":{"rendered":"Lady-Shirt Circuit green"},"content":{"rendered":"<p>\n  &#8211; NUR ONLINE &#8211;\n<\/p>\n<p>\n  &nbsp;\n<\/p>\n<p>\n  PRODUKTDETAILS:\n<\/p>\n<p>\n  &#8211; Olivegr\u00fcn\n<\/p>\n<p>\n  &#8211; Beiger &#8220;Hockenheim-Ring&#8221; Druck auf der Brust\n<\/p>\n<p>\n  &#8211; Beige Streckensilhouette im Nacken\n<\/p>\n<p>\n  &nbsp;\n<\/p>\n<p>\n  PASSFORM &amp; GR\u00d6\u00dfE:\n<\/p>\n<p>\n  &#8211; Schnitt: Oversized\n<\/p>\n<p>\n  &#8211; Gr\u00f6\u00dfenempfehlung: f\u00e4llt gr\u00f6\u00dfer aus\n<\/p>\n<p>\n  &nbsp;\n<\/p>\n<p>\n  MATERIAL &amp; PFLEGE:\n<\/p>\n<p>\n  &#8211; 100 % Baumwolle\n<\/p>\n<p>\n  <span style=\"font-size:12pt\"><span style=\"font-family:Calibri\">Herstellerangaben:<\/span><\/span>\n<\/p>\n<p>\n  <span style=\"font-size:12pt\"><span style=\"font-family:Calibri\">Sport Design Sweden<br \/>\n  Sickla Industriv\u00e4g 6<br \/> 13154 Nacka Schweden<br \/> info@sportdesignsweden.se<\/span><\/span>\n<\/p>\n<p>\n  &nbsp;<\/p>\n","protected":false},"excerpt":{"rendered":"<p>&#8211; NUR ONLINE &#8211; &nbsp; PRODUKTDETAILS: &#8211; Olivegr\u00fcn &#8211; Beiger &#8220;Hockenheim-Ring&#8221; Druck auf der Brust &#8211; Beige Streckensilhouette im Nacken &nbsp; PASSFORM &amp; GR\u00d6\u00dfE: &#8211; Schnitt: Oversized &#8211; Gr\u00f6\u00dfenempfehlung: f\u00e4llt gr\u00f6\u00dfer aus &nbsp; MATERIAL &amp; PFLEGE: &#8211; 100 % Baumwolle Herstellerangaben: Sport Design Sweden Sickla Industriv\u00e4g 6 13154 Nacka Schweden info@sportdesignsweden.se &nbsp;<\/p>\n","protected":false},"featured_media":1026137,"template":"","meta":{"_acf_changed":false},"product_cat":[199,207,216],"product_tag":[],"class_list":{"0":"post-1026127","1":"product","2":"type-product","3":"status-publish","4":"has-post-thumbnail","6":"product_cat-lady-racing-range-en","7":"product_cat-ladies","8":"product_cat-t-shirt-en","10":"first","11":"instock","12":"taxable","13":"shipping-taxable","14":"purchasable","15":"product-type-variable"},"acf":[],"_links":{"self":[{"href":"https:\/\/fanshop.hockenheimring.de\/en\/wp-json\/wp\/v2\/product\/1026127","targetHints":{"allow":["GET"]}}],"collection":[{"href":"https:\/\/fanshop.hockenheimring.de\/en\/wp-json\/wp\/v2\/product"}],"about":[{"href":"https:\/\/fanshop.hockenheimring.de\/en\/wp-json\/wp\/v2\/types\/product"}],"wp:featuredmedia":[{"embeddable":true,"href":"https:\/\/fanshop.hockenheimring.de\/en\/wp-json\/wp\/v2\/media\/1026137"}],"wp:attachment":[{"href":"https:\/\/fanshop.hockenheimring.de\/en\/wp-json\/wp\/v2\/media?parent=1026127"}],"wp:term":[{"taxonomy":"product_cat","embeddable":true,"href":"https:\/\/fanshop.hockenheimring.de\/en\/wp-json\/wp\/v2\/product_cat?post=1026127"},{"taxonomy":"product_tag","embeddable":true,"href":"https:\/\/fanshop.hockenheimring.de\/en\/wp-json\/wp\/v2\/product_tag?post=1026127"}],"curies":[{"name":"wp","href":"https:\/\/api.w.org\/{rel}","templated":true}]}}