{"id":1026167,"date":"2026-02-26T10:54:05","date_gmt":"2026-02-26T09:54:05","guid":{"rendered":"https:\/\/fanshop.hockenheimring.de\/produkt\/lady-shirt-circuit-sand\/"},"modified":"2026-02-26T10:55:56","modified_gmt":"2026-02-26T09:55:56","slug":"lady-shirt-circuit-sand","status":"publish","type":"product","link":"https:\/\/fanshop.hockenheimring.de\/en\/produkt\/lady-shirt-circuit-sand\/","title":{"rendered":"Lady-Shirt Circuit sand"},"content":{"rendered":"<p>\n  &#8211; NUR ONLINE &#8211;\n<\/p>\n<p>\n  &nbsp;\n<\/p>\n<p>\n  <span style=\"font-size:12pt\"><span style=\"font-family:Calibri\">PRODUKTDETAILS:<\/span><\/span>\n<\/p>\n<p>\n  <span style=\"font-size:12pt\"><span style=\"font-family:Calibri\">&#8211; Beige <\/span><\/span>\n<\/p>\n<p>\n  <span style=\"font-size:12pt\"><span style=\"font-family:Calibri\">&#8211; Anthraziter &#8220;Hockenheim-Ring&#8221;<br \/>\n  Druck auf der Brust <\/span><\/span>\n<\/p>\n<p>\n  <span style=\"font-size:12pt\"><span style=\"font-family:Calibri\">&#8211; Anthrazite Streckensilhouette<br \/>\n  im Nacken<\/span><\/span>\n<\/p>\n<p>\n  &nbsp;\n<\/p>\n<p>\n  <span style=\"font-size:12pt\"><span style=\"font-family:Calibri\">PASSFORM &amp; GR\u00d6\u00dfE:<br \/>\n  <\/span><\/span>\n<\/p>\n<p>\n  <span style=\"font-size:12pt\"><span style=\"font-family:Calibri\">&#8211; Schnitt: Oversized<br \/>\n  <\/span><\/span>\n<\/p>\n<p>\n  <span style=\"font-size:12pt\"><span style=\"font-family:Calibri\">&#8211; Gr\u00f6\u00dfenempfehlung:<br \/>\n  f\u00e4llt gr\u00f6\u00dfer aus<\/span><\/span>\n<\/p>\n<p>\n  &nbsp;\n<\/p>\n<p>\n  <span style=\"font-size:12pt\"><span style=\"font-family:Calibri\">MATERIAL &amp; PFLEGE:<br \/>\n  <\/span><\/span>\n<\/p>\n<p>\n  <span style=\"font-size:12pt\"><span style=\"font-family:Calibri\">&#8211; 100 % Baumwolle<\/span><\/span>\n<\/p>\n<p>\n  &nbsp;\n<\/p>\n<p>\n  <span style=\"font-size:12pt\"><span style=\"font-family:Calibri\"><span style=\"font-size:12pt\"><span style=\"font-family:Calibri\">Herstellerangaben:<\/span><\/span><br \/>\n  <\/span><\/span>\n<\/p>\n<p>\n  <span style=\"font-size:12pt\"><span style=\"font-family:Calibri\"><span style=\"font-size:12pt\"><span style=\"font-family:Calibri\">Sport<br \/>\n  Design Sweden<br \/> Sickla Industriv\u00e4g 6<br \/> 13154 Nacka Schweden<br \/> info@sportdesignsweden.se<\/span><\/span><\/span><\/span>\n<\/p>\n<p>\n  &nbsp;\n<\/p>\n<p>\n  &nbsp;\n<\/p>\n<p>\n  &nbsp;<\/p>\n","protected":false},"excerpt":{"rendered":"<p>&#8211; NUR ONLINE &#8211; &nbsp; PRODUKTDETAILS: &#8211; Beige &#8211; Anthraziter &#8220;Hockenheim-Ring&#8221; Druck auf der Brust &#8211; Anthrazite Streckensilhouette im Nacken &nbsp; PASSFORM &amp; GR\u00d6\u00dfE: &#8211; Schnitt: Oversized &#8211; Gr\u00f6\u00dfenempfehlung: f\u00e4llt gr\u00f6\u00dfer aus &nbsp; MATERIAL &amp; PFLEGE: &#8211; 100 % Baumwolle &nbsp; Herstellerangaben: Sport Design Sweden Sickla Industriv\u00e4g 6 13154 Nacka Schweden info@sportdesignsweden.se &nbsp; &nbsp; &nbsp;<\/p>\n","protected":false},"featured_media":1026176,"template":"","meta":{"_acf_changed":false},"product_cat":[199,207,216],"product_tag":[],"class_list":{"0":"post-1026167","1":"product","2":"type-product","3":"status-publish","4":"has-post-thumbnail","6":"product_cat-lady-racing-range-en","7":"product_cat-ladies","8":"product_cat-t-shirt-en","10":"first","11":"instock","12":"taxable","13":"shipping-taxable","14":"purchasable","15":"product-type-variable"},"acf":[],"_links":{"self":[{"href":"https:\/\/fanshop.hockenheimring.de\/en\/wp-json\/wp\/v2\/product\/1026167","targetHints":{"allow":["GET"]}}],"collection":[{"href":"https:\/\/fanshop.hockenheimring.de\/en\/wp-json\/wp\/v2\/product"}],"about":[{"href":"https:\/\/fanshop.hockenheimring.de\/en\/wp-json\/wp\/v2\/types\/product"}],"wp:featuredmedia":[{"embeddable":true,"href":"https:\/\/fanshop.hockenheimring.de\/en\/wp-json\/wp\/v2\/media\/1026176"}],"wp:attachment":[{"href":"https:\/\/fanshop.hockenheimring.de\/en\/wp-json\/wp\/v2\/media?parent=1026167"}],"wp:term":[{"taxonomy":"product_cat","embeddable":true,"href":"https:\/\/fanshop.hockenheimring.de\/en\/wp-json\/wp\/v2\/product_cat?post=1026167"},{"taxonomy":"product_tag","embeddable":true,"href":"https:\/\/fanshop.hockenheimring.de\/en\/wp-json\/wp\/v2\/product_tag?post=1026167"}],"curies":[{"name":"wp","href":"https:\/\/api.w.org\/{rel}","templated":true}]}}