{"id":387960,"date":"2022-04-05T13:30:13","date_gmt":"2022-04-05T11:30:13","guid":{"rendered":"https:\/\/fanshop-stage.hockenheimring.de\/produkt\/lady-shirt-gp-saphire\/"},"modified":"2026-03-17T07:41:48","modified_gmt":"2026-03-17T06:41:48","slug":"lady-shirt-gp-saphire","status":"publish","type":"product","link":"https:\/\/fanshop.hockenheimring.de\/en\/produkt\/lady-shirt-gp-saphire\/","title":{"rendered":"Lady-Shirt &#8220;GP&#8221; saphire"},"content":{"rendered":"<p><span style=\"font-family: Calibri\"> &#8211; NUR ONLINE-<\/span><\/p>\n<p><span style=\"font-family: Calibri\">PRODUKTDETAILS:<\/span><\/p>\n<p><span style=\"font-family: Calibri\">&#8211; GP Druck auf der Brust<\/span><\/p>\n<p><span style=\"font-family: Calibri\">&#8211; Druck am unteren Saum auf der Vorderseite<\/span><\/p>\n<p>&nbsp;<\/p>\n<p><span style=\"font-family: Calibri\">PASSFORM &amp; GR\u00d6\u00dfE:<\/span><\/p>\n<p><span style=\"font-family: Calibri\">&#8211; Gr\u00f6\u00dfenempfehlung: Taillierter Schnitt<\/span><\/p>\n<p>&nbsp;<\/p>\n<p><span style=\"font-family: Calibri\">MATERIAL &amp; PFLEGE:<\/span><\/p>\n<p><span style=\"font-family: Calibri\">&#8211; 100 % Baumwolle<\/span><\/p>\n<p>&nbsp;<\/p>\n<p><span style=\"font-family: Calibri\"><span style=\"font-size: 12pt\">Herstellerangaben:<br \/>\n<\/span><\/span><\/p>\n<p><span style=\"font-family: Calibri\">Sportswear Connection GmbH<\/span><\/p>\n<p><span style=\"font-family: Calibri\">Pestalozzistr. 50<\/span><\/p>\n<p><span style=\"font-family: Calibri\">80469 M\u00fcnchen<\/span><\/p>\n<p><span style=\"font-family: Calibri\">mail@scgmbh.com<\/span><\/p>\n<p>&nbsp;<\/p>\n<p>&nbsp;<\/p>\n","protected":false},"excerpt":{"rendered":"<p>&#8211; NUR ONLINE- PRODUKTDETAILS: &#8211; GP Druck auf der Brust &#8211; Druck am unteren Saum auf der Vorderseite &nbsp; PASSFORM &amp; GR\u00d6\u00dfE: &#8211; Gr\u00f6\u00dfenempfehlung: Taillierter Schnitt &nbsp; MATERIAL &amp; PFLEGE: &#8211; 100 % Baumwolle &nbsp; Herstellerangaben: Sportswear Connection GmbH Pestalozzistr. 50 80469 M\u00fcnchen mail@scgmbh.com &nbsp; &nbsp;<\/p>\n","protected":false},"featured_media":978681,"template":"","meta":{"_acf_changed":false},"product_cat":[257,197,207,216],"product_tag":[],"class_list":{"0":"post-387960","1":"product","2":"type-product","3":"status-publish","4":"has-post-thumbnail","6":"product_cat-angebote-en","7":"product_cat-gp-range-en","8":"product_cat-ladies","9":"product_cat-t-shirt-en","11":"first","12":"instock","13":"sale","14":"taxable","15":"shipping-taxable","16":"purchasable","17":"product-type-variable"},"acf":[],"_links":{"self":[{"href":"https:\/\/fanshop.hockenheimring.de\/en\/wp-json\/wp\/v2\/product\/387960","targetHints":{"allow":["GET"]}}],"collection":[{"href":"https:\/\/fanshop.hockenheimring.de\/en\/wp-json\/wp\/v2\/product"}],"about":[{"href":"https:\/\/fanshop.hockenheimring.de\/en\/wp-json\/wp\/v2\/types\/product"}],"wp:featuredmedia":[{"embeddable":true,"href":"https:\/\/fanshop.hockenheimring.de\/en\/wp-json\/wp\/v2\/media\/978681"}],"wp:attachment":[{"href":"https:\/\/fanshop.hockenheimring.de\/en\/wp-json\/wp\/v2\/media?parent=387960"}],"wp:term":[{"taxonomy":"product_cat","embeddable":true,"href":"https:\/\/fanshop.hockenheimring.de\/en\/wp-json\/wp\/v2\/product_cat?post=387960"},{"taxonomy":"product_tag","embeddable":true,"href":"https:\/\/fanshop.hockenheimring.de\/en\/wp-json\/wp\/v2\/product_tag?post=387960"}],"curies":[{"name":"wp","href":"https:\/\/api.w.org\/{rel}","templated":true}]}}