{"id":388546,"date":"2022-04-05T13:46:31","date_gmt":"2022-04-05T11:46:31","guid":{"rendered":"https:\/\/fanshop-stage.hockenheimring.de\/produkt\/t-shirt-performance-grey\/"},"modified":"2026-04-16T22:07:40","modified_gmt":"2026-04-16T20:07:40","slug":"t-shirt-performance-grey","status":"publish","type":"product","link":"https:\/\/fanshop.hockenheimring.de\/en\/produkt\/t-shirt-performance-grey\/","title":{"rendered":"T-Shirt Performance &#8220;grey&#8221;"},"content":{"rendered":"<p><span style=\"font-family: Calibri\"> &#8211; NUR ONLINE-<\/span><\/p>\n<p><span style=\"font-family: Calibri\">PRODUKTDETAILS:<\/span><\/p>\n<p><span style=\"font-family: Calibri\">&#8211; <span style=\"font-family: Calibri\">Druck vieler<br \/>\nStreckensilhouetten auf der Brust<\/span> <\/span><\/p>\n<p>&#8211; <span style=\"font-family: Calibri\">aufgen\u00e4hte Tasche auf der Brust<\/span><\/p>\n<p>&nbsp;<\/p>\n<p><span style=\"font-family: Calibri\">PASSFORM &amp; GR\u00d6\u00dfE:<\/span><\/p>\n<p><span style=\"font-family: Calibri\">&#8211; Gr\u00f6\u00dfenempfehlung: f\u00e4llt normal aus<\/span><\/p>\n<p>&nbsp;<\/p>\n<p><span style=\"font-family: Calibri\">MATERIAL &amp; PFLEGE:<\/span><\/p>\n<p><span style=\"font-family: Calibri\">&#8211; 70 % Baumwolle, 30 % Polyester<\/span><\/p>\n<p>&nbsp;<\/p>\n<p><span style=\"font-family: Calibri\"><span style=\"font-size: 12pt\">Herstellertangaben:<\/span><\/span><\/p>\n<p><span style=\"font-family: Calibri\"><span style=\"font-size: 12pt\"><span lang=\"EN-US\">Sportswear<br \/>\nConnection GmbH<\/span><\/span><\/span><\/p>\n<p><span style=\"font-family: Calibri\"><span style=\"font-size: 12pt\"><span lang=\"EN-US\">Pestalozzistr.<br \/>\n50<\/span><\/span><\/span><\/p>\n<p><span style=\"font-family: Calibri\"><span style=\"font-size: 12pt\"><span lang=\"EN-US\">80469<br \/>\nM\u00fcnchen<\/span><\/span><\/span><\/p>\n<p><span style=\"font-family: Calibri\"><span style=\"font-size: 12pt\"><span lang=\"EN-US\">mail@scgmbh.com<\/span><\/span><\/span><\/p>\n<p>&nbsp;<\/p>\n<p>&nbsp;<\/p>\n<p>&nbsp;<\/p>\n<p>&nbsp;<\/p>\n","protected":false},"excerpt":{"rendered":"<p>&#8211; NUR ONLINE- PRODUKTDETAILS: &#8211; Druck vieler Streckensilhouetten auf der Brust &#8211; aufgen\u00e4hte Tasche auf der Brust &nbsp; PASSFORM &amp; GR\u00d6\u00dfE: &#8211; Gr\u00f6\u00dfenempfehlung: f\u00e4llt normal aus &nbsp; MATERIAL &amp; PFLEGE: &#8211; 70 % Baumwolle, 30 % Polyester &nbsp; Herstellertangaben: Sportswear Connection GmbH Pestalozzistr. 50 80469 M\u00fcnchen mail@scgmbh.com &nbsp; &nbsp; &nbsp; &nbsp;<\/p>\n","protected":false},"featured_media":975762,"template":"","meta":{"_acf_changed":false},"product_cat":[257,202,209,216],"product_tag":[],"class_list":{"0":"post-388546","1":"product","2":"type-product","3":"status-publish","4":"has-post-thumbnail","6":"product_cat-angebote-en","7":"product_cat-performance-range-en","8":"product_cat-men","9":"product_cat-t-shirt-en","11":"first","12":"instock","13":"sale","14":"taxable","15":"shipping-taxable","16":"purchasable","17":"product-type-variable"},"acf":[],"_links":{"self":[{"href":"https:\/\/fanshop.hockenheimring.de\/en\/wp-json\/wp\/v2\/product\/388546","targetHints":{"allow":["GET"]}}],"collection":[{"href":"https:\/\/fanshop.hockenheimring.de\/en\/wp-json\/wp\/v2\/product"}],"about":[{"href":"https:\/\/fanshop.hockenheimring.de\/en\/wp-json\/wp\/v2\/types\/product"}],"wp:featuredmedia":[{"embeddable":true,"href":"https:\/\/fanshop.hockenheimring.de\/en\/wp-json\/wp\/v2\/media\/975762"}],"wp:attachment":[{"href":"https:\/\/fanshop.hockenheimring.de\/en\/wp-json\/wp\/v2\/media?parent=388546"}],"wp:term":[{"taxonomy":"product_cat","embeddable":true,"href":"https:\/\/fanshop.hockenheimring.de\/en\/wp-json\/wp\/v2\/product_cat?post=388546"},{"taxonomy":"product_tag","embeddable":true,"href":"https:\/\/fanshop.hockenheimring.de\/en\/wp-json\/wp\/v2\/product_tag?post=388546"}],"curies":[{"name":"wp","href":"https:\/\/api.w.org\/{rel}","templated":true}]}}