{"id":388663,"date":"2022-04-05T13:49:46","date_gmt":"2022-04-05T11:49:46","guid":{"rendered":"https:\/\/fanshop-stage.hockenheimring.de\/?post_type=product&#038;p=388663"},"modified":"2026-01-24T16:46:28","modified_gmt":"2026-01-24T15:46:28","slug":"glasflasche-circuit","status":"publish","type":"product","link":"https:\/\/fanshop.hockenheimring.de\/en\/produkt\/glasflasche-circuit\/","title":{"rendered":"Glasflasche Circuit"},"content":{"rendered":"<p>\n  <span style=\"font-size:12pt\"><span style=\"font-family:Calibri\">Doppelwand-Glasflasche<br \/>\n  mit der Steckensilhouette als Print, der Deckel ist aus Chromund ein Drehverschluss.<br \/>\n  Der Sieb in dem Inneren ist herausnehmbar.<\/span><\/span>\n<\/p>\n<p>\n  <span style=\"font-size:12pt\"><span style=\"font-family:Calibri\">Gr\u00f6\u00dfe<\/span><\/span>\n<\/p>\n<p>\n  <span style=\"font-size:12pt\"><span style=\"font-family:Calibri\">&#8226; H\u00f6he: 23<br \/>\n  cm<\/span><\/span>\n<\/p>\n<p>\n  <span style=\"font-size:12pt\"><span style=\"font-family:Calibri\">&#8226; Durchmesser:<br \/>\n  7cm<\/span><\/span>\n<\/p>\n<p>\n  &nbsp;\n<\/p>\n<p>\n  <span style=\"font-size:12pt\"><span style=\"font-family:Calibri\">Herstellerangaben:<\/span><\/span>\n<\/p>\n<p>\n  <span style=\"font-size:12pt\"><span style=\"font-family:Calibri\">abcPremium GmbH<br \/>\n  Waldhofer Stra\u00dfe 19<br \/> 69123 Heidelberg<\/span><\/span>\n<\/p>\n<p>\n  <span style=\"font-family:Calibri\"><span style=\"font-size:12pt\"><a href=\"mailto:vertrieb@abcpremium.de\" target=\"_blank\">vertrieb@abcpremium.de<\/a><\/span><\/span>\n<\/p>\n<p>\n  &nbsp;\n<\/p>\n<p>\n  &nbsp;<\/p>\n","protected":false},"excerpt":{"rendered":"<p>Doppelwand-Glasflasche mit der Steckensilhouette als Print, der Deckel ist aus Chromund ein Drehverschluss. Der Sieb in dem Inneren ist herausnehmbar. Gr\u00f6\u00dfe &#8226; H\u00f6he: 23 cm &#8226; Durchmesser: 7cm &nbsp; Herstellerangaben: abcPremium GmbH Waldhofer Stra\u00dfe 19 69123 Heidelberg vertrieb@abcpremium.de &nbsp; &nbsp;<\/p>\n","protected":false},"featured_media":929920,"template":"","meta":{"_acf_changed":false},"product_cat":[182,205],"product_tag":[],"class_list":{"0":"post-388663","1":"product","2":"type-product","3":"status-publish","4":"has-post-thumbnail","6":"product_cat-cups","7":"product_cat-others","9":"first","10":"instock","11":"taxable","12":"shipping-taxable","13":"purchasable","14":"product-type-simple"},"acf":[],"_links":{"self":[{"href":"https:\/\/fanshop.hockenheimring.de\/en\/wp-json\/wp\/v2\/product\/388663","targetHints":{"allow":["GET"]}}],"collection":[{"href":"https:\/\/fanshop.hockenheimring.de\/en\/wp-json\/wp\/v2\/product"}],"about":[{"href":"https:\/\/fanshop.hockenheimring.de\/en\/wp-json\/wp\/v2\/types\/product"}],"wp:featuredmedia":[{"embeddable":true,"href":"https:\/\/fanshop.hockenheimring.de\/en\/wp-json\/wp\/v2\/media\/929920"}],"wp:attachment":[{"href":"https:\/\/fanshop.hockenheimring.de\/en\/wp-json\/wp\/v2\/media?parent=388663"}],"wp:term":[{"taxonomy":"product_cat","embeddable":true,"href":"https:\/\/fanshop.hockenheimring.de\/en\/wp-json\/wp\/v2\/product_cat?post=388663"},{"taxonomy":"product_tag","embeddable":true,"href":"https:\/\/fanshop.hockenheimring.de\/en\/wp-json\/wp\/v2\/product_tag?post=388663"}],"curies":[{"name":"wp","href":"https:\/\/api.w.org\/{rel}","templated":true}]}}