{"id":388671,"date":"2022-04-05T13:49:57","date_gmt":"2022-04-05T11:49:57","guid":{"rendered":"https:\/\/fanshop-stage.hockenheimring.de\/?post_type=product&#038;p=388671"},"modified":"2026-04-08T16:09:23","modified_gmt":"2026-04-08T14:09:23","slug":"trinkflasche-edelstahl-circuit","status":"publish","type":"product","link":"https:\/\/fanshop.hockenheimring.de\/en\/produkt\/trinkflasche-edelstahl-circuit\/","title":{"rendered":"Trinkflasche Edelstahl Circuit"},"content":{"rendered":"<p>\n  <span style=\"font-size:12pt\"><span style=\"font-family:Calibri\">Thermo-Flasche mit<br \/>\n  einer Gravur der Streckensilhouette. Auf dem Holzdeckel ist ebenfalls die Streckensilhhouette<br \/>\n  graviert.<\/span><\/span>\n<\/p>\n<p>\n  <span style=\"font-size:12pt\"><span style=\"font-family:Calibri\">Gr\u00f6\u00dfe<\/span><\/span>\n<\/p>\n<p>\n  <span style=\"font-size:12pt\"><span style=\"font-family:Calibri\">&#8226; H\u00f6he: 25<br \/>\n  cm<\/span><\/span>\n<\/p>\n<p>\n  <span style=\"font-size:12pt\"><span style=\"font-family:Calibri\">&#8226; Durchmesser:<br \/>\n  7,5 cm<\/span><\/span>\n<\/p>\n<p>\n  &nbsp;\n<\/p>\n<p>\n  <span style=\"font-size:12pt\"><span style=\"font-family:Calibri\">Herstellerangaben:<\/span><\/span>\n<\/p>\n<p>\n  <span style=\"font-size:12pt\"><span style=\"font-family:Calibri\">abcPremium GmbH<br \/>\n  Waldhofer Stra\u00dfe 19<br \/> 69123 Heidelberg<\/span><\/span>\n<\/p>\n<p>\n  <span style=\"font-size:12pt\"><span style=\"font-family:Calibri\"><a href=\"mailto:vertrieb@abcpremium.de\" target=\"_blank\">vertrieb@abcpremium.de<\/a><\/span><\/span>\n<\/p>\n<p>\n  &nbsp;<\/p>\n","protected":false},"excerpt":{"rendered":"<p>Thermo-Flasche mit einer Gravur der Streckensilhouette. Auf dem Holzdeckel ist ebenfalls die Streckensilhhouette graviert. Gr\u00f6\u00dfe &#8226; H\u00f6he: 25 cm &#8226; Durchmesser: 7,5 cm &nbsp; Herstellerangaben: abcPremium GmbH Waldhofer Stra\u00dfe 19 69123 Heidelberg vertrieb@abcpremium.de &nbsp;<\/p>\n","protected":false},"featured_media":935660,"template":"","meta":{"_acf_changed":false},"product_cat":[182,205],"product_tag":[],"class_list":{"0":"post-388671","1":"product","2":"type-product","3":"status-publish","4":"has-post-thumbnail","6":"product_cat-cups","7":"product_cat-others","9":"first","10":"instock","11":"taxable","12":"shipping-taxable","13":"purchasable","14":"product-type-simple"},"acf":[],"_links":{"self":[{"href":"https:\/\/fanshop.hockenheimring.de\/en\/wp-json\/wp\/v2\/product\/388671","targetHints":{"allow":["GET"]}}],"collection":[{"href":"https:\/\/fanshop.hockenheimring.de\/en\/wp-json\/wp\/v2\/product"}],"about":[{"href":"https:\/\/fanshop.hockenheimring.de\/en\/wp-json\/wp\/v2\/types\/product"}],"wp:featuredmedia":[{"embeddable":true,"href":"https:\/\/fanshop.hockenheimring.de\/en\/wp-json\/wp\/v2\/media\/935660"}],"wp:attachment":[{"href":"https:\/\/fanshop.hockenheimring.de\/en\/wp-json\/wp\/v2\/media?parent=388671"}],"wp:term":[{"taxonomy":"product_cat","embeddable":true,"href":"https:\/\/fanshop.hockenheimring.de\/en\/wp-json\/wp\/v2\/product_cat?post=388671"},{"taxonomy":"product_tag","embeddable":true,"href":"https:\/\/fanshop.hockenheimring.de\/en\/wp-json\/wp\/v2\/product_tag?post=388671"}],"curies":[{"name":"wp","href":"https:\/\/api.w.org\/{rel}","templated":true}]}}