{"id":762221,"date":"2024-04-02T16:06:02","date_gmt":"2024-04-02T14:06:02","guid":{"rendered":"https:\/\/fanshop.hockenheimring.de\/produkt\/softshelljacke-circuit\/"},"modified":"2026-03-08T14:46:10","modified_gmt":"2026-03-08T13:46:10","slug":"softshelljacke-circuit","status":"publish","type":"product","link":"https:\/\/fanshop.hockenheimring.de\/en\/produkt\/softshelljacke-circuit\/","title":{"rendered":"Softshelljacke Circuit"},"content":{"rendered":"<p>PRODUKTDETAILS:<\/p>\n<p>&#8211; Logoprint auf der Schulter<\/p>\n<p>&#8211; Abnehmbare Kapuze<\/p>\n<p>&#8211; Gewebtes Label mit Logo in der Innenseite<\/p>\n<p>&nbsp;<\/p>\n<p>PASSFORM &amp; GR\u00d6\u00dfE:<\/p>\n<p>&#8211; Gr\u00f6\u00dfenempfehlung: f\u00e4llt normal aus<\/p>\n<p>&nbsp;<\/p>\n<p>MATERIAL &amp; PFLEGE:<\/p>\n<p>&#8211; 94 % Polyester, 6 % Elasthan<\/p>\n<p>&nbsp;<\/p>\n<p>Herstellerangaben:<\/p>\n<p><span lang=\"EN-US\">Sportswear Connection GmbH<\/span><\/p>\n<p><span lang=\"EN-US\">Pestalozzistr. 50<\/span><\/p>\n<p><span lang=\"EN-US\">80469 M\u00fcnchen<\/span><\/p>\n<p><span lang=\"EN-US\">mail@scgmbh.com<\/span><\/p>\n<p>&nbsp;<\/p>\n","protected":false},"excerpt":{"rendered":"<p>PRODUKTDETAILS: &#8211; Logoprint auf der Schulter &#8211; Abnehmbare Kapuze &#8211; Gewebtes Label mit Logo in der Innenseite &nbsp; PASSFORM &amp; GR\u00d6\u00dfE: &#8211; Gr\u00f6\u00dfenempfehlung: f\u00e4llt normal aus &nbsp; MATERIAL &amp; PFLEGE: &#8211; 94 % Polyester, 6 % Elasthan &nbsp; Herstellerangaben: Sportswear Connection GmbH Pestalozzistr. 50 80469 M\u00fcnchen mail@scgmbh.com &nbsp;<\/p>\n","protected":false},"featured_media":976478,"template":"","meta":{"_acf_changed":false},"product_cat":[255,195,211,218],"product_tag":[],"class_list":{"0":"post-762221","1":"product","2":"type-product","3":"status-publish","4":"has-post-thumbnail","6":"product_cat-unisex-2-en","7":"product_cat-circuit-range-en","8":"product_cat-jacket","9":"product_cat-unisex-en","11":"first","12":"instock","13":"taxable","14":"shipping-taxable","15":"purchasable","16":"product-type-variable"},"acf":[],"_links":{"self":[{"href":"https:\/\/fanshop.hockenheimring.de\/en\/wp-json\/wp\/v2\/product\/762221","targetHints":{"allow":["GET"]}}],"collection":[{"href":"https:\/\/fanshop.hockenheimring.de\/en\/wp-json\/wp\/v2\/product"}],"about":[{"href":"https:\/\/fanshop.hockenheimring.de\/en\/wp-json\/wp\/v2\/types\/product"}],"wp:featuredmedia":[{"embeddable":true,"href":"https:\/\/fanshop.hockenheimring.de\/en\/wp-json\/wp\/v2\/media\/976478"}],"wp:attachment":[{"href":"https:\/\/fanshop.hockenheimring.de\/en\/wp-json\/wp\/v2\/media?parent=762221"}],"wp:term":[{"taxonomy":"product_cat","embeddable":true,"href":"https:\/\/fanshop.hockenheimring.de\/en\/wp-json\/wp\/v2\/product_cat?post=762221"},{"taxonomy":"product_tag","embeddable":true,"href":"https:\/\/fanshop.hockenheimring.de\/en\/wp-json\/wp\/v2\/product_tag?post=762221"}],"curies":[{"name":"wp","href":"https:\/\/api.w.org\/{rel}","templated":true}]}}