{"id":842251,"date":"2024-11-25T19:06:55","date_gmt":"2024-11-25T18:06:55","guid":{"rendered":"https:\/\/fanshop.hockenheimring.de\/?post_type=product&#038;p=842251"},"modified":"2026-04-11T19:39:39","modified_gmt":"2026-04-11T17:39:39","slug":"umhaengetasche-legendary-2","status":"publish","type":"product","link":"https:\/\/fanshop.hockenheimring.de\/en\/produkt\/umhaengetasche-legendary-2\/","title":{"rendered":"Umh\u00e4ngetasche Legendary"},"content":{"rendered":"<p>\n  <span style=\"font-family:Calibri\">Material: 100% Polyester<\/span>\n<\/p>\n<p>\n  <span style=\"font-family:Calibri\">Rubberbadge<\/span> <span style=\"font-family:Calibri\">auf<br \/>\n  der Vorderseite<\/span>\n<\/p>\n<p>\n  <span style=\"font-family:Calibri\">Gewebter Aufn\u00e4her Vorderseite<\/span>\n<\/p>\n<p>\n  <span style=\"font-family:Calibri\">Abnehmbarer und l\u00e4ngenverstellbarer Tragegurt<\/span>\n<\/p>\n<p>\n  <span style=\"font-size:12pt\"><span style=\"font-family:Calibri\">Herstellerangaben:<\/span><\/span>\n<\/p>\n<p>\n  <span style=\"font-size:12pt\"><span style=\"font-family:Calibri\"><span lang=\"EN-US\">egocentric<br \/>\n  Merchandising GmbH<br \/> Herweghstra\u00dfe 4<br \/> 01157 Dresden<br \/> <\/span><a href=\"mailto:info@egocentric.de\"><span lang=\"EN-US\">info@egocentric.de<\/span><\/a><\/span><\/span>\n<\/p>\n<p>\n  &nbsp;\n<\/p>\n<p>\n  &nbsp;<\/p>\n","protected":false},"excerpt":{"rendered":"<p>Material: 100% Polyester Rubberbadge auf der Vorderseite Gewebter Aufn\u00e4her Vorderseite Abnehmbarer und l\u00e4ngenverstellbarer Tragegurt Herstellerangaben: egocentric Merchandising GmbH Herweghstra\u00dfe 4 01157 Dresden info@egocentric.de &nbsp; &nbsp;<\/p>\n","protected":false},"featured_media":930811,"template":"","meta":{"_acf_changed":false},"product_cat":[255,183,259,218],"product_tag":[],"class_list":{"0":"post-842251","1":"product","2":"type-product","3":"status-publish","4":"has-post-thumbnail","6":"product_cat-unisex-2-en","7":"product_cat-bags","8":"product_cat-tunning-range-en","9":"product_cat-unisex-en","11":"first","12":"instock","13":"taxable","14":"shipping-taxable","15":"purchasable","16":"product-type-simple"},"acf":[],"_links":{"self":[{"href":"https:\/\/fanshop.hockenheimring.de\/en\/wp-json\/wp\/v2\/product\/842251","targetHints":{"allow":["GET"]}}],"collection":[{"href":"https:\/\/fanshop.hockenheimring.de\/en\/wp-json\/wp\/v2\/product"}],"about":[{"href":"https:\/\/fanshop.hockenheimring.de\/en\/wp-json\/wp\/v2\/types\/product"}],"wp:featuredmedia":[{"embeddable":true,"href":"https:\/\/fanshop.hockenheimring.de\/en\/wp-json\/wp\/v2\/media\/930811"}],"wp:attachment":[{"href":"https:\/\/fanshop.hockenheimring.de\/en\/wp-json\/wp\/v2\/media?parent=842251"}],"wp:term":[{"taxonomy":"product_cat","embeddable":true,"href":"https:\/\/fanshop.hockenheimring.de\/en\/wp-json\/wp\/v2\/product_cat?post=842251"},{"taxonomy":"product_tag","embeddable":true,"href":"https:\/\/fanshop.hockenheimring.de\/en\/wp-json\/wp\/v2\/product_tag?post=842251"}],"curies":[{"name":"wp","href":"https:\/\/api.w.org\/{rel}","templated":true}]}}