{"id":859771,"date":"2025-01-17T12:40:55","date_gmt":"2025-01-17T11:40:55","guid":{"rendered":"https:\/\/fanshop.hockenheimring.de\/?post_type=product&#038;p=859771"},"modified":"2026-04-19T15:21:01","modified_gmt":"2026-04-19T13:21:01","slug":"stoffbeutel-splash","status":"publish","type":"product","link":"https:\/\/fanshop.hockenheimring.de\/en\/produkt\/stoffbeutel-splash\/","title":{"rendered":"Stoffbeutel Splash"},"content":{"rendered":"<p>\n  <span style=\"font-family:Calibri\">Material: 140 g\/m2 Baumwolle, OEKO-Tex zertifiziert<\/span>\n<\/p>\n<p>\n  <span style=\"font-family:Calibri\">Gr\u00f6\u00dfe in cm: 38 x 42<\/span>\n<\/p>\n<p>\n  <span style=\"font-family:Calibri\">Bunter Splashdruck mit wei\u00dfer Streckensilhouette<\/span>\n<\/p>\n<p>\n  <span style=\"font-family:Calibri\">lange Griffe<\/span>\n<\/p>\n<p>\n  <span style=\"font-family:Calibri\"><\/span>\n<\/p>\n<p>\n  <span style=\"font-size:12pt\"><span style=\"font-family:Calibri\">Herstellerangaben:<\/span><\/span>\n<\/p>\n<p>\n  <span style=\"font-size:12pt\"><span style=\"font-family:Calibri\"><span lang=\"EN-US\">Products<br \/>\n  &amp; More<br \/> Lauterbachstr. <\/span>22 c<br \/> 82538 Geretsried<br \/> <a href=\"mailto:info@pandm.de\">info@pandm.de<\/a><\/span><\/span>\n<\/p>\n<p>\n  &nbsp;\n<\/p>\n<p>\n  &nbsp;\n<\/p>\n<p>\n  &nbsp;<\/p>\n","protected":false},"excerpt":{"rendered":"<p>Material: 140 g\/m2 Baumwolle, OEKO-Tex zertifiziert Gr\u00f6\u00dfe in cm: 38 x 42 Bunter Splashdruck mit wei\u00dfer Streckensilhouette lange Griffe Herstellerangaben: Products &amp; More Lauterbachstr. 22 c 82538 Geretsried info@pandm.de &nbsp; &nbsp; &nbsp;<\/p>\n","protected":false},"featured_media":930837,"template":"","meta":{"_acf_changed":false},"product_cat":[183,263,205],"product_tag":[],"class_list":{"0":"post-859771","1":"product","2":"type-product","3":"status-publish","4":"has-post-thumbnail","6":"product_cat-bags","7":"product_cat-festivalrange-en","8":"product_cat-others","10":"first","11":"instock","12":"taxable","13":"shipping-taxable","14":"purchasable","15":"product-type-simple"},"acf":[],"_links":{"self":[{"href":"https:\/\/fanshop.hockenheimring.de\/en\/wp-json\/wp\/v2\/product\/859771","targetHints":{"allow":["GET"]}}],"collection":[{"href":"https:\/\/fanshop.hockenheimring.de\/en\/wp-json\/wp\/v2\/product"}],"about":[{"href":"https:\/\/fanshop.hockenheimring.de\/en\/wp-json\/wp\/v2\/types\/product"}],"wp:featuredmedia":[{"embeddable":true,"href":"https:\/\/fanshop.hockenheimring.de\/en\/wp-json\/wp\/v2\/media\/930837"}],"wp:attachment":[{"href":"https:\/\/fanshop.hockenheimring.de\/en\/wp-json\/wp\/v2\/media?parent=859771"}],"wp:term":[{"taxonomy":"product_cat","embeddable":true,"href":"https:\/\/fanshop.hockenheimring.de\/en\/wp-json\/wp\/v2\/product_cat?post=859771"},{"taxonomy":"product_tag","embeddable":true,"href":"https:\/\/fanshop.hockenheimring.de\/en\/wp-json\/wp\/v2\/product_tag?post=859771"}],"curies":[{"name":"wp","href":"https:\/\/api.w.org\/{rel}","templated":true}]}}