{"id":859784,"date":"2025-01-17T12:41:19","date_gmt":"2025-01-17T11:41:19","guid":{"rendered":"https:\/\/fanshop.hockenheimring.de\/?post_type=product&#038;p=859784"},"modified":"2026-04-12T17:39:50","modified_gmt":"2026-04-12T15:39:50","slug":"sportbeutel-splash","status":"publish","type":"product","link":"https:\/\/fanshop.hockenheimring.de\/en\/produkt\/sportbeutel-splash\/","title":{"rendered":"Sportbeutel Splash"},"content":{"rendered":"<p>\n  <span style=\"font-family:Calibri\">Material: PP Kunststoff-Vliesstoff, 80g\/m2<\/span>\n<\/p>\n<p>\n  <span style=\"font-family:Calibri\">Gr\u00f6\u00dfe in cm: 34 x 42<\/span>\n<\/p>\n<p>\n  <span style=\"font-family:Calibri\">Bunter Splashdruck mit wei\u00dfer Streckensilhouette<\/span>\n<\/p>\n<p>\n  <span style=\"font-family:Calibri\">Ecken verst\u00e4rkt, robuste Kordel<\/span>\n<\/p>\n<p>\n  <span style=\"font-family:Calibri\"><\/span>\n<\/p>\n<p>\n  <span style=\"font-size:12pt\"><span style=\"font-family:Calibri\">Herstellerangaben:<br \/>\n  <\/span><\/span>\n<\/p>\n<p>\n  <span style=\"font-size:12pt\"><span style=\"font-family:Calibri\"><span lang=\"EN-US\">Products<br \/>\n  &amp; More<br \/> Lauterbachstr. <\/span>22 c<br \/> 82538 Geretsried<br \/> <a href=\"mailto:info@pandm.de\">info@pandm.de<\/a><\/span><\/span>\n<\/p>\n<p>\n  &nbsp;\n<\/p>\n<p>\n  &nbsp;\n<\/p>\n<p>\n  &nbsp;\n<\/p>\n<p>\n  &nbsp;<\/p>\n","protected":false},"excerpt":{"rendered":"<p>Material: PP Kunststoff-Vliesstoff, 80g\/m2 Gr\u00f6\u00dfe in cm: 34 x 42 Bunter Splashdruck mit wei\u00dfer Streckensilhouette Ecken verst\u00e4rkt, robuste Kordel Herstellerangaben: Products &amp; More Lauterbachstr. 22 c 82538 Geretsried info@pandm.de &nbsp; &nbsp; &nbsp; &nbsp;<\/p>\n","protected":false},"featured_media":930848,"template":"","meta":{"_acf_changed":false},"product_cat":[183,263,205],"product_tag":[],"class_list":{"0":"post-859784","1":"product","2":"type-product","3":"status-publish","4":"has-post-thumbnail","6":"product_cat-bags","7":"product_cat-festivalrange-en","8":"product_cat-others","10":"first","11":"instock","12":"taxable","13":"shipping-taxable","14":"purchasable","15":"product-type-simple"},"acf":[],"_links":{"self":[{"href":"https:\/\/fanshop.hockenheimring.de\/en\/wp-json\/wp\/v2\/product\/859784","targetHints":{"allow":["GET"]}}],"collection":[{"href":"https:\/\/fanshop.hockenheimring.de\/en\/wp-json\/wp\/v2\/product"}],"about":[{"href":"https:\/\/fanshop.hockenheimring.de\/en\/wp-json\/wp\/v2\/types\/product"}],"wp:featuredmedia":[{"embeddable":true,"href":"https:\/\/fanshop.hockenheimring.de\/en\/wp-json\/wp\/v2\/media\/930848"}],"wp:attachment":[{"href":"https:\/\/fanshop.hockenheimring.de\/en\/wp-json\/wp\/v2\/media?parent=859784"}],"wp:term":[{"taxonomy":"product_cat","embeddable":true,"href":"https:\/\/fanshop.hockenheimring.de\/en\/wp-json\/wp\/v2\/product_cat?post=859784"},{"taxonomy":"product_tag","embeddable":true,"href":"https:\/\/fanshop.hockenheimring.de\/en\/wp-json\/wp\/v2\/product_tag?post=859784"}],"curies":[{"name":"wp","href":"https:\/\/api.w.org\/{rel}","templated":true}]}}