{"id":862203,"date":"2025-01-21T10:38:36","date_gmt":"2025-01-21T09:38:36","guid":{"rendered":"https:\/\/fanshop.hockenheimring.de\/produkt\/t-shirt-hhr\/"},"modified":"2026-03-16T15:24:24","modified_gmt":"2026-03-16T14:24:24","slug":"t-shirt-hhr","status":"publish","type":"product","link":"https:\/\/fanshop.hockenheimring.de\/en\/produkt\/t-shirt-hhr\/","title":{"rendered":"T-Shirt HHR"},"content":{"rendered":"<p>&#8211; NUR ONLINE-<\/p>\n<p>PRODUKTDETAILS:<\/p>\n<p>&#8211; Stick HHR auf der Brust<\/p>\n<p>&#8211; Gewebter Aufn\u00e4her mit HHR auf der unteren Vorderseite<\/p>\n<p>&nbsp;<\/p>\n<p>PASSFORM &amp; GR\u00d6\u00dfE:<\/p>\n<p>&#8211; Gr\u00f6\u00dfenempfehlung: f\u00e4llt normal aus<\/p>\n<p>&nbsp;<\/p>\n<p>MATERIAL &amp; PFLEGE:<\/p>\n<p>&#8211; 100 % Baumwolle<\/p>\n<p>&#8211; Peach Skin<\/p>\n<p>&nbsp;<\/p>\n<p>Herstellerangaben:<\/p>\n<p><span lang=\"EN-US\">egocentric<br \/>\nMerchandising GmbH<br \/>\nHerweghstra\u00dfe 4<br \/>\n01157 Dresden<br \/>\n<\/span><a href=\"mailto:info@egocentric.de\"><span lang=\"EN-US\">info@egocentric.de<\/span><\/a><\/p>\n<p>&nbsp;<\/p>\n","protected":false},"excerpt":{"rendered":"<p>Exklusiv nur im Onlineshop<\/p>\n","protected":false},"featured_media":975946,"template":"","meta":{"_acf_changed":false},"product_cat":[255,257,265,216,218],"product_tag":[],"class_list":{"0":"post-862203","1":"product","2":"type-product","3":"status-publish","4":"has-post-thumbnail","6":"product_cat-unisex-2-en","7":"product_cat-angebote-en","8":"product_cat-basicrange-en","9":"product_cat-t-shirt-en","10":"product_cat-unisex-en","12":"first","13":"instock","14":"sale","15":"taxable","16":"shipping-taxable","17":"purchasable","18":"product-type-variable"},"acf":[],"_links":{"self":[{"href":"https:\/\/fanshop.hockenheimring.de\/en\/wp-json\/wp\/v2\/product\/862203","targetHints":{"allow":["GET"]}}],"collection":[{"href":"https:\/\/fanshop.hockenheimring.de\/en\/wp-json\/wp\/v2\/product"}],"about":[{"href":"https:\/\/fanshop.hockenheimring.de\/en\/wp-json\/wp\/v2\/types\/product"}],"wp:featuredmedia":[{"embeddable":true,"href":"https:\/\/fanshop.hockenheimring.de\/en\/wp-json\/wp\/v2\/media\/975946"}],"wp:attachment":[{"href":"https:\/\/fanshop.hockenheimring.de\/en\/wp-json\/wp\/v2\/media?parent=862203"}],"wp:term":[{"taxonomy":"product_cat","embeddable":true,"href":"https:\/\/fanshop.hockenheimring.de\/en\/wp-json\/wp\/v2\/product_cat?post=862203"},{"taxonomy":"product_tag","embeddable":true,"href":"https:\/\/fanshop.hockenheimring.de\/en\/wp-json\/wp\/v2\/product_tag?post=862203"}],"curies":[{"name":"wp","href":"https:\/\/api.w.org\/{rel}","templated":true}]}}