{"id":873460,"date":"2025-02-07T18:00:25","date_gmt":"2025-02-07T17:00:25","guid":{"rendered":"https:\/\/fanshop.hockenheimring.de\/produkt\/lanyard-drag-racing-top-fuel\/"},"modified":"2026-01-20T17:10:44","modified_gmt":"2026-01-20T16:10:44","slug":"lanyard-drag-racing-top-fuel","status":"publish","type":"product","link":"https:\/\/fanshop.hockenheimring.de\/en\/produkt\/lanyard-drag-racing-top-fuel\/","title":{"rendered":"Lanyard Drag Racing Top Fuel"},"content":{"rendered":"<p>\n  <span style=\"font-family:Calibri\">Orangenes Schl\u00fcsselband mit wei\u00dfem Schriftzug<br \/>\n  Drag Racing auf schwarzem Hintergrund und orangener Top Fuel<\/span><span style=\"font-family:Calibri\"><br \/>\n  mit praktisch integriertem Flaschen\u00f6ffner<\/span>\n<\/p>\n<p>\n  <span style=\"font-family:Calibri\">Material: 100% Polyester<\/span>\n<\/p>\n<p>\n  <span style=\"font-family:Calibri\">L\u00e4nge (gesamt): ca 58cm<\/span>\n<\/p>\n<p>\n  &nbsp;\n<\/p>\n<p>\n  <span style=\"font-size:12pt\"><span style=\"font-family:Calibri\">Herstellerangaben:<br \/>\n  <\/span><\/span>\n<\/p>\n<p>\n  <span style=\"font-size:12pt\"><span style=\"font-family:Calibri\"><span lang=\"EN-US\">egocentric<br \/>\n  Merchandising GmbH<br \/> Herweghstra\u00dfe 4<br \/> 01157 Dresden<br \/> <\/span><a href=\"mailto:info@egocentric.de\"><span lang=\"EN-US\">info@egocentric.de<\/span><\/a><\/span><\/span>\n<\/p>\n<p>\n  &nbsp;\n<\/p>\n<p>\n  &nbsp;<\/p>\n","protected":false},"excerpt":{"rendered":"<p>Orangenes Schl\u00fcsselband mit wei\u00dfem Schriftzug Drag Racing auf schwarzem Hintergrund und orangener Top Fuel mit praktisch integriertem Flaschen\u00f6ffner Material: 100% Polyester L\u00e4nge (gesamt): ca 58cm &nbsp; Herstellerangaben: egocentric Merchandising GmbH Herweghstra\u00dfe 4 01157 Dresden info@egocentric.de &nbsp; &nbsp;<\/p>\n","protected":false},"featured_media":991709,"template":"","meta":{"_acf_changed":false},"product_cat":[173,201],"product_tag":[],"class_list":{"0":"post-873460","1":"product","2":"type-product","3":"status-publish","4":"has-post-thumbnail","6":"product_cat-lanyards-en","7":"product_cat-nitro-range-en","9":"first","10":"instock","11":"taxable","12":"shipping-taxable","13":"purchasable","14":"product-type-simple"},"acf":[],"_links":{"self":[{"href":"https:\/\/fanshop.hockenheimring.de\/en\/wp-json\/wp\/v2\/product\/873460","targetHints":{"allow":["GET"]}}],"collection":[{"href":"https:\/\/fanshop.hockenheimring.de\/en\/wp-json\/wp\/v2\/product"}],"about":[{"href":"https:\/\/fanshop.hockenheimring.de\/en\/wp-json\/wp\/v2\/types\/product"}],"wp:featuredmedia":[{"embeddable":true,"href":"https:\/\/fanshop.hockenheimring.de\/en\/wp-json\/wp\/v2\/media\/991709"}],"wp:attachment":[{"href":"https:\/\/fanshop.hockenheimring.de\/en\/wp-json\/wp\/v2\/media?parent=873460"}],"wp:term":[{"taxonomy":"product_cat","embeddable":true,"href":"https:\/\/fanshop.hockenheimring.de\/en\/wp-json\/wp\/v2\/product_cat?post=873460"},{"taxonomy":"product_tag","embeddable":true,"href":"https:\/\/fanshop.hockenheimring.de\/en\/wp-json\/wp\/v2\/product_tag?post=873460"}],"curies":[{"name":"wp","href":"https:\/\/api.w.org\/{rel}","templated":true}]}}