{"id":878214,"date":"2025-02-20T10:05:01","date_gmt":"2025-02-20T09:05:01","guid":{"rendered":"https:\/\/fanshop.hockenheimring.de\/produkt\/sweater-motodrom\/"},"modified":"2026-05-08T21:22:14","modified_gmt":"2026-05-08T19:22:14","slug":"sweater-motodrom","status":"publish","type":"product","link":"https:\/\/fanshop.hockenheimring.de\/en\/produkt\/sweater-motodrom\/","title":{"rendered":"Sweater Motodrom"},"content":{"rendered":"<p>&#8211; NUR ONLINE-<\/p>\n<p>PRODUKTDETAILS:<\/p>\n<p>&#8211; Wei\u00dfes Rubberbadge mit schwarzer Streckensilhouette auf der Brust<\/p>\n<p>&#8211; gro\u00dfer wei\u00dfer R\u00fcckenprint mit Bildern des Motodroms<\/p>\n<p>&nbsp;<\/p>\n<p>PASSFORM &amp; GR\u00d6\u00dfE:<\/p>\n<p>&#8211; Gr\u00f6\u00dfenempfehlung: f\u00e4llt normal aus<\/p>\n<p>&nbsp;<\/p>\n<p>MATERIAL &amp; PFLEGE:<\/p>\n<p>&#8211; 50 % Baumwolle, 50 % Modal<\/p>\n<p>&nbsp;<\/p>\n<p>Herstellerangaben:<\/p>\n<p>Sport Design Sweden<br \/>\nSickla Industriv\u00e4g 6<br \/>\n13154 Nacka Schweden<br \/>\ninfo@sportdesignsweden.se<\/p>\n<p>&nbsp;<\/p>\n<p>&nbsp;<\/p>\n","protected":false},"excerpt":{"rendered":"<p>&#8211; NUR ONLINE- PRODUKTDETAILS: &#8211; Wei\u00dfes Rubberbadge mit schwarzer Streckensilhouette auf der Brust &#8211; gro\u00dfer wei\u00dfer R\u00fcckenprint mit Bildern des Motodroms &nbsp; PASSFORM &amp; GR\u00d6\u00dfE: &#8211; Gr\u00f6\u00dfenempfehlung: f\u00e4llt normal aus &nbsp; MATERIAL &amp; PFLEGE: &#8211; 50 % Baumwolle, 50 % Modal &nbsp; Herstellerangaben: Sport Design Sweden Sickla Industriv\u00e4g 6 13154 Nacka Schweden info@sportdesignsweden.se &nbsp; &nbsp;<\/p>\n","protected":false},"featured_media":981604,"template":"","meta":{"_acf_changed":false},"product_cat":[255,257,195,215,218],"product_tag":[],"class_list":{"0":"post-878214","1":"product","2":"type-product","3":"status-publish","4":"has-post-thumbnail","6":"product_cat-unisex-2-en","7":"product_cat-angebote-en","8":"product_cat-circuit-range-en","9":"product_cat-pullover-en","10":"product_cat-unisex-en","12":"first","13":"instock","14":"sale","15":"taxable","16":"shipping-taxable","17":"purchasable","18":"product-type-variable"},"acf":[],"_links":{"self":[{"href":"https:\/\/fanshop.hockenheimring.de\/en\/wp-json\/wp\/v2\/product\/878214","targetHints":{"allow":["GET"]}}],"collection":[{"href":"https:\/\/fanshop.hockenheimring.de\/en\/wp-json\/wp\/v2\/product"}],"about":[{"href":"https:\/\/fanshop.hockenheimring.de\/en\/wp-json\/wp\/v2\/types\/product"}],"wp:featuredmedia":[{"embeddable":true,"href":"https:\/\/fanshop.hockenheimring.de\/en\/wp-json\/wp\/v2\/media\/981604"}],"wp:attachment":[{"href":"https:\/\/fanshop.hockenheimring.de\/en\/wp-json\/wp\/v2\/media?parent=878214"}],"wp:term":[{"taxonomy":"product_cat","embeddable":true,"href":"https:\/\/fanshop.hockenheimring.de\/en\/wp-json\/wp\/v2\/product_cat?post=878214"},{"taxonomy":"product_tag","embeddable":true,"href":"https:\/\/fanshop.hockenheimring.de\/en\/wp-json\/wp\/v2\/product_tag?post=878214"}],"curies":[{"name":"wp","href":"https:\/\/api.w.org\/{rel}","templated":true}]}}