{"id":889134,"date":"2025-03-12T14:59:11","date_gmt":"2025-03-12T13:59:11","guid":{"rendered":"https:\/\/fanshop.hockenheimring.de\/produkt\/lanyard-hhr\/"},"modified":"2026-01-23T14:23:25","modified_gmt":"2026-01-23T13:23:25","slug":"lanyard-hhr","status":"publish","type":"product","link":"https:\/\/fanshop.hockenheimring.de\/en\/produkt\/lanyard-hhr\/","title":{"rendered":"Lanyard HHR"},"content":{"rendered":"<p>\n  <span style=\"font-size:12pt\"><span style=\"font-family:Calibri\">PRODUKTDETAILS:<\/span><\/span>\n<\/p>\n<p>\n  <span style=\"font-size:12pt\"><span style=\"font-family:Calibri\">&#8211; Schwarze und rote<br \/>\n  Vorderseite<\/span><\/span>\n<\/p>\n<p>\n  <span style=\"font-size:12pt\"><span style=\"font-family:Calibri\">&#8211; Wei\u00dfer Schriftzug<br \/>\n  Hockenheimring<\/span><\/span>\n<\/p>\n<p>\n  <span style=\"font-size:12pt\"><span style=\"font-family:Calibri\">&#8211; Schwarzer Schriftzug<br \/>\n  HHR<\/span><\/span>\n<\/p>\n<p>\n  <span style=\"font-size:12pt\"><span style=\"font-family:Calibri\">&#8211; <span style=\"font-family:Arial\"><span style=\"font-family:Arial\"><span style=\"font-family:Arial\"><span style=\"font-family:Arial\"><span style=\"font-size:12pt\"><span style=\"font-family:Calibri\">Metalleinsatz<br \/>\n  mit Vinyl-Badge am unteren Ende<\/span><\/span><\/span><\/span><\/span><\/span><\/span><\/span>\n<\/p>\n<p>\n  <span style=\"font-size:12pt\"><span style=\"font-family:Calibri\"><span style=\"font-family:Arial\"><span style=\"font-family:Arial\"><span style=\"font-family:Arial\"><span style=\"font-family:Arial\"><span style=\"font-size:12pt\"><span style=\"font-family:Calibri\">&#8211;<br \/>\n  Der Schl\u00fcsselring hat eine Hockenheimring Lasergravur<\/span><\/span><\/span><\/span><\/span><\/span><\/span><\/span>.\n<\/p>\n<p>\n  &nbsp;\n<\/p>\n<p>\n  <span style=\"font-size:12pt\"><span style=\"font-family:Calibri\">PASSFORM &amp; GR\u00d6\u00dfE:<\/span><\/span>\n<\/p>\n<p>\n  <span style=\"font-size:12pt\"><span style=\"font-family:Calibri\">L\u00e4nge (gesamt):<br \/>\n  ca 55cm<\/span><\/span>\n<\/p>\n<p>\n  &nbsp;\n<\/p>\n<p>\n  <span style=\"font-size:12pt\"><span style=\"font-family:Calibri\">MATERIAL &amp; PFLEGE:<\/span><\/span>\n<\/p>\n<p>\n  <span style=\"font-size:12pt\"><span style=\"font-family:Calibri\">&#8211; 100 % Polyester<\/span><\/span>\n<\/p>\n<p>\n  &nbsp;\n<\/p>\n<p>\n  <span style=\"font-family:Calibri\">Herstellerangaben:<\/span>\n<\/p>\n<p>\n  <span style=\"font-family:Calibri\"><span lang=\"EN-US\">Sportswear Connection GmbH<\/span><\/span>\n<\/p>\n<p>\n  <span style=\"font-family:Calibri\"><span lang=\"EN-US\">Pestalozzistr. 50<\/span><\/span>\n<\/p>\n<p>\n  <span style=\"font-family:Calibri\"><span lang=\"EN-US\">80469 M\u00fcnchen<\/span><\/span>\n<\/p>\n<p>\n  <span style=\"font-family:Calibri\"><span lang=\"EN-US\">mail@scgmbh.com<\/span><\/span>\n<\/p>\n<p>\n  &nbsp;<\/p>\n","protected":false},"excerpt":{"rendered":"<p>PRODUKTDETAILS: &#8211; Schwarze und rote Vorderseite &#8211; Wei\u00dfer Schriftzug Hockenheimring &#8211; Schwarzer Schriftzug HHR &#8211; Metalleinsatz mit Vinyl-Badge am unteren Ende &#8211; Der Schl\u00fcsselring hat eine Hockenheimring Lasergravur. &nbsp; PASSFORM &amp; GR\u00d6\u00dfE: L\u00e4nge (gesamt): ca 55cm &nbsp; MATERIAL &amp; PFLEGE: &#8211; 100 % Polyester &nbsp; Herstellerangaben: Sportswear Connection GmbH Pestalozzistr. 50 80469 M\u00fcnchen mail@scgmbh.com &nbsp;<\/p>\n","protected":false},"featured_media":1013694,"template":"","meta":{"_acf_changed":false},"product_cat":[173,202],"product_tag":[],"class_list":{"0":"post-889134","1":"product","2":"type-product","3":"status-publish","4":"has-post-thumbnail","6":"product_cat-lanyards-en","7":"product_cat-performance-range-en","9":"first","10":"instock","11":"taxable","12":"shipping-taxable","13":"purchasable","14":"product-type-simple"},"acf":[],"_links":{"self":[{"href":"https:\/\/fanshop.hockenheimring.de\/en\/wp-json\/wp\/v2\/product\/889134","targetHints":{"allow":["GET"]}}],"collection":[{"href":"https:\/\/fanshop.hockenheimring.de\/en\/wp-json\/wp\/v2\/product"}],"about":[{"href":"https:\/\/fanshop.hockenheimring.de\/en\/wp-json\/wp\/v2\/types\/product"}],"wp:featuredmedia":[{"embeddable":true,"href":"https:\/\/fanshop.hockenheimring.de\/en\/wp-json\/wp\/v2\/media\/1013694"}],"wp:attachment":[{"href":"https:\/\/fanshop.hockenheimring.de\/en\/wp-json\/wp\/v2\/media?parent=889134"}],"wp:term":[{"taxonomy":"product_cat","embeddable":true,"href":"https:\/\/fanshop.hockenheimring.de\/en\/wp-json\/wp\/v2\/product_cat?post=889134"},{"taxonomy":"product_tag","embeddable":true,"href":"https:\/\/fanshop.hockenheimring.de\/en\/wp-json\/wp\/v2\/product_tag?post=889134"}],"curies":[{"name":"wp","href":"https:\/\/api.w.org\/{rel}","templated":true}]}}