{"id":916003,"date":"2025-05-21T10:31:57","date_gmt":"2025-05-21T08:31:57","guid":{"rendered":"https:\/\/fanshop.hockenheimring.de\/?post_type=product&#038;p=916003"},"modified":"2026-05-09T22:08:34","modified_gmt":"2026-05-09T20:08:34","slug":"baby-body-rennfahrer","status":"publish","type":"product","link":"https:\/\/fanshop.hockenheimring.de\/en\/produkt\/baby-body-rennfahrer\/","title":{"rendered":"Baby-Body Rennfahrer"},"content":{"rendered":"<p><span style=\"font-family: Calibri\"><span style=\"background-color: white;font-size: 12pt;font-style: normal;font-weight: normal;text-align: left;text-transform: none;letter-spacing: 0px;color: #292929;text-indent: 0px\"><span style=\"font-family: Calibri\">Baby-Body<br \/>\nim Stil eines Rennfahreranzuges. Die Nummer auf der Brust, auf der anderen Brust<br \/>\ndas Hockenheim-Ring Logo wie die Streckensilhouette.<\/span><\/span><\/span><\/p>\n<p><span style=\"font-family: Calibri\">Gro\u00dfer Druck der Nummer auf dem R\u00fccken<\/span><\/p>\n<p><span style=\"font-family: Calibri\">Material: 100% Baumwolle<\/span><\/p>\n<p><span style=\"font-family: Calibri\">Herstellerangaben:<\/span><\/p>\n<p><span style=\"font-family: Calibri\"><span lang=\"EN-US\">egocentric<br \/>\nMerchandising GmbH<br \/>\nHerweghstra\u00dfe 4<br \/>\n01157 Dresden<br \/>\n<\/span><a href=\"mailto:info@egocentric.de\"><span lang=\"EN-US\">info@egocentric.de<\/span><\/a><\/span><\/p>\n<p>&nbsp;<\/p>\n","protected":false},"excerpt":{"rendered":"<p>Baby-Body im Stil eines Rennfahreranzuges. Die Nummer auf der Brust, auf der anderen Brust das Hockenheim-Ring Logo wie die Streckensilhouette. Gro\u00dfer Druck der Nummer auf dem R\u00fccken Material: 100% Baumwolle Herstellerangaben: egocentric Merchandising GmbH Herweghstra\u00dfe 4 01157 Dresden info@egocentric.de &nbsp;<\/p>\n","protected":false},"featured_media":931031,"template":"","meta":{"_acf_changed":false},"product_cat":[289,200],"product_tag":[],"class_list":{"0":"post-916003","1":"product","2":"type-product","3":"status-publish","4":"has-post-thumbnail","6":"product_cat-babys-en","7":"product_cat-motorsport-range-en","9":"first","10":"instock","11":"taxable","12":"shipping-taxable","13":"purchasable","14":"product-type-variable"},"acf":[],"_links":{"self":[{"href":"https:\/\/fanshop.hockenheimring.de\/en\/wp-json\/wp\/v2\/product\/916003","targetHints":{"allow":["GET"]}}],"collection":[{"href":"https:\/\/fanshop.hockenheimring.de\/en\/wp-json\/wp\/v2\/product"}],"about":[{"href":"https:\/\/fanshop.hockenheimring.de\/en\/wp-json\/wp\/v2\/types\/product"}],"wp:featuredmedia":[{"embeddable":true,"href":"https:\/\/fanshop.hockenheimring.de\/en\/wp-json\/wp\/v2\/media\/931031"}],"wp:attachment":[{"href":"https:\/\/fanshop.hockenheimring.de\/en\/wp-json\/wp\/v2\/media?parent=916003"}],"wp:term":[{"taxonomy":"product_cat","embeddable":true,"href":"https:\/\/fanshop.hockenheimring.de\/en\/wp-json\/wp\/v2\/product_cat?post=916003"},{"taxonomy":"product_tag","embeddable":true,"href":"https:\/\/fanshop.hockenheimring.de\/en\/wp-json\/wp\/v2\/product_tag?post=916003"}],"curies":[{"name":"wp","href":"https:\/\/api.w.org\/{rel}","templated":true}]}}