{"id":919385,"date":"2025-05-28T17:22:00","date_gmt":"2025-05-28T15:22:00","guid":{"rendered":"https:\/\/fanshop.hockenheimring.de\/produkt\/t-shirt-collage-gelb\/"},"modified":"2026-04-27T10:12:56","modified_gmt":"2026-04-27T08:12:56","slug":"t-shirt-collage-gelb","status":"publish","type":"product","link":"https:\/\/fanshop.hockenheimring.de\/en\/produkt\/t-shirt-collage-gelb\/","title":{"rendered":"T-Shirt Collage gelb"},"content":{"rendered":"<p>PRODUKTDETAILS:<\/p>\n<p>&#8211; Gelb<\/p>\n<p>&#8211; Gro\u00dfer Druck diverser Grafiken und Texte zur Entstehung des Kurpfalzringes mit Bildern der ersten Veranstaltungen<\/p>\n<p>&#8211; Weiteren Begrifflichkeiten zum Hockenheim-Ring auf der Vorderseite<\/p>\n<p>&nbsp;<\/p>\n<p>PASSFORM &amp; GR\u00d6\u00dfE:<\/p>\n<p>&#8211; Gr\u00f6\u00dfenempfehlung: f\u00e4llt normal aus<\/p>\n<p>&nbsp;<\/p>\n<p>MATERIAL &amp; PFLEGE:<\/p>\n<p>&#8211; 100 % Baumwolle<\/p>\n<p>&nbsp;<\/p>\n<p>Herstellerangaben:<\/p>\n<p><span lang=\"EN-US\">egocentric<br \/>\nMerchandising GmbH<br \/>\nHerweghstra\u00dfe 4<br \/>\n01157 Dresden<br \/>\n<\/span><a href=\"mailto:info@egocentric.de\"><span lang=\"EN-US\">info@egocentric.de<\/span><\/a><\/p>\n<p>&nbsp;<\/p>\n<p>&nbsp;<\/p>\n","protected":false},"excerpt":{"rendered":"<p>PRODUKTDETAILS: &#8211; Gelb &#8211; Gro\u00dfer Druck diverser Grafiken und Texte zur Entstehung des Kurpfalzringes mit Bildern der ersten Veranstaltungen &#8211; Weiteren Begrifflichkeiten zum Hockenheim-Ring auf der Vorderseite &nbsp; PASSFORM &amp; GR\u00d6\u00dfE: &#8211; Gr\u00f6\u00dfenempfehlung: f\u00e4llt normal aus &nbsp; MATERIAL &amp; PFLEGE: &#8211; 100 % Baumwolle &nbsp; Herstellerangaben: egocentric Merchandising GmbH Herweghstra\u00dfe 4 01157 Dresden info@egocentric.de &nbsp; [&hellip;]<\/p>\n","protected":false},"featured_media":976069,"template":"","meta":{"_acf_changed":false},"product_cat":[255,198,216,218],"product_tag":[],"class_list":{"0":"post-919385","1":"product","2":"type-product","3":"status-publish","4":"has-post-thumbnail","6":"product_cat-unisex-2-en","7":"product_cat-historic-range-en","8":"product_cat-t-shirt-en","9":"product_cat-unisex-en","11":"first","12":"instock","13":"taxable","14":"shipping-taxable","15":"purchasable","16":"product-type-variable"},"acf":[],"_links":{"self":[{"href":"https:\/\/fanshop.hockenheimring.de\/en\/wp-json\/wp\/v2\/product\/919385","targetHints":{"allow":["GET"]}}],"collection":[{"href":"https:\/\/fanshop.hockenheimring.de\/en\/wp-json\/wp\/v2\/product"}],"about":[{"href":"https:\/\/fanshop.hockenheimring.de\/en\/wp-json\/wp\/v2\/types\/product"}],"wp:featuredmedia":[{"embeddable":true,"href":"https:\/\/fanshop.hockenheimring.de\/en\/wp-json\/wp\/v2\/media\/976069"}],"wp:attachment":[{"href":"https:\/\/fanshop.hockenheimring.de\/en\/wp-json\/wp\/v2\/media?parent=919385"}],"wp:term":[{"taxonomy":"product_cat","embeddable":true,"href":"https:\/\/fanshop.hockenheimring.de\/en\/wp-json\/wp\/v2\/product_cat?post=919385"},{"taxonomy":"product_tag","embeddable":true,"href":"https:\/\/fanshop.hockenheimring.de\/en\/wp-json\/wp\/v2\/product_tag?post=919385"}],"curies":[{"name":"wp","href":"https:\/\/api.w.org\/{rel}","templated":true}]}}