{"id":947432,"date":"2025-08-05T17:02:02","date_gmt":"2025-08-05T15:02:02","guid":{"rendered":"https:\/\/fanshop.hockenheimring.de\/produkt\/schluesselanhaenger-strecke\/"},"modified":"2026-04-12T19:38:54","modified_gmt":"2026-04-12T17:38:54","slug":"schluesselanhaenger-strecke","status":"publish","type":"product","link":"https:\/\/fanshop.hockenheimring.de\/en\/produkt\/schluesselanhaenger-strecke\/","title":{"rendered":"Schl\u00fcsselanh\u00e4nger Strecke"},"content":{"rendered":"<p><span style=\"font-family: Calibri\">Metallschl\u00fcsselanh\u00e4nger in Form der Strecke des Hockenheim-Ring<\/span><\/p>\n<p><span style=\"font-family: Calibri\">Material: Nickelbeschichtetes Metall<\/span><\/p>\n<p><span style=\"font-family: Calibri\">L\u00e4nge (gesamt): ca. 8cm<\/span><\/p>\n<p><span style=\"font-family: Calibri\">Herstellerangaben:<\/span><\/p>\n<p><span style=\"font-family: Calibri\">Am Ball Com GmbH<\/span><\/p>\n<p><span style=\"font-family: Calibri\">Oberf\u00f6hringer Strasse 24a<\/span><\/p>\n<p><span style=\"font-family: Calibri\">81925 M\u00fcnchen<\/span><\/p>\n<p><span style=\"font-family: Calibri\">info@amballcom.com<\/span><\/p>\n<p>&nbsp;<\/p>\n<p>&nbsp;<\/p>\n<p>&nbsp;<\/p>\n<p>&nbsp;<\/p>\n<p>&nbsp;<\/p>\n","protected":false},"excerpt":{"rendered":"<p>Metallschl\u00fcsselanh\u00e4nger in Form der Strecke des Hockenheim-Ring Material: Nickelbeschichtetes Metall L\u00e4nge (gesamt): ca. 8cm Herstellerangaben: Am Ball Com GmbH Oberf\u00f6hringer Strasse 24a 81925 M\u00fcnchen info@amballcom.com &nbsp; &nbsp; &nbsp; &nbsp; &nbsp;<\/p>\n","protected":false},"featured_media":947430,"template":"","meta":{"_acf_changed":false},"product_cat":[173,265],"product_tag":[],"class_list":{"0":"post-947432","1":"product","2":"type-product","3":"status-publish","4":"has-post-thumbnail","6":"product_cat-lanyards-en","7":"product_cat-basicrange-en","9":"first","10":"instock","11":"taxable","12":"shipping-taxable","13":"purchasable","14":"product-type-simple"},"acf":[],"_links":{"self":[{"href":"https:\/\/fanshop.hockenheimring.de\/en\/wp-json\/wp\/v2\/product\/947432","targetHints":{"allow":["GET"]}}],"collection":[{"href":"https:\/\/fanshop.hockenheimring.de\/en\/wp-json\/wp\/v2\/product"}],"about":[{"href":"https:\/\/fanshop.hockenheimring.de\/en\/wp-json\/wp\/v2\/types\/product"}],"wp:featuredmedia":[{"embeddable":true,"href":"https:\/\/fanshop.hockenheimring.de\/en\/wp-json\/wp\/v2\/media\/947430"}],"wp:attachment":[{"href":"https:\/\/fanshop.hockenheimring.de\/en\/wp-json\/wp\/v2\/media?parent=947432"}],"wp:term":[{"taxonomy":"product_cat","embeddable":true,"href":"https:\/\/fanshop.hockenheimring.de\/en\/wp-json\/wp\/v2\/product_cat?post=947432"},{"taxonomy":"product_tag","embeddable":true,"href":"https:\/\/fanshop.hockenheimring.de\/en\/wp-json\/wp\/v2\/product_tag?post=947432"}],"curies":[{"name":"wp","href":"https:\/\/api.w.org\/{rel}","templated":true}]}}