{"id":981370,"date":"2025-10-31T21:51:35","date_gmt":"2025-10-31T20:51:35","guid":{"rendered":"https:\/\/fanshop.hockenheimring.de\/produkt\/fleece-legends\/"},"modified":"2026-04-27T10:12:57","modified_gmt":"2026-04-27T08:12:57","slug":"fleece-legends","status":"publish","type":"product","link":"https:\/\/fanshop.hockenheimring.de\/en\/produkt\/fleece-legends\/","title":{"rendered":"Fleece Legends"},"content":{"rendered":"<p>PRODUKTDETAILS:<\/p>\n<p>&#8211; Beige und blau, mit roter Brusttasche<\/p>\n<p>&#8211; Racing-Logo auf der Brust und auf dem R\u00fccken<\/p>\n<p>&#8211; aufgesetzte Streifen in rot und wei\u00df an \u00c4rmeln und Saum<\/p>\n<p>&#8211; Aufn\u00e4her auf dem \u00c4rmel<\/p>\n<p>&nbsp;<\/p>\n<p>PASSFORM &amp; GR\u00d6\u00dfE:<\/p>\n<p>&#8211; Gr\u00f6\u00dfenempfehlung: f\u00e4llt normal aus<\/p>\n<p>&nbsp;<\/p>\n<p>MATERIAL &amp; PFLEGE:<\/p>\n<p>&#8211; 100 % Polyester<\/p>\n<p>&nbsp;<\/p>\n<p>Herstellerangaben:<\/p>\n<p><span lang=\"EN-US\">Sportswear Connection GmbH<\/span><\/p>\n<p><span lang=\"EN-US\">Pestalozzistr. 50<\/span><\/p>\n<p><span lang=\"EN-US\">80469 M\u00fcnchen<\/span><\/p>\n<p><span lang=\"EN-US\">mail@scgmbh.com<\/span><\/p>\n","protected":false},"excerpt":{"rendered":"<p>PRODUKTDETAILS: &#8211; Beige und blau, mit roter Brusttasche &#8211; Racing-Logo auf der Brust und auf dem R\u00fccken &#8211; aufgesetzte Streifen in rot und wei\u00df an \u00c4rmeln und Saum &#8211; Aufn\u00e4her auf dem \u00c4rmel &nbsp; PASSFORM &amp; GR\u00d6\u00dfE: &#8211; Gr\u00f6\u00dfenempfehlung: f\u00e4llt normal aus &nbsp; MATERIAL &amp; PFLEGE: &#8211; 100 % Polyester &nbsp; Herstellerangaben: Sportswear Connection GmbH [&hellip;]<\/p>\n","protected":false},"featured_media":981380,"template":"","meta":{"_acf_changed":false},"product_cat":[255,198,208,218],"product_tag":[],"class_list":{"0":"post-981370","1":"product","2":"type-product","3":"status-publish","4":"has-post-thumbnail","6":"product_cat-unisex-2-en","7":"product_cat-historic-range-en","8":"product_cat-fleece-en","9":"product_cat-unisex-en","11":"first","12":"instock","13":"taxable","14":"shipping-taxable","15":"purchasable","16":"product-type-variable"},"acf":[],"_links":{"self":[{"href":"https:\/\/fanshop.hockenheimring.de\/en\/wp-json\/wp\/v2\/product\/981370","targetHints":{"allow":["GET"]}}],"collection":[{"href":"https:\/\/fanshop.hockenheimring.de\/en\/wp-json\/wp\/v2\/product"}],"about":[{"href":"https:\/\/fanshop.hockenheimring.de\/en\/wp-json\/wp\/v2\/types\/product"}],"wp:featuredmedia":[{"embeddable":true,"href":"https:\/\/fanshop.hockenheimring.de\/en\/wp-json\/wp\/v2\/media\/981380"}],"wp:attachment":[{"href":"https:\/\/fanshop.hockenheimring.de\/en\/wp-json\/wp\/v2\/media?parent=981370"}],"wp:term":[{"taxonomy":"product_cat","embeddable":true,"href":"https:\/\/fanshop.hockenheimring.de\/en\/wp-json\/wp\/v2\/product_cat?post=981370"},{"taxonomy":"product_tag","embeddable":true,"href":"https:\/\/fanshop.hockenheimring.de\/en\/wp-json\/wp\/v2\/product_tag?post=981370"}],"curies":[{"name":"wp","href":"https:\/\/api.w.org\/{rel}","templated":true}]}}