{"id":984292,"date":"2025-11-06T15:05:55","date_gmt":"2025-11-06T14:05:55","guid":{"rendered":"https:\/\/fanshop.hockenheimring.de\/?post_type=product&#038;p=984292"},"modified":"2026-05-09T22:08:34","modified_gmt":"2026-05-09T20:08:34","slug":"teddyjacke-hockenheimring-black-2","status":"publish","type":"product","link":"https:\/\/fanshop.hockenheimring.de\/en\/produkt\/teddyjacke-hockenheimring-black-2\/","title":{"rendered":"Teddyjacke Hockenheimring black"},"content":{"rendered":"<p>PRODUKTDETAILS:<\/p>\n<p>&#8211; Schwarz<\/p>\n<p>&#8211; Kapuze mit B\u00e4rchenohren<\/p>\n<p>&#8211; Hockenheimring-Schriftzug mit der Streckensilhouette auf der Brust als Stick<\/p>\n<p>&nbsp;<\/p>\n<p>PASSFORM &amp; GR\u00d6\u00dfE:<\/p>\n<p>&#8211; Gr\u00f6\u00dfenempfehlung: f\u00e4llt normal aus<\/p>\n<p>&nbsp;<\/p>\n<p>MATERIAL &amp; PFLEGE:<\/p>\n<p>&#8211; 100 % Polyester<\/p>\n<p>&nbsp;<\/p>\n<p>Herstellerangaben:<\/p>\n<p>Sport Design Sweden<br \/>\nSickla Industriv\u00e4g 6<br \/>\n13154 Nacka Schweden<br \/>\ninfo@sportdesignsweden.se<\/p>\n<p>&nbsp;<\/p>\n","protected":false},"excerpt":{"rendered":"<p>PRODUKTDETAILS: &#8211; Schwarz &#8211; Kapuze mit B\u00e4rchenohren &#8211; Hockenheimring-Schriftzug mit der Streckensilhouette auf der Brust als Stick &nbsp; PASSFORM &amp; GR\u00d6\u00dfE: &#8211; Gr\u00f6\u00dfenempfehlung: f\u00e4llt normal aus &nbsp; MATERIAL &amp; PFLEGE: &#8211; 100 % Polyester &nbsp; Herstellerangaben: Sport Design Sweden Sickla Industriv\u00e4g 6 13154 Nacka Schweden info@sportdesignsweden.se &nbsp;<\/p>\n","protected":false},"featured_media":984334,"template":"","meta":{"_acf_changed":false},"product_cat":[289,200,208,212],"product_tag":[],"class_list":{"0":"post-984292","1":"product","2":"type-product","3":"status-publish","4":"has-post-thumbnail","6":"product_cat-babys-en","7":"product_cat-motorsport-range-en","8":"product_cat-fleece-en","9":"product_cat-youth","11":"first","12":"instock","13":"taxable","14":"shipping-taxable","15":"purchasable","16":"product-type-variable"},"acf":[],"_links":{"self":[{"href":"https:\/\/fanshop.hockenheimring.de\/en\/wp-json\/wp\/v2\/product\/984292","targetHints":{"allow":["GET"]}}],"collection":[{"href":"https:\/\/fanshop.hockenheimring.de\/en\/wp-json\/wp\/v2\/product"}],"about":[{"href":"https:\/\/fanshop.hockenheimring.de\/en\/wp-json\/wp\/v2\/types\/product"}],"wp:featuredmedia":[{"embeddable":true,"href":"https:\/\/fanshop.hockenheimring.de\/en\/wp-json\/wp\/v2\/media\/984334"}],"wp:attachment":[{"href":"https:\/\/fanshop.hockenheimring.de\/en\/wp-json\/wp\/v2\/media?parent=984292"}],"wp:term":[{"taxonomy":"product_cat","embeddable":true,"href":"https:\/\/fanshop.hockenheimring.de\/en\/wp-json\/wp\/v2\/product_cat?post=984292"},{"taxonomy":"product_tag","embeddable":true,"href":"https:\/\/fanshop.hockenheimring.de\/en\/wp-json\/wp\/v2\/product_tag?post=984292"}],"curies":[{"name":"wp","href":"https:\/\/api.w.org\/{rel}","templated":true}]}}