{"id":984393,"date":"2025-11-06T15:13:25","date_gmt":"2025-11-06T14:13:25","guid":{"rendered":"https:\/\/fanshop.hockenheimring.de\/?post_type=product&#038;p=984393"},"modified":"2026-04-01T20:46:41","modified_gmt":"2026-04-01T18:46:41","slug":"hose-racetrack-red","status":"publish","type":"product","link":"https:\/\/fanshop.hockenheimring.de\/en\/produkt\/hose-racetrack-red\/","title":{"rendered":"Hose Racetrack red"},"content":{"rendered":"<p>PRODUKTDETAILS:<\/p>\n<p>&#8211; Weinrot<\/p>\n<p>&#8211; beiger Hockenheimring-Schriftzug auf dem linken Hosenbein<\/p>\n<p>&#8211; elastischer Bund mit beigerKordel, sowie \u00d6sen aus Metall und Kordelenden aus Plastik<\/p>\n<p>&nbsp;<\/p>\n<p>PASSFORM &amp; GR\u00d6\u00dfE:<\/p>\n<p>&#8211; Schnitt: Standard<\/p>\n<p>&#8211; Gr\u00f6\u00dfenempfehlung: f\u00e4llt normal aus<\/p>\n<p>&#8211; lange Hosenbeine, elastischer Bund mit Tunnelzug, seitliche Eingriffstaschen<\/p>\n<p>&nbsp;<\/p>\n<p>MATERIAL &amp; PFLEGE:<\/p>\n<p>&#8211; 60 % Baumwolle, 40 % Polyester<\/p>\n<p>&nbsp;<\/p>\n<p>Herstellerangaben:<\/p>\n<p>Sport Design<br \/>\nSweden<br \/>\nSickla Industriv\u00e4g 6<br \/>\n13154 Nacka Schweden<br \/>\ninfo@sportdesignsweden.se<\/p>\n<p>&nbsp;<\/p>\n","protected":false},"excerpt":{"rendered":"<p>PRODUKTDETAILS: &#8211; Weinrot &#8211; beiger Hockenheimring-Schriftzug auf dem linken Hosenbein &#8211; elastischer Bund mit beigerKordel, sowie \u00d6sen aus Metall und Kordelenden aus Plastik &nbsp; PASSFORM &amp; GR\u00d6\u00dfE: &#8211; Schnitt: Standard &#8211; Gr\u00f6\u00dfenempfehlung: f\u00e4llt normal aus &#8211; lange Hosenbeine, elastischer Bund mit Tunnelzug, seitliche Eingriffstaschen &nbsp; MATERIAL &amp; PFLEGE: &#8211; 60 % Baumwolle, 40 % Polyester [&hellip;]<\/p>\n","protected":false},"featured_media":984402,"template":"","meta":{"_acf_changed":false},"product_cat":[309,195,209],"product_tag":[],"class_list":{"0":"post-984393","1":"product","2":"type-product","3":"status-publish","4":"has-post-thumbnail","6":"product_cat-hosen-en","7":"product_cat-circuit-range-en","8":"product_cat-men","10":"first","11":"instock","12":"taxable","13":"shipping-taxable","14":"purchasable","15":"product-type-variable"},"acf":[],"_links":{"self":[{"href":"https:\/\/fanshop.hockenheimring.de\/en\/wp-json\/wp\/v2\/product\/984393","targetHints":{"allow":["GET"]}}],"collection":[{"href":"https:\/\/fanshop.hockenheimring.de\/en\/wp-json\/wp\/v2\/product"}],"about":[{"href":"https:\/\/fanshop.hockenheimring.de\/en\/wp-json\/wp\/v2\/types\/product"}],"wp:featuredmedia":[{"embeddable":true,"href":"https:\/\/fanshop.hockenheimring.de\/en\/wp-json\/wp\/v2\/media\/984402"}],"wp:attachment":[{"href":"https:\/\/fanshop.hockenheimring.de\/en\/wp-json\/wp\/v2\/media?parent=984393"}],"wp:term":[{"taxonomy":"product_cat","embeddable":true,"href":"https:\/\/fanshop.hockenheimring.de\/en\/wp-json\/wp\/v2\/product_cat?post=984393"},{"taxonomy":"product_tag","embeddable":true,"href":"https:\/\/fanshop.hockenheimring.de\/en\/wp-json\/wp\/v2\/product_tag?post=984393"}],"curies":[{"name":"wp","href":"https:\/\/api.w.org\/{rel}","templated":true}]}}