{"id":984460,"date":"2025-11-06T15:17:39","date_gmt":"2025-11-06T14:17:39","guid":{"rendered":"https:\/\/fanshop.hockenheimring.de\/?post_type=product&#038;p=984460"},"modified":"2026-03-16T15:24:24","modified_gmt":"2026-03-16T14:24:24","slug":"hose-racetrack-white","status":"publish","type":"product","link":"https:\/\/fanshop.hockenheimring.de\/en\/produkt\/hose-racetrack-white\/","title":{"rendered":"Hose Racetrack white"},"content":{"rendered":"<p>PRODUKTDETAILS:<\/p>\n<p>&#8211; Beige<\/p>\n<p>&#8211; weinroter Hockenheimring-Schriftzug auf dem linken Hosenbein<\/p>\n<p>&#8211; elastischer Bund mit weinroter Kordel, sowie \u00d6sen aus Metall und Kordelenden aus Plastik<\/p>\n<p>&nbsp;<\/p>\n<p>PASSFORM &amp; GR\u00d6\u00dfE:<\/p>\n<p>&#8211; Schnitt: Standard<\/p>\n<p>&#8211; Gr\u00f6\u00dfenempfehlung: f\u00e4llt normal aus<\/p>\n<p>&#8211; lange Hosenbeine, elastischer Bund mit Tunnelzug, seitliche Eingriffstaschen<\/p>\n<p>&nbsp;<\/p>\n<p>MATERIAL &amp; PFLEGE:<\/p>\n<p>&#8211; 60 % Baumwolle, 40 % Polyester<\/p>\n<p>&nbsp;<\/p>\n<p>Herstellerangaben:<\/p>\n<p>Sport Design<br \/>\nSweden<br \/>\nSickla Industriv\u00e4g 6<br \/>\n13154 Nacka Schweden<br \/>\ninfo@sportdesignsweden.se<\/p>\n<p>&nbsp;<\/p>\n","protected":false},"excerpt":{"rendered":"<p>PRODUKTDETAILS: &#8211; Beige &#8211; weinroter Hockenheimring-Schriftzug auf dem linken Hosenbein &#8211; elastischer Bund mit weinroter Kordel, sowie \u00d6sen aus Metall und Kordelenden aus Plastik &nbsp; PASSFORM &amp; GR\u00d6\u00dfE: &#8211; Schnitt: Standard &#8211; Gr\u00f6\u00dfenempfehlung: f\u00e4llt normal aus &#8211; lange Hosenbeine, elastischer Bund mit Tunnelzug, seitliche Eingriffstaschen &nbsp; MATERIAL &amp; PFLEGE: &#8211; 60 % Baumwolle, 40 % [&hellip;]<\/p>\n","protected":false},"featured_media":984469,"template":"","meta":{"_acf_changed":false},"product_cat":[309,255,195,218],"product_tag":[],"class_list":{"0":"post-984460","1":"product","2":"type-product","3":"status-publish","4":"has-post-thumbnail","6":"product_cat-hosen-en","7":"product_cat-unisex-2-en","8":"product_cat-circuit-range-en","9":"product_cat-unisex-en","11":"first","12":"instock","13":"taxable","14":"shipping-taxable","15":"purchasable","16":"product-type-variable"},"acf":[],"_links":{"self":[{"href":"https:\/\/fanshop.hockenheimring.de\/en\/wp-json\/wp\/v2\/product\/984460","targetHints":{"allow":["GET"]}}],"collection":[{"href":"https:\/\/fanshop.hockenheimring.de\/en\/wp-json\/wp\/v2\/product"}],"about":[{"href":"https:\/\/fanshop.hockenheimring.de\/en\/wp-json\/wp\/v2\/types\/product"}],"wp:featuredmedia":[{"embeddable":true,"href":"https:\/\/fanshop.hockenheimring.de\/en\/wp-json\/wp\/v2\/media\/984469"}],"wp:attachment":[{"href":"https:\/\/fanshop.hockenheimring.de\/en\/wp-json\/wp\/v2\/media?parent=984460"}],"wp:term":[{"taxonomy":"product_cat","embeddable":true,"href":"https:\/\/fanshop.hockenheimring.de\/en\/wp-json\/wp\/v2\/product_cat?post=984460"},{"taxonomy":"product_tag","embeddable":true,"href":"https:\/\/fanshop.hockenheimring.de\/en\/wp-json\/wp\/v2\/product_tag?post=984460"}],"curies":[{"name":"wp","href":"https:\/\/api.w.org\/{rel}","templated":true}]}}