{"id":984510,"date":"2025-11-06T15:19:54","date_gmt":"2025-11-06T14:19:54","guid":{"rendered":"https:\/\/fanshop.hockenheimring.de\/produkt\/t-shirt-racetrack-red\/"},"modified":"2026-04-22T15:20:59","modified_gmt":"2026-04-22T13:20:59","slug":"t-shirt-racetrack-red","status":"publish","type":"product","link":"https:\/\/fanshop.hockenheimring.de\/en\/produkt\/t-shirt-racetrack-red\/","title":{"rendered":"T-Shirt Racetrack red"},"content":{"rendered":"<p>PRODUKTDETAILS:<\/p>\n<p>&#8211; Weinrot<\/p>\n<p>&#8211; beiger Hockenheimring-Schriftzug als Druck auf der Brust<\/p>\n<p>&#8211; gro\u00dfer Motivdruck mit einem Rennwagen auf der Brust<\/p>\n<p>&#8211; beiger Hockenheimring-Schriftzug als Druck auf der Brust<\/p>\n<p>&#8211; beiger Druck unterhalb des Schriftzuges<\/p>\n<p>&nbsp;<\/p>\n<p>PASSFORM &amp; GR\u00d6\u00dfE:<\/p>\n<p>&#8211; Schnitt: Oversized<\/p>\n<p>&#8211; Gr\u00f6\u00dfenempfehlung: f\u00e4llt etwas gr\u00f6\u00dfer und breiter aus<\/p>\n<p>&nbsp;<\/p>\n<p>MATERIAL &amp; PFLEGE:<\/p>\n<p>&#8211; 100 % Baumwolle<\/p>\n<p>&nbsp;<\/p>\n<p>Herstellerangaben:<\/p>\n<p>Sport<br \/>\nDesign Sweden<br \/>\nSickla Industriv\u00e4g 6<br \/>\n13154 Nacka Schweden<br \/>\ninfo@sportdesignsweden.se<\/p>\n<p>&nbsp;<\/p>\n<p>&nbsp;<\/p>\n","protected":false},"excerpt":{"rendered":"<p>PRODUKTDETAILS: &#8211; Weinrot &#8211; beiger Hockenheimring-Schriftzug als Druck auf der Brust &#8211; gro\u00dfer Motivdruck mit einem Rennwagen auf der Brust &#8211; beiger Hockenheimring-Schriftzug als Druck auf der Brust &#8211; beiger Druck unterhalb des Schriftzuges &nbsp; PASSFORM &amp; GR\u00d6\u00dfE: &#8211; Schnitt: Oversized &#8211; Gr\u00f6\u00dfenempfehlung: f\u00e4llt etwas gr\u00f6\u00dfer und breiter aus &nbsp; MATERIAL &amp; PFLEGE: &#8211; 100 [&hellip;]<\/p>\n","protected":false},"featured_media":984520,"template":"","meta":{"_acf_changed":false},"product_cat":[195,209,216],"product_tag":[],"class_list":{"0":"post-984510","1":"product","2":"type-product","3":"status-publish","4":"has-post-thumbnail","6":"product_cat-circuit-range-en","7":"product_cat-men","8":"product_cat-t-shirt-en","10":"first","11":"instock","12":"taxable","13":"shipping-taxable","14":"purchasable","15":"product-type-variable"},"acf":[],"_links":{"self":[{"href":"https:\/\/fanshop.hockenheimring.de\/en\/wp-json\/wp\/v2\/product\/984510","targetHints":{"allow":["GET"]}}],"collection":[{"href":"https:\/\/fanshop.hockenheimring.de\/en\/wp-json\/wp\/v2\/product"}],"about":[{"href":"https:\/\/fanshop.hockenheimring.de\/en\/wp-json\/wp\/v2\/types\/product"}],"wp:featuredmedia":[{"embeddable":true,"href":"https:\/\/fanshop.hockenheimring.de\/en\/wp-json\/wp\/v2\/media\/984520"}],"wp:attachment":[{"href":"https:\/\/fanshop.hockenheimring.de\/en\/wp-json\/wp\/v2\/media?parent=984510"}],"wp:term":[{"taxonomy":"product_cat","embeddable":true,"href":"https:\/\/fanshop.hockenheimring.de\/en\/wp-json\/wp\/v2\/product_cat?post=984510"},{"taxonomy":"product_tag","embeddable":true,"href":"https:\/\/fanshop.hockenheimring.de\/en\/wp-json\/wp\/v2\/product_tag?post=984510"}],"curies":[{"name":"wp","href":"https:\/\/api.w.org\/{rel}","templated":true}]}}