{"id":985284,"date":"2025-11-06T17:04:38","date_gmt":"2025-11-06T16:04:38","guid":{"rendered":"https:\/\/fanshop.hockenheimring.de\/produkt\/sweatjacke-circuit-contour\/"},"modified":"2026-01-08T16:24:37","modified_gmt":"2026-01-08T15:24:37","slug":"sweatjacke-circuit-contour","status":"publish","type":"product","link":"https:\/\/fanshop.hockenheimring.de\/en\/produkt\/sweatjacke-circuit-contour\/","title":{"rendered":"Sweatjacke Circuit Contour"},"content":{"rendered":"<p>PRODUKTDETAILS:<\/p>\n<p>&#8211; Gr\u00fcn<\/p>\n<p>&#8211; Streckensilhouette auf der Brust<\/p>\n<p>&#8211; Streckensilhouette in der Mitte des R\u00fccken mit weiteren Linien au\u00dfenrum<\/p>\n<p>&nbsp;<\/p>\n<p>PASSFORM &amp; GR\u00d6\u00dfE:<\/p>\n<p>&#8211; Gr\u00f6\u00dfenempfehlung: f\u00e4llt normal aus<\/p>\n<p>&nbsp;<\/p>\n<p>MATERIAL &amp; PFLEGE:<\/p>\n<p>&#8211; 80 % Baumwolle, 20 % Polyester<\/p>\n<p>Herstellerangaben:<\/p>\n<p><span lang=\"EN-US\">egocentric<br \/>\nMerchandising GmbH<br \/>\nHerweghstra\u00dfe 4<br \/>\n01157 Dresden<br \/>\n<\/span><a href=\"mailto:info@egocentric.de\"><span lang=\"EN-US\">info@egocentric.de<\/span><\/a><\/p>\n<p>&nbsp;<\/p>\n","protected":false},"excerpt":{"rendered":"<p>PRODUKTDETAILS: &#8211; Gr\u00fcn &#8211; Streckensilhouette auf der Brust &#8211; Streckensilhouette in der Mitte des R\u00fccken mit weiteren Linien au\u00dfenrum &nbsp; PASSFORM &amp; GR\u00d6\u00dfE: &#8211; Gr\u00f6\u00dfenempfehlung: f\u00e4llt normal aus &nbsp; MATERIAL &amp; PFLEGE: &#8211; 80 % Baumwolle, 20 % Polyester Herstellerangaben: egocentric Merchandising GmbH Herweghstra\u00dfe 4 01157 Dresden info@egocentric.de &nbsp;<\/p>\n","protected":false},"featured_media":987653,"template":"","meta":{"_acf_changed":false},"product_cat":[255,195,210,218],"product_tag":[],"class_list":{"0":"post-985284","1":"product","2":"type-product","3":"status-publish","4":"has-post-thumbnail","6":"product_cat-unisex-2-en","7":"product_cat-circuit-range-en","8":"product_cat-hoodie-en","9":"product_cat-unisex-en","11":"first","12":"instock","13":"taxable","14":"shipping-taxable","15":"purchasable","16":"product-type-variable"},"acf":[],"_links":{"self":[{"href":"https:\/\/fanshop.hockenheimring.de\/en\/wp-json\/wp\/v2\/product\/985284","targetHints":{"allow":["GET"]}}],"collection":[{"href":"https:\/\/fanshop.hockenheimring.de\/en\/wp-json\/wp\/v2\/product"}],"about":[{"href":"https:\/\/fanshop.hockenheimring.de\/en\/wp-json\/wp\/v2\/types\/product"}],"wp:featuredmedia":[{"embeddable":true,"href":"https:\/\/fanshop.hockenheimring.de\/en\/wp-json\/wp\/v2\/media\/987653"}],"wp:attachment":[{"href":"https:\/\/fanshop.hockenheimring.de\/en\/wp-json\/wp\/v2\/media?parent=985284"}],"wp:term":[{"taxonomy":"product_cat","embeddable":true,"href":"https:\/\/fanshop.hockenheimring.de\/en\/wp-json\/wp\/v2\/product_cat?post=985284"},{"taxonomy":"product_tag","embeddable":true,"href":"https:\/\/fanshop.hockenheimring.de\/en\/wp-json\/wp\/v2\/product_tag?post=985284"}],"curies":[{"name":"wp","href":"https:\/\/api.w.org\/{rel}","templated":true}]}}