{"id":985344,"date":"2025-11-06T17:11:26","date_gmt":"2025-11-06T16:11:26","guid":{"rendered":"https:\/\/fanshop.hockenheimring.de\/produkt\/hoodie-racetrack-white\/"},"modified":"2026-04-18T08:35:34","modified_gmt":"2026-04-18T06:35:34","slug":"hoodie-racetrack-white","status":"publish","type":"product","link":"https:\/\/fanshop.hockenheimring.de\/en\/produkt\/hoodie-racetrack-white\/","title":{"rendered":"Hoodie Racetrack white"},"content":{"rendered":"<p>PRODUKTDETAILS:<\/p>\n<p>&#8211; Beige<\/p>\n<p>&#8211; weinroter Hockenheimring-Schriftzug als Stick auf der Brust<\/p>\n<p>&#8211; weinroter Druck unterhalb des Schriftzuges<\/p>\n<p>&#8211; gro\u00dfer Motivdruck mit einem Rennwagen auf dem R\u00fccken<\/p>\n<p>&nbsp;<\/p>\n<p>PASSFORM &amp; GR\u00d6\u00dfE:<\/p>\n<p>&#8211; Schnitt: Oversized<\/p>\n<p>&#8211; Gr\u00f6\u00dfenempfehlung: f\u00e4llt etwas gr\u00f6\u00dfer und breiter<br \/>\naus<\/p>\n<p>&nbsp;<\/p>\n<p>MATERIAL &amp; PFLEGE:<\/p>\n<p>&#8211; 60 % Baumwolle, 40 % Polyester<\/p>\n<p>&nbsp;<\/p>\n<p>Herstellerangaben:<\/p>\n<p>Sport Design<br \/>\nSweden<br \/>\nSickla Industriv\u00e4g 6<br \/>\n13154 Nacka Schweden<br \/>\ninfo@sportdesignsweden.se<\/p>\n<p>&nbsp;<\/p>\n","protected":false},"excerpt":{"rendered":"<p>PRODUKTDETAILS: &#8211; Beige &#8211; weinroter Hockenheimring-Schriftzug als Stick auf der Brust &#8211; weinroter Druck unterhalb des Schriftzuges &#8211; gro\u00dfer Motivdruck mit einem Rennwagen auf dem R\u00fccken &nbsp; PASSFORM &amp; GR\u00d6\u00dfE: &#8211; Schnitt: Oversized &#8211; Gr\u00f6\u00dfenempfehlung: f\u00e4llt etwas gr\u00f6\u00dfer und breiter aus &nbsp; MATERIAL &amp; PFLEGE: &#8211; 60 % Baumwolle, 40 % Polyester &nbsp; Herstellerangaben: Sport [&hellip;]<\/p>\n","protected":false},"featured_media":985353,"template":"","meta":{"_acf_changed":false},"product_cat":[255,195,210,218],"product_tag":[],"class_list":{"0":"post-985344","1":"product","2":"type-product","3":"status-publish","4":"has-post-thumbnail","6":"product_cat-unisex-2-en","7":"product_cat-circuit-range-en","8":"product_cat-hoodie-en","9":"product_cat-unisex-en","11":"first","12":"instock","13":"taxable","14":"shipping-taxable","15":"purchasable","16":"product-type-variable"},"acf":[],"_links":{"self":[{"href":"https:\/\/fanshop.hockenheimring.de\/en\/wp-json\/wp\/v2\/product\/985344","targetHints":{"allow":["GET"]}}],"collection":[{"href":"https:\/\/fanshop.hockenheimring.de\/en\/wp-json\/wp\/v2\/product"}],"about":[{"href":"https:\/\/fanshop.hockenheimring.de\/en\/wp-json\/wp\/v2\/types\/product"}],"wp:featuredmedia":[{"embeddable":true,"href":"https:\/\/fanshop.hockenheimring.de\/en\/wp-json\/wp\/v2\/media\/985353"}],"wp:attachment":[{"href":"https:\/\/fanshop.hockenheimring.de\/en\/wp-json\/wp\/v2\/media?parent=985344"}],"wp:term":[{"taxonomy":"product_cat","embeddable":true,"href":"https:\/\/fanshop.hockenheimring.de\/en\/wp-json\/wp\/v2\/product_cat?post=985344"},{"taxonomy":"product_tag","embeddable":true,"href":"https:\/\/fanshop.hockenheimring.de\/en\/wp-json\/wp\/v2\/product_tag?post=985344"}],"curies":[{"name":"wp","href":"https:\/\/api.w.org\/{rel}","templated":true}]}}