{"id":985476,"date":"2025-11-06T17:47:54","date_gmt":"2025-11-06T16:47:54","guid":{"rendered":"https:\/\/fanshop.hockenheimring.de\/produkt\/cap-racetrack-red\/"},"modified":"2026-03-09T09:51:17","modified_gmt":"2026-03-09T08:51:17","slug":"cap-racetrack-red","status":"publish","type":"product","link":"https:\/\/fanshop.hockenheimring.de\/en\/produkt\/cap-racetrack-red\/","title":{"rendered":"Cap Racetrack red Kids"},"content":{"rendered":"<p>\n  <span style=\"font-family:Calibri\"><span style=\"font-size:12pt\"><span style=\"font-size:12pt\"><span style=\"font-size:12pt\"><span style=\"font-size:12pt\">PRODUKTDETAILS:<\/span><\/span><\/span><\/span><\/span>\n<\/p>\n<p>\n  <span style=\"font-family:Calibri\"><span style=\"font-size:12pt\"><span style=\"font-size:12pt\">&#8211;<\/span><\/span><span style=\"font-size:12pt\"><span style=\"font-size:12pt\"><br \/>\n  <\/span><\/span>Weinrote Cap<\/span>\n<\/p>\n<p>\n  <span style=\"font-family:Calibri\"><span style=\"font-size:12pt\"><span style=\"font-size:12pt\">&#8211;<br \/>\n  Gerad<\/span><\/span>es Schild<\/span>\n<\/p>\n<p>\n  <span style=\"font-family:Calibri\"><span style=\"font-size:12pt\"><span style=\"font-size:12pt\">&#8211;<br \/>\n  <span style=\"font-size:12pt\"><span style=\"font-size:12pt\"><span style=\"font-size:12pt\">Hockenheimring<\/span><\/span><\/span><\/span><\/span><br \/>\n  Stick in Creme an der Vorderseite<\/span>\n<\/p>\n<p>\n  <span style=\"font-family:Calibri\">&#8211; Streckensilhouette Stick in Creme an der Seite<\/span>\n<\/p>\n<p>\n  <span style=\"font-family:Calibri\">&#8211; Gestickte \u00d6sen in Creme<\/span>\n<\/p>\n<p>\n  &nbsp;\n<\/p>\n<p>\n  <span style=\"font-family:Calibri\"><span style=\"font-size:12pt\"><span style=\"font-size:12pt\">PASSFORM<br \/>\n  &amp; GR\u00d6\u00dfE:<\/span><\/span><\/span>\n<\/p>\n<p>\n  <span style=\"font-family:Calibri\"><span style=\"font-size:12pt\"><span style=\"font-size:12pt\">&#8211;<br \/>\n  one-size<\/span><\/span><\/span>\n<\/p>\n<p>\n  <span style=\"font-family:Calibri\"><span style=\"font-size:12pt\"><span style=\"font-size:12pt\">&#8211;<br \/>\n  Gr\u00f6\u00dfenempfehlung: f\u00e4llt normal aus<\/span><\/span><\/span>\n<\/p>\n<p>\n  <span style=\"font-family:Calibri\"><span style=\"font-size:12pt\"><span style=\"font-size:12pt\">&#8211;<br \/>\n  Gr\u00f6\u00dfenverstellbarer Plastikverschluss<\/span><\/span><\/span>\n<\/p>\n<p>\n  &nbsp;\n<\/p>\n<p>\n  <span style=\"font-family:Calibri\"><span style=\"font-size:12pt\"><span style=\"font-size:12pt\">MATERIAL<br \/>\n  &amp; PFLEGE:<\/span><\/span><\/span>\n<\/p>\n<p>\n  <span style=\"font-family:Calibri\"><span style=\"font-size:12pt\"><span style=\"font-size:12pt\">&#8211;<br \/>\n  100 % Baumwolle<\/span><\/span><\/span>\n<\/p>\n<p>\n  <span style=\"font-family:Calibri\"><span style=\"font-size:12pt\"><span style=\"font-size:12pt\">&#8211;<br \/>\n  Verschluss: Plastik<\/span><\/span><\/span>\n<\/p>\n<p>\n  &nbsp;\n<\/p>\n<p>\n  <span style=\"font-family:Calibri\"><span style=\"font-family:Calibri\">Herstellerangaben:<\/span><\/span>\n<\/p>\n<p>\n  <span style=\"font-family:Calibri\"><span style=\"font-family:Calibri\">Sport Design<br \/>\n  Sweden<br \/> Sickla Industriv\u00e4g 6<br \/> 13154 Nacka Schweden<br \/> info@sportdesignsweden.se<\/span><\/span>\n<\/p>\n<p>\n  &nbsp;<\/p>\n","protected":false},"excerpt":{"rendered":"<p>PRODUKTDETAILS: &#8211; Weinrote Cap &#8211; Gerades Schild &#8211; Hockenheimring Stick in Creme an der Vorderseite &#8211; Streckensilhouette Stick in Creme an der Seite &#8211; Gestickte \u00d6sen in Creme &nbsp; PASSFORM &amp; GR\u00d6\u00dfE: &#8211; one-size &#8211; Gr\u00f6\u00dfenempfehlung: f\u00e4llt normal aus &#8211; Gr\u00f6\u00dfenverstellbarer Plastikverschluss &nbsp; MATERIAL &amp; PFLEGE: &#8211; 100 % Baumwolle &#8211; Verschluss: Plastik &nbsp; Herstellerangaben: [&hellip;]<\/p>\n","protected":false},"featured_media":1030179,"template":"","meta":{"_acf_changed":false},"product_cat":[168,195,212],"product_tag":[],"class_list":{"0":"post-985476","1":"product","2":"type-product","3":"status-publish","4":"has-post-thumbnail","6":"product_cat-cap-en","7":"product_cat-circuit-range-en","8":"product_cat-youth","10":"first","11":"instock","12":"taxable","13":"shipping-taxable","14":"purchasable","15":"product-type-simple"},"acf":[],"_links":{"self":[{"href":"https:\/\/fanshop.hockenheimring.de\/en\/wp-json\/wp\/v2\/product\/985476","targetHints":{"allow":["GET"]}}],"collection":[{"href":"https:\/\/fanshop.hockenheimring.de\/en\/wp-json\/wp\/v2\/product"}],"about":[{"href":"https:\/\/fanshop.hockenheimring.de\/en\/wp-json\/wp\/v2\/types\/product"}],"wp:featuredmedia":[{"embeddable":true,"href":"https:\/\/fanshop.hockenheimring.de\/en\/wp-json\/wp\/v2\/media\/1030179"}],"wp:attachment":[{"href":"https:\/\/fanshop.hockenheimring.de\/en\/wp-json\/wp\/v2\/media?parent=985476"}],"wp:term":[{"taxonomy":"product_cat","embeddable":true,"href":"https:\/\/fanshop.hockenheimring.de\/en\/wp-json\/wp\/v2\/product_cat?post=985476"},{"taxonomy":"product_tag","embeddable":true,"href":"https:\/\/fanshop.hockenheimring.de\/en\/wp-json\/wp\/v2\/product_tag?post=985476"}],"curies":[{"name":"wp","href":"https:\/\/api.w.org\/{rel}","templated":true}]}}