{"id":985520,"date":"2025-11-06T17:52:32","date_gmt":"2025-11-06T16:52:32","guid":{"rendered":"https:\/\/fanshop.hockenheimring.de\/produkt\/cap-hockenheimring-black\/"},"modified":"2026-02-23T09:09:06","modified_gmt":"2026-02-23T08:09:06","slug":"cap-hockenheimring-black","status":"publish","type":"product","link":"https:\/\/fanshop.hockenheimring.de\/en\/produkt\/cap-hockenheimring-black\/","title":{"rendered":"Cap Hockenheimring black"},"content":{"rendered":"<p>PRODUKTDETAILS:<\/p>\n<p>&#8211; Schwarze Cap<\/p>\n<p>&#8211; Gebogenes Schild<\/p>\n<p>&#8211; Hockenheimring Stick an der Vorderseite<\/p>\n<p>&#8211; Streckensilhouette Stick an der Seite<\/p>\n<p>&#8211; Gestickte \u00d6sen<\/p>\n<p>&nbsp;<\/p>\n<p>PASSFORM &amp; GR\u00d6\u00dfE:<\/p>\n<p>&#8211; one-size<\/p>\n<p>&#8211; Gr\u00f6\u00dfenempfehlung: f\u00e4llt normal aus<\/p>\n<p>&#8211; Gr\u00f6\u00dfenverstellbarer Plastikverschluss<\/p>\n<p>&nbsp;<\/p>\n<p>MATERIAL &amp; PFLEGE:<\/p>\n<p>&#8211; 100 % Baumwolle<\/p>\n<p>&#8211; Verschluss: Plastik<\/p>\n<p>&nbsp;<\/p>\n<p>Herstellerangaben:<\/p>\n<p>Sport Design Sweden<br \/>\nSickla Industriv\u00e4g 6<br \/>\n13154 Nacka Schweden<br \/>\ninfo@sportdesignsweden.se<\/p>\n<p>&nbsp;<\/p>\n","protected":false},"excerpt":{"rendered":"<p>PRODUKTDETAILS: &#8211; Schwarze Cap &#8211; Gebogenes Schild &#8211; Hockenheimring Stick an der Vorderseite &#8211; Streckensilhouette Stick an der Seite &#8211; Gestickte \u00d6sen &nbsp; PASSFORM &amp; GR\u00d6\u00dfE: &#8211; one-size &#8211; Gr\u00f6\u00dfenempfehlung: f\u00e4llt normal aus &#8211; Gr\u00f6\u00dfenverstellbarer Plastikverschluss &nbsp; MATERIAL &amp; PFLEGE: &#8211; 100 % Baumwolle &#8211; Verschluss: Plastik &nbsp; Herstellerangaben: Sport Design Sweden Sickla Industriv\u00e4g 6 [&hellip;]<\/p>\n","protected":false},"featured_media":985514,"template":"","meta":{"_acf_changed":false},"product_cat":[255,168,200,218],"product_tag":[],"class_list":{"0":"post-985520","1":"product","2":"type-product","3":"status-publish","4":"has-post-thumbnail","6":"product_cat-unisex-2-en","7":"product_cat-cap-en","8":"product_cat-motorsport-range-en","9":"product_cat-unisex-en","11":"first","12":"instock","13":"taxable","14":"shipping-taxable","15":"purchasable","16":"product-type-simple"},"acf":[],"_links":{"self":[{"href":"https:\/\/fanshop.hockenheimring.de\/en\/wp-json\/wp\/v2\/product\/985520","targetHints":{"allow":["GET"]}}],"collection":[{"href":"https:\/\/fanshop.hockenheimring.de\/en\/wp-json\/wp\/v2\/product"}],"about":[{"href":"https:\/\/fanshop.hockenheimring.de\/en\/wp-json\/wp\/v2\/types\/product"}],"wp:featuredmedia":[{"embeddable":true,"href":"https:\/\/fanshop.hockenheimring.de\/en\/wp-json\/wp\/v2\/media\/985514"}],"wp:attachment":[{"href":"https:\/\/fanshop.hockenheimring.de\/en\/wp-json\/wp\/v2\/media?parent=985520"}],"wp:term":[{"taxonomy":"product_cat","embeddable":true,"href":"https:\/\/fanshop.hockenheimring.de\/en\/wp-json\/wp\/v2\/product_cat?post=985520"},{"taxonomy":"product_tag","embeddable":true,"href":"https:\/\/fanshop.hockenheimring.de\/en\/wp-json\/wp\/v2\/product_tag?post=985520"}],"curies":[{"name":"wp","href":"https:\/\/api.w.org\/{rel}","templated":true}]}}