{"id":985822,"date":"2025-11-07T08:55:13","date_gmt":"2025-11-07T07:55:13","guid":{"rendered":"https:\/\/fanshop.hockenheimring.de\/?post_type=product&#038;p=985822"},"modified":"2026-04-13T15:32:21","modified_gmt":"2026-04-13T13:32:21","slug":"sweatjacke-college-1932-kids","status":"publish","type":"product","link":"https:\/\/fanshop.hockenheimring.de\/en\/produkt\/sweatjacke-college-1932-kids\/","title":{"rendered":"Sweatjacke College 1932 Kids"},"content":{"rendered":"<p>PRODUKTDETAILS:<\/p>\n<p>&#8211; Gro\u00dfer Stick &#8220;Hockenheim-Ring&#8221; auf der Brust \u00fcber den Reisverschluss<\/p>\n<p>&#8211; Stick der Streckensilhouette auf dem \u00c4rmel<\/p>\n<p>&nbsp;<\/p>\n<p>PASSFORM &amp; GR\u00d6\u00dfE:<\/p>\n<p>&#8211; Gr\u00f6\u00dfenempfehlung: f\u00e4llt normal aus<\/p>\n<p>&nbsp;<\/p>\n<p>MATERIAL &amp; PFLEGE:<\/p>\n<p>&#8211; 60 % Baumwolle, 40 % Polyester<\/p>\n<p>&nbsp;<\/p>\n<p>Herstellerangaben:<\/p>\n<p>Sport Design Sweden<\/p>\n<p>Sickla Industriv\u00e4g 6<\/p>\n<p>13154 Nacka Schweden<\/p>\n<p>info@sportdesignsweden.se<\/p>\n<p>&nbsp;<\/p>\n<p>&nbsp;<\/p>\n","protected":false},"excerpt":{"rendered":"<p>PRODUKTDETAILS: &#8211; Gro\u00dfer Stick &#8220;Hockenheim-Ring&#8221; auf der Brust \u00fcber den Reisverschluss &#8211; Stick der Streckensilhouette auf dem \u00c4rmel &nbsp; PASSFORM &amp; GR\u00d6\u00dfE: &#8211; Gr\u00f6\u00dfenempfehlung: f\u00e4llt normal aus &nbsp; MATERIAL &amp; PFLEGE: &#8211; 60 % Baumwolle, 40 % Polyester &nbsp; Herstellerangaben: Sport Design Sweden Sickla Industriv\u00e4g 6 13154 Nacka Schweden info@sportdesignsweden.se &nbsp; &nbsp;<\/p>\n","protected":false},"featured_media":985831,"template":"","meta":{"_acf_changed":false},"product_cat":[273,257,212],"product_tag":[],"class_list":{"0":"post-985822","1":"product","2":"type-product","3":"status-publish","4":"has-post-thumbnail","6":"product_cat-college-range-en","7":"product_cat-angebote-en","8":"product_cat-youth","10":"first","11":"instock","12":"sale","13":"taxable","14":"shipping-taxable","15":"purchasable","16":"product-type-variable"},"acf":[],"_links":{"self":[{"href":"https:\/\/fanshop.hockenheimring.de\/en\/wp-json\/wp\/v2\/product\/985822","targetHints":{"allow":["GET"]}}],"collection":[{"href":"https:\/\/fanshop.hockenheimring.de\/en\/wp-json\/wp\/v2\/product"}],"about":[{"href":"https:\/\/fanshop.hockenheimring.de\/en\/wp-json\/wp\/v2\/types\/product"}],"wp:featuredmedia":[{"embeddable":true,"href":"https:\/\/fanshop.hockenheimring.de\/en\/wp-json\/wp\/v2\/media\/985831"}],"wp:attachment":[{"href":"https:\/\/fanshop.hockenheimring.de\/en\/wp-json\/wp\/v2\/media?parent=985822"}],"wp:term":[{"taxonomy":"product_cat","embeddable":true,"href":"https:\/\/fanshop.hockenheimring.de\/en\/wp-json\/wp\/v2\/product_cat?post=985822"},{"taxonomy":"product_tag","embeddable":true,"href":"https:\/\/fanshop.hockenheimring.de\/en\/wp-json\/wp\/v2\/product_tag?post=985822"}],"curies":[{"name":"wp","href":"https:\/\/api.w.org\/{rel}","templated":true}]}}