{"id":987754,"date":"2025-11-10T15:28:24","date_gmt":"2025-11-10T14:28:24","guid":{"rendered":"https:\/\/fanshop.hockenheimring.de\/produkt\/t-shirt-circuit-contour-olive\/"},"modified":"2026-05-10T09:34:04","modified_gmt":"2026-05-10T07:34:04","slug":"t-shirt-circuit-contour-olive","status":"publish","type":"product","link":"https:\/\/fanshop.hockenheimring.de\/en\/produkt\/t-shirt-circuit-contour-olive\/","title":{"rendered":"T-Shirt Circuit Contour olive"},"content":{"rendered":"<p>PRODUKTDETAILS:<\/p>\n<p>&#8211; Gr\u00fcn<\/p>\n<p>&#8211; Streckensilhouette in der Mitte mit weiteren Linien au\u00dfenrum<\/p>\n<p>&#8211; Streckensilhouette im Nacken<\/p>\n<p>&nbsp;<\/p>\n<p>PASSFORM &amp; GR\u00d6\u00dfE:<\/p>\n<p>&#8211; Gr\u00f6\u00dfenempfehlung: f\u00e4llt normal aus<\/p>\n<p>&nbsp;<\/p>\n<p>MATERIAL &amp; PFLEGE:<\/p>\n<p>&#8211; 100 % Baumwolle<\/p>\n<p>&nbsp;<\/p>\n<p>Herstellerangaben:<\/p>\n<p><span lang=\"EN-US\">egocentric<br \/>\nMerchandising GmbH<br \/>\nHerweghstra\u00dfe 4<br \/>\n01157 Dresden<br \/>\n<\/span><a href=\"mailto:info@egocentric.de\"><span lang=\"EN-US\">info@egocentric.de<\/span><\/a><\/p>\n<p>&nbsp;<\/p>\n","protected":false},"excerpt":{"rendered":"<p>PRODUKTDETAILS: &#8211; Gr\u00fcn &#8211; Streckensilhouette in der Mitte mit weiteren Linien au\u00dfenrum &#8211; Streckensilhouette im Nacken &nbsp; PASSFORM &amp; GR\u00d6\u00dfE: &#8211; Gr\u00f6\u00dfenempfehlung: f\u00e4llt normal aus &nbsp; MATERIAL &amp; PFLEGE: &#8211; 100 % Baumwolle &nbsp; Herstellerangaben: egocentric Merchandising GmbH Herweghstra\u00dfe 4 01157 Dresden info@egocentric.de &nbsp;<\/p>\n","protected":false},"featured_media":987763,"template":"","meta":{"_acf_changed":false},"product_cat":[255,195,216,218],"product_tag":[],"class_list":{"0":"post-987754","1":"product","2":"type-product","3":"status-publish","4":"has-post-thumbnail","6":"product_cat-unisex-2-en","7":"product_cat-circuit-range-en","8":"product_cat-t-shirt-en","9":"product_cat-unisex-en","11":"first","12":"instock","13":"taxable","14":"shipping-taxable","15":"purchasable","16":"product-type-variable"},"acf":[],"_links":{"self":[{"href":"https:\/\/fanshop.hockenheimring.de\/en\/wp-json\/wp\/v2\/product\/987754","targetHints":{"allow":["GET"]}}],"collection":[{"href":"https:\/\/fanshop.hockenheimring.de\/en\/wp-json\/wp\/v2\/product"}],"about":[{"href":"https:\/\/fanshop.hockenheimring.de\/en\/wp-json\/wp\/v2\/types\/product"}],"wp:featuredmedia":[{"embeddable":true,"href":"https:\/\/fanshop.hockenheimring.de\/en\/wp-json\/wp\/v2\/media\/987763"}],"wp:attachment":[{"href":"https:\/\/fanshop.hockenheimring.de\/en\/wp-json\/wp\/v2\/media?parent=987754"}],"wp:term":[{"taxonomy":"product_cat","embeddable":true,"href":"https:\/\/fanshop.hockenheimring.de\/en\/wp-json\/wp\/v2\/product_cat?post=987754"},{"taxonomy":"product_tag","embeddable":true,"href":"https:\/\/fanshop.hockenheimring.de\/en\/wp-json\/wp\/v2\/product_tag?post=987754"}],"curies":[{"name":"wp","href":"https:\/\/api.w.org\/{rel}","templated":true}]}}