{"id":989528,"date":"2025-11-14T09:03:57","date_gmt":"2025-11-14T08:03:57","guid":{"rendered":"https:\/\/fanshop.hockenheimring.de\/?post_type=product&#038;p=989528"},"modified":"2026-02-26T10:42:39","modified_gmt":"2026-02-26T09:42:39","slug":"cap-college-1932","status":"publish","type":"product","link":"https:\/\/fanshop.hockenheimring.de\/en\/produkt\/cap-college-1932\/","title":{"rendered":"Cap College 1932"},"content":{"rendered":"<p><span style=\"font-family: Calibri;\">PRODUKTDETAILS:<\/span><\/p>\n<p><span style=\"font-family: Calibri;\">&#8211; Dunkelblaue Cap<\/span><\/p>\n<p><span style=\"font-family: Calibri;\">&#8211; Gebogenes Schild<\/span><\/p>\n<p><span style=\"font-family: Calibri;\">&#8211; Hockenheim-Ring Stick auf der Front<\/span><\/p>\n<p><span style=\"font-family: Calibri;\">&#8211; Streckensilhouette Stick an der linken Seite<\/span><\/p>\n<p><span style=\"font-family: Calibri;\">&#8211; Gestickte \u00d6sen in wei\u00df<\/span><\/p>\n<p>&nbsp;<\/p>\n<p><span style=\"font-family: Calibri;\">PASSFORM &amp; GR\u00d6\u00dfE:<\/span><\/p>\n<p><span style=\"font-family: Calibri;\">&#8211; one-size<\/span><\/p>\n<p><span style=\"font-family: Calibri;\">&#8211; Gr\u00f6\u00dfenempfehlung: f\u00e4llt normal aus<\/span><\/p>\n<p><span style=\"font-family: Calibri;\">&#8211; Gr\u00f6\u00dfenverstellbarer Plastikverschluss<\/span><\/p>\n<p>&nbsp;<\/p>\n<p><span style=\"font-family: Calibri;\">MATERIAL &amp; PFLEGE:<\/span><\/p>\n<p><span style=\"font-family: Calibri;\">&#8211; 100 % Baumwolle<\/span><\/p>\n<p><span style=\"font-family: Calibri;\">&#8211; Verschluss: Plastik<\/span><\/p>\n<p>&nbsp;<\/p>\n<p><span style=\"font-size: 12pt;\"><span style=\"font-family: Calibri;\">Herstellerangaben:<\/span><\/span><\/p>\n<p><span style=\"font-size: 12pt;\"><span style=\"font-family: Calibri;\">Sport Design Sweden<br \/>\nSickla Industriv\u00e4g 6<br \/>\n13154 Nacka Schweden<br \/>\ninfo@sportdesignsweden.se<\/span><\/span><\/p>\n<p>&nbsp;<\/p>\n<p>&nbsp;<\/p>\n","protected":false},"excerpt":{"rendered":"<p>PRODUKTDETAILS: &#8211; Dunkelblaue Cap &#8211; Gebogenes Schild &#8211; Hockenheim-Ring Stick auf der Front &#8211; Streckensilhouette Stick an der linken Seite &#8211; Gestickte \u00d6sen in wei\u00df &nbsp; PASSFORM &amp; GR\u00d6\u00dfE: &#8211; one-size &#8211; Gr\u00f6\u00dfenempfehlung: f\u00e4llt normal aus &#8211; Gr\u00f6\u00dfenverstellbarer Plastikverschluss &nbsp; MATERIAL &amp; PFLEGE: &#8211; 100 % Baumwolle &#8211; Verschluss: Plastik &nbsp; Herstellerangaben: Sport Design Sweden [&hellip;]<\/p>\n","protected":false},"featured_media":992108,"template":"","meta":{"_acf_changed":false},"product_cat":[255,168,218],"product_tag":[],"class_list":{"0":"post-989528","1":"product","2":"type-product","3":"status-publish","4":"has-post-thumbnail","6":"product_cat-unisex-2-en","7":"product_cat-cap-en","8":"product_cat-unisex-en","10":"first","11":"instock","12":"taxable","13":"shipping-taxable","14":"purchasable","15":"product-type-simple"},"acf":[],"_links":{"self":[{"href":"https:\/\/fanshop.hockenheimring.de\/en\/wp-json\/wp\/v2\/product\/989528","targetHints":{"allow":["GET"]}}],"collection":[{"href":"https:\/\/fanshop.hockenheimring.de\/en\/wp-json\/wp\/v2\/product"}],"about":[{"href":"https:\/\/fanshop.hockenheimring.de\/en\/wp-json\/wp\/v2\/types\/product"}],"wp:featuredmedia":[{"embeddable":true,"href":"https:\/\/fanshop.hockenheimring.de\/en\/wp-json\/wp\/v2\/media\/992108"}],"wp:attachment":[{"href":"https:\/\/fanshop.hockenheimring.de\/en\/wp-json\/wp\/v2\/media?parent=989528"}],"wp:term":[{"taxonomy":"product_cat","embeddable":true,"href":"https:\/\/fanshop.hockenheimring.de\/en\/wp-json\/wp\/v2\/product_cat?post=989528"},{"taxonomy":"product_tag","embeddable":true,"href":"https:\/\/fanshop.hockenheimring.de\/en\/wp-json\/wp\/v2\/product_tag?post=989528"}],"curies":[{"name":"wp","href":"https:\/\/api.w.org\/{rel}","templated":true}]}}