{"id":989592,"date":"2025-11-14T09:06:04","date_gmt":"2025-11-14T08:06:04","guid":{"rendered":"https:\/\/fanshop.hockenheimring.de\/produkt\/cap-legends\/"},"modified":"2026-03-01T11:28:06","modified_gmt":"2026-03-01T10:28:06","slug":"cap-legends","status":"publish","type":"product","link":"https:\/\/fanshop.hockenheimring.de\/en\/produkt\/cap-legends\/","title":{"rendered":"Cap Legends"},"content":{"rendered":"<p>\n  <span style=\"font-family:Calibri\">PRODUKTDETAILS:<\/span>\n<\/p>\n<p>\n  <span style=\"font-family:Calibri\">&#8211; Beige Cap <\/span>\n<\/p>\n<p>\n  <span style=\"font-family:Calibri\">&#8211; Gebogenes Schild in blau mit roter Schildkante<\/span>\n<\/p>\n<p>\n  <span style=\"font-family:Calibri\">&#8211; Hockenheim Legends Stick auf der Front<\/span>\n<\/p>\n<p>\n  <span style=\"font-family:Calibri\">&#8211; alte und neue Strecke Stick an der rechten Seite<\/span>\n<\/p>\n<p>\n  <span style=\"font-family:Calibri\">&#8211; Racing Stick an der linken Seite<\/span>\n<\/p>\n<p>\n  <span style=\"font-family:Calibri\">&#8211; Gestickte \u00d6sen in blau<\/span>\n<\/p>\n<p>\n  &nbsp;\n<\/p>\n<p>\n  <span style=\"font-family:Calibri\">PASSFORM &amp; GR\u00d6\u00dfE:<\/span>\n<\/p>\n<p>\n  <span style=\"font-family:Calibri\">&#8211; one-size<\/span>\n<\/p>\n<p>\n  <span style=\"font-family:Calibri\">&#8211; Gr\u00f6\u00dfenempfehlung: f\u00e4llt normal aus<\/span>\n<\/p>\n<p>\n  <span style=\"font-family:Calibri\">&#8211; Gr\u00f6\u00dfenverstellbarer Metallverschluss<\/span>\n<\/p>\n<p>\n  &nbsp;\n<\/p>\n<p>\n  <span style=\"font-family:Calibri\">MATERIAL &amp; PFLEGE:<\/span>\n<\/p>\n<p>\n  <span style=\"font-family:Calibri\">&#8211; 100 % Baumwolle<\/span>\n<\/p>\n<p>\n  <span style=\"font-family:Calibri\">&#8211; Verschluss: Metall<\/span>\n<\/p>\n<p>\n  &nbsp;\n<\/p>\n<p>\n  <span style=\"font-family:Calibri\">Herstellerangaben:<\/span>\n<\/p>\n<p>\n  <span style=\"font-family:Calibri\">Sportswear Connection GmbH<\/span>\n<\/p>\n<p>\n  <span style=\"font-family:Calibri\">Pestalozzistr. 50<\/span>\n<\/p>\n<p>\n  <span style=\"font-family:Calibri\">80469 M\u00fcnchen<\/span>\n<\/p>\n<p>\n  <span style=\"font-family:Calibri\">mail@scgmbh.com<\/span>\n<\/p>\n<p>\n  &nbsp;\n<\/p>\n<p>\n  &nbsp;<\/p>\n","protected":false},"excerpt":{"rendered":"<p>PRODUKTDETAILS: &#8211; Beige Cap &#8211; Gebogenes Schild in blau mit roter Schildkante &#8211; Hockenheim Legends Stick auf der Front &#8211; alte und neue Strecke Stick an der rechten Seite &#8211; Racing Stick an der linken Seite &#8211; Gestickte \u00d6sen in blau &nbsp; PASSFORM &amp; GR\u00d6\u00dfE: &#8211; one-size &#8211; Gr\u00f6\u00dfenempfehlung: f\u00e4llt normal aus &#8211; Gr\u00f6\u00dfenverstellbarer Metallverschluss [&hellip;]<\/p>\n","protected":false},"featured_media":989600,"template":"","meta":{"_acf_changed":false},"product_cat":[255,168,198,218],"product_tag":[],"class_list":{"0":"post-989592","1":"product","2":"type-product","3":"status-publish","4":"has-post-thumbnail","6":"product_cat-unisex-2-en","7":"product_cat-cap-en","8":"product_cat-historic-range-en","9":"product_cat-unisex-en","11":"first","12":"instock","13":"taxable","14":"shipping-taxable","15":"purchasable","16":"product-type-simple"},"acf":[],"_links":{"self":[{"href":"https:\/\/fanshop.hockenheimring.de\/en\/wp-json\/wp\/v2\/product\/989592","targetHints":{"allow":["GET"]}}],"collection":[{"href":"https:\/\/fanshop.hockenheimring.de\/en\/wp-json\/wp\/v2\/product"}],"about":[{"href":"https:\/\/fanshop.hockenheimring.de\/en\/wp-json\/wp\/v2\/types\/product"}],"wp:featuredmedia":[{"embeddable":true,"href":"https:\/\/fanshop.hockenheimring.de\/en\/wp-json\/wp\/v2\/media\/989600"}],"wp:attachment":[{"href":"https:\/\/fanshop.hockenheimring.de\/en\/wp-json\/wp\/v2\/media?parent=989592"}],"wp:term":[{"taxonomy":"product_cat","embeddable":true,"href":"https:\/\/fanshop.hockenheimring.de\/en\/wp-json\/wp\/v2\/product_cat?post=989592"},{"taxonomy":"product_tag","embeddable":true,"href":"https:\/\/fanshop.hockenheimring.de\/en\/wp-json\/wp\/v2\/product_tag?post=989592"}],"curies":[{"name":"wp","href":"https:\/\/api.w.org\/{rel}","templated":true}]}}