{"id":991770,"date":"2025-11-16T12:08:07","date_gmt":"2025-11-16T11:08:07","guid":{"rendered":"https:\/\/fanshop.hockenheimring.de\/produkt\/lanyard-legends\/"},"modified":"2026-04-15T14:02:11","modified_gmt":"2026-04-15T12:02:11","slug":"lanyard-legends","status":"publish","type":"product","link":"https:\/\/fanshop.hockenheimring.de\/en\/produkt\/lanyard-legends\/","title":{"rendered":"Lanyard Legends"},"content":{"rendered":"<p>\n  PRODUKTDETAILS:\n<\/p>\n<p>\n  &#8211; Beige und blaue Vorderseite\n<\/p>\n<p>\n  &#8211; Verschiedene Elemente\n<\/p>\n<p>\n  &#8211; Rote R\u00fcckseite\n<\/p>\n<p>\n  &#8211; Der Schl\u00fcsselring hat eine Hockenheimring Lasergravur\n<\/p>\n<p>\n  &nbsp;\n<\/p>\n<p>\n  PASSFORM &amp; GR\u00d6\u00dfE:\n<\/p>\n<p>\n  &#8211; L\u00e4nge (gesamt): ca 45 cm\n<\/p>\n<p>\n  &nbsp;\n<\/p>\n<p>\n  MATERIAL &amp; PFLEGE:\n<\/p>\n<p>\n  &#8211; 100 % Polyester\n<\/p>\n<p>\n  &nbsp;\n<\/p>\n<p>\n  Herstellerangaben:\n<\/p>\n<p>\n  Sportswear Connection GmbH\n<\/p>\n<p>\n  Pestalozzistr. 50\n<\/p>\n<p>\n  80469 M\u00fcnchen\n<\/p>\n<p>\n  mail@scgmbh.com<\/p>\n","protected":false},"excerpt":{"rendered":"<p>PRODUKTDETAILS: &#8211; Beige und blaue Vorderseite &#8211; Verschiedene Elemente &#8211; Rote R\u00fcckseite &#8211; Der Schl\u00fcsselring hat eine Hockenheimring Lasergravur &nbsp; PASSFORM &amp; GR\u00d6\u00dfE: &#8211; L\u00e4nge (gesamt): ca 45 cm &nbsp; MATERIAL &amp; PFLEGE: &#8211; 100 % Polyester &nbsp; Herstellerangaben: Sportswear Connection GmbH Pestalozzistr. 50 80469 M\u00fcnchen mail@scgmbh.com<\/p>\n","protected":false},"featured_media":991827,"template":"","meta":{"_acf_changed":false},"product_cat":[173,198],"product_tag":[],"class_list":{"0":"post-991770","1":"product","2":"type-product","3":"status-publish","4":"has-post-thumbnail","6":"product_cat-lanyards-en","7":"product_cat-historic-range-en","9":"first","10":"instock","11":"taxable","12":"shipping-taxable","13":"purchasable","14":"product-type-simple"},"acf":[],"_links":{"self":[{"href":"https:\/\/fanshop.hockenheimring.de\/en\/wp-json\/wp\/v2\/product\/991770","targetHints":{"allow":["GET"]}}],"collection":[{"href":"https:\/\/fanshop.hockenheimring.de\/en\/wp-json\/wp\/v2\/product"}],"about":[{"href":"https:\/\/fanshop.hockenheimring.de\/en\/wp-json\/wp\/v2\/types\/product"}],"wp:featuredmedia":[{"embeddable":true,"href":"https:\/\/fanshop.hockenheimring.de\/en\/wp-json\/wp\/v2\/media\/991827"}],"wp:attachment":[{"href":"https:\/\/fanshop.hockenheimring.de\/en\/wp-json\/wp\/v2\/media?parent=991770"}],"wp:term":[{"taxonomy":"product_cat","embeddable":true,"href":"https:\/\/fanshop.hockenheimring.de\/en\/wp-json\/wp\/v2\/product_cat?post=991770"},{"taxonomy":"product_tag","embeddable":true,"href":"https:\/\/fanshop.hockenheimring.de\/en\/wp-json\/wp\/v2\/product_tag?post=991770"}],"curies":[{"name":"wp","href":"https:\/\/api.w.org\/{rel}","templated":true}]}}