{"id":992387,"date":"2025-11-17T11:48:05","date_gmt":"2025-11-17T10:48:05","guid":{"rendered":"https:\/\/fanshop.hockenheimring.de\/produkt\/lady-hoodie-circuit-sand\/"},"modified":"2026-03-13T21:49:17","modified_gmt":"2026-03-13T20:49:17","slug":"lady-hoodie-circuit-sand","status":"publish","type":"product","link":"https:\/\/fanshop.hockenheimring.de\/en\/produkt\/lady-hoodie-circuit-sand\/","title":{"rendered":"Lady-Hoodie Circuit sand"},"content":{"rendered":"<p>\n  &#8211; NUR ONLINE &#8211;\n<\/p>\n<p>\n  &nbsp;\n<\/p>\n<p>\n  PRODUKTDETAILS:\n<\/p>\n<p>\n  &#8211; Beige\n<\/p>\n<p>\n  &#8211; Anthraziter Hockenheimring-Schriftzug auf der Brust\n<\/p>\n<p>\n  &#8211; Gro\u00dffl\u00e4chiger anthraziter Hockenheimring-Schriftzug auf dem R\u00fccken\n<\/p>\n<p>\n  &nbsp;\n<\/p>\n<p>\n  PASSFORM &amp; GR\u00d6\u00dfE:\n<\/p>\n<p>\n  &#8211; Schnitt: Oversized\n<\/p>\n<p>\n  &#8211; Gr\u00f6\u00dfenempfehlung: f\u00e4llt gr\u00f6\u00dfer aus\n<\/p>\n<p>\n  &nbsp;\n<\/p>\n<p>\n  MATERIAL &amp; PFLEGE:\n<\/p>\n<p>\n  &#8211; 60 % Baumwolle, 40 % Polyester\n<\/p>\n<p>\n  &nbsp;\n<\/p>\n<p>\n  <span style=\"font-size:12pt\"><span style=\"font-family:Calibri\">Herstellerangaben:<\/span><\/span>\n<\/p>\n<p>\n  <span style=\"font-size:12pt\"><span style=\"font-family:Calibri\">Sport Design Sweden<br \/>\n  Sickla Industriv\u00e4g 6<br \/> 13154 Nacka Schweden<br \/> info@sportdesignsweden.se<\/span><\/span>\n<\/p>\n<p>\n  &nbsp;<\/p>\n","protected":false},"excerpt":{"rendered":"<p>&#8211; NUR ONLINE &#8211; &nbsp; PRODUKTDETAILS: &#8211; Beige &#8211; Anthraziter Hockenheimring-Schriftzug auf der Brust &#8211; Gro\u00dffl\u00e4chiger anthraziter Hockenheimring-Schriftzug auf dem R\u00fccken &nbsp; PASSFORM &amp; GR\u00d6\u00dfE: &#8211; Schnitt: Oversized &#8211; Gr\u00f6\u00dfenempfehlung: f\u00e4llt gr\u00f6\u00dfer aus &nbsp; MATERIAL &amp; PFLEGE: &#8211; 60 % Baumwolle, 40 % Polyester &nbsp; Herstellerangaben: Sport Design Sweden Sickla Industriv\u00e4g 6 13154 Nacka Schweden [&hellip;]<\/p>\n","protected":false},"featured_media":992401,"template":"","meta":{"_acf_changed":false},"product_cat":[199,207,210],"product_tag":[],"class_list":{"0":"post-992387","1":"product","2":"type-product","3":"status-publish","4":"has-post-thumbnail","6":"product_cat-lady-racing-range-en","7":"product_cat-ladies","8":"product_cat-hoodie-en","10":"first","11":"instock","12":"taxable","13":"shipping-taxable","14":"purchasable","15":"product-type-variable"},"acf":[],"_links":{"self":[{"href":"https:\/\/fanshop.hockenheimring.de\/en\/wp-json\/wp\/v2\/product\/992387","targetHints":{"allow":["GET"]}}],"collection":[{"href":"https:\/\/fanshop.hockenheimring.de\/en\/wp-json\/wp\/v2\/product"}],"about":[{"href":"https:\/\/fanshop.hockenheimring.de\/en\/wp-json\/wp\/v2\/types\/product"}],"wp:featuredmedia":[{"embeddable":true,"href":"https:\/\/fanshop.hockenheimring.de\/en\/wp-json\/wp\/v2\/media\/992401"}],"wp:attachment":[{"href":"https:\/\/fanshop.hockenheimring.de\/en\/wp-json\/wp\/v2\/media?parent=992387"}],"wp:term":[{"taxonomy":"product_cat","embeddable":true,"href":"https:\/\/fanshop.hockenheimring.de\/en\/wp-json\/wp\/v2\/product_cat?post=992387"},{"taxonomy":"product_tag","embeddable":true,"href":"https:\/\/fanshop.hockenheimring.de\/en\/wp-json\/wp\/v2\/product_tag?post=992387"}],"curies":[{"name":"wp","href":"https:\/\/api.w.org\/{rel}","templated":true}]}}