{"id":992437,"date":"2025-11-17T12:12:16","date_gmt":"2025-11-17T11:12:16","guid":{"rendered":"https:\/\/fanshop.hockenheimring.de\/produkt\/lady-hose-circuit\/"},"modified":"2026-01-23T14:37:02","modified_gmt":"2026-01-23T13:37:02","slug":"lady-hose-circuit","status":"publish","type":"product","link":"https:\/\/fanshop.hockenheimring.de\/en\/produkt\/lady-hose-circuit\/","title":{"rendered":"Lady-Hose Circuit"},"content":{"rendered":"<p>&#8211; NUR ONLINE &#8211;<\/p>\n<p>&nbsp;<\/p>\n<p>PRODUKTDETAILS:<\/p>\n<p>&#8211; Olivegr\u00fcn<\/p>\n<p>&#8211; beiger Hockenheimring-Schriftzug auf dem linken Hosenbein<\/p>\n<p>&#8211; elastischer Bund mit beiger Kordel, sowie \u00d6sen aus Metall und Kordelenden aus Plastik<\/p>\n<p>&nbsp;<\/p>\n<p>PASSFORM &amp; GR\u00d6\u00dfE:<\/p>\n<p>&#8211; Schnitt: Standard<\/p>\n<p>&#8211; Gr\u00f6\u00dfenempfehlung: f\u00e4llt normal aus<\/p>\n<p>&#8211; lange Hosenbeine, elastischer Bund mit Tunnelzug, seitliche Eingriffstaschen<\/p>\n<p>&nbsp;<\/p>\n<p>MATERIAL &amp; PFLEGE:<\/p>\n<p>&#8211; 60 % Baumwolle, 40 % Polyester<\/p>\n<p>&nbsp;<\/p>\n<p>Herstellerangaben:<\/p>\n<p>Sport Design Sweden<\/p>\n<p>Sickla Industriv\u00e4g 6<\/p>\n<p>13154 Nacka Schweden<\/p>\n<p>info@sportdesignsweden.se<\/p>\n<p>&nbsp;<\/p>\n<p>&nbsp;<\/p>\n","protected":false},"excerpt":{"rendered":"<p>&#8211; NUR ONLINE &#8211; &nbsp; PRODUKTDETAILS: &#8211; Olivegr\u00fcn &#8211; beiger Hockenheimring-Schriftzug auf dem linken Hosenbein &#8211; elastischer Bund mit beiger Kordel, sowie \u00d6sen aus Metall und Kordelenden aus Plastik &nbsp; PASSFORM &amp; GR\u00d6\u00dfE: &#8211; Schnitt: Standard &#8211; Gr\u00f6\u00dfenempfehlung: f\u00e4llt normal aus &#8211; lange Hosenbeine, elastischer Bund mit Tunnelzug, seitliche Eingriffstaschen &nbsp; MATERIAL &amp; PFLEGE: &#8211; [&hellip;]<\/p>\n","protected":false},"featured_media":992446,"template":"","meta":{"_acf_changed":false},"product_cat":[309,199,207],"product_tag":[],"class_list":{"0":"post-992437","1":"product","2":"type-product","3":"status-publish","4":"has-post-thumbnail","6":"product_cat-hosen-en","7":"product_cat-lady-racing-range-en","8":"product_cat-ladies","10":"first","11":"instock","12":"taxable","13":"shipping-taxable","14":"purchasable","15":"product-type-variable"},"acf":[],"_links":{"self":[{"href":"https:\/\/fanshop.hockenheimring.de\/en\/wp-json\/wp\/v2\/product\/992437","targetHints":{"allow":["GET"]}}],"collection":[{"href":"https:\/\/fanshop.hockenheimring.de\/en\/wp-json\/wp\/v2\/product"}],"about":[{"href":"https:\/\/fanshop.hockenheimring.de\/en\/wp-json\/wp\/v2\/types\/product"}],"wp:featuredmedia":[{"embeddable":true,"href":"https:\/\/fanshop.hockenheimring.de\/en\/wp-json\/wp\/v2\/media\/992446"}],"wp:attachment":[{"href":"https:\/\/fanshop.hockenheimring.de\/en\/wp-json\/wp\/v2\/media?parent=992437"}],"wp:term":[{"taxonomy":"product_cat","embeddable":true,"href":"https:\/\/fanshop.hockenheimring.de\/en\/wp-json\/wp\/v2\/product_cat?post=992437"},{"taxonomy":"product_tag","embeddable":true,"href":"https:\/\/fanshop.hockenheimring.de\/en\/wp-json\/wp\/v2\/product_tag?post=992437"}],"curies":[{"name":"wp","href":"https:\/\/api.w.org\/{rel}","templated":true}]}}